{"id":1448,"date":"2023-06-22T01:27:14","date_gmt":"2023-06-21T23:27:14","guid":{"rendered":"https:\/\/new.trackhead.bike\/?page_id=1448"},"modified":"2024-06-05T08:34:57","modified_gmt":"2024-06-05T06:34:57","slug":"casto-kladene-otazky","status":"publish","type":"page","link":"https:\/\/trackhead.bike\/sk\/casto-kladene-otazky\/","title":{"rendered":"FAQ ot\u00e1zky"},"content":{"rendered":"\t\t<div data-elementor-type=\"wp-page\" data-elementor-id=\"1448\" class=\"elementor elementor-1448 elementor-983\" data-elementor-post-type=\"page\">\n\t\t\t\t<div class=\"elementor-element elementor-element-16b90f4c e-flex e-con-boxed wpr-particle-no wpr-jarallax-no wpr-parallax-no wpr-sticky-section-no e-con e-parent\" data-id=\"16b90f4c\" data-element_type=\"container\" data-settings=\"{&quot;background_background&quot;:&quot;slideshow&quot;,&quot;background_slideshow_gallery&quot;:[{&quot;id&quot;:89,&quot;url&quot;:&quot;https:\\\/\\\/trackhead.bike\\\/wp-content\\\/uploads\\\/sites\\\/2\\\/2023\\\/06\\\/vlcsnap-2021-08-25-00h58m09s189-scaled.jpg&quot;},{&quot;id&quot;:96,&quot;url&quot;:&quot;https:\\\/\\\/trackhead.bike\\\/wp-content\\\/uploads\\\/sites\\\/2\\\/2023\\\/06\\\/IMG_20220617_161016.jpg&quot;}],&quot;background_slideshow_ken_burns&quot;:&quot;yes&quot;,&quot;_ob_use_container_extras&quot;:&quot;no&quot;,&quot;background_slideshow_loop&quot;:&quot;yes&quot;,&quot;background_slideshow_slide_duration&quot;:5000,&quot;background_slideshow_slide_transition&quot;:&quot;fade&quot;,&quot;background_slideshow_transition_duration&quot;:500,&quot;background_slideshow_ken_burns_zoom_direction&quot;:&quot;in&quot;,&quot;_ob_column_hoveranimator&quot;:&quot;no&quot;,&quot;_ob_glider_is_slider&quot;:&quot;no&quot;,&quot;_ob_column_has_pseudo&quot;:&quot;no&quot;}\">\n\t\t\t\t\t<div class=\"e-con-inner\">\n\t\t\t\t\t<\/div>\n\t\t\t\t<\/div>\n\t\t<div class=\"elementor-element elementor-element-6f71c23a e-flex e-con-boxed wpr-particle-no wpr-jarallax-no wpr-parallax-no wpr-sticky-section-no e-con e-parent\" data-id=\"6f71c23a\" data-element_type=\"container\" data-settings=\"{&quot;_ob_use_container_extras&quot;:&quot;no&quot;,&quot;_ob_column_hoveranimator&quot;:&quot;no&quot;,&quot;_ob_glider_is_slider&quot;:&quot;no&quot;,&quot;_ob_column_has_pseudo&quot;:&quot;no&quot;}\">\n\t\t\t\t\t<div class=\"e-con-inner\">\n\t\t\t\t<div class=\"elementor-element elementor-element-16ca84f3 ob-has-background-overlay elementor-widget elementor-widget-breadcrumbs\" data-id=\"16ca84f3\" data-element_type=\"widget\" data-settings=\"{&quot;_ob_widget_stalker_use&quot;:&quot;no&quot;,&quot;_ob_poopart_use&quot;:&quot;yes&quot;,&quot;_ob_shadough_use&quot;:&quot;no&quot;,&quot;_ob_allow_hoveranimator&quot;:&quot;no&quot;}\" data-widget_type=\"breadcrumbs.default\">\n\t\t\t\t<div class=\"elementor-widget-container\">\n\t\t\t<link rel=\"stylesheet\" href=\"https:\/\/trackhead.bike\/wp-content\/plugins\/elementor-pro\/assets\/css\/widget-theme-elements.min.css\"><p id=\"breadcrumbs\"><span><span><a href=\"https:\/\/trackhead.bike\/sk\/\">Domov<\/a><\/span><\/span><\/p>\t\t<\/div>\n\t\t\t\t<\/div>\n\t\t\t\t\t<\/div>\n\t\t\t\t<\/div>\n\t\t<div class=\"elementor-element elementor-element-25b8a41 e-flex e-con-boxed wpr-particle-no wpr-jarallax-no wpr-parallax-no wpr-sticky-section-no e-con e-parent\" data-id=\"25b8a41\" data-element_type=\"container\" data-settings=\"{&quot;_ob_use_container_extras&quot;:&quot;no&quot;,&quot;_ob_column_hoveranimator&quot;:&quot;no&quot;,&quot;_ob_glider_is_slider&quot;:&quot;no&quot;,&quot;_ob_column_has_pseudo&quot;:&quot;no&quot;}\">\n\t\t\t\t\t<div class=\"e-con-inner\">\n\t\t\t\t<div class=\"elementor-element elementor-element-edfb2b1 ob-harakiri-inherit ob-has-background-overlay elementor-widget elementor-widget-heading\" data-id=\"edfb2b1\" data-element_type=\"widget\" data-settings=\"{&quot;_ob_use_harakiri&quot;:&quot;yes&quot;,&quot;_ob_harakiri_writing_mode&quot;:&quot;inherit&quot;,&quot;_ob_harakiri_text_clip&quot;:&quot;none&quot;,&quot;_ob_widget_stalker_use&quot;:&quot;no&quot;,&quot;_ob_poopart_use&quot;:&quot;yes&quot;,&quot;_ob_shadough_use&quot;:&quot;no&quot;,&quot;_ob_allow_hoveranimator&quot;:&quot;no&quot;}\" data-widget_type=\"heading.default\">\n\t\t\t\t<div class=\"elementor-widget-container\">\n\t\t\t<style>\/*! elementor - v3.21.0 - 26-05-2024 *\/\n.elementor-heading-title{padding:0;margin:0;line-height:1}.elementor-widget-heading .elementor-heading-title[class*=elementor-size-]>a{color:inherit;font-size:inherit;line-height:inherit}.elementor-widget-heading .elementor-heading-title.elementor-size-small{font-size:15px}.elementor-widget-heading .elementor-heading-title.elementor-size-medium{font-size:19px}.elementor-widget-heading .elementor-heading-title.elementor-size-large{font-size:29px}.elementor-widget-heading .elementor-heading-title.elementor-size-xl{font-size:39px}.elementor-widget-heading .elementor-heading-title.elementor-size-xxl{font-size:59px}<\/style><h2 class=\"elementor-heading-title elementor-size-default\">\u010casto kladen\u00e9 ot\u00e1zky - GPS lok\u00e1tor TrackHead FAQ<\/h2>\t\t<\/div>\n\t\t\t\t<\/div>\n\t\t\t\t<div class=\"elementor-element elementor-element-97b20f2 ob-harakiri-inherit ob-has-background-overlay elementor-widget elementor-widget-text-editor\" data-id=\"97b20f2\" data-element_type=\"widget\" data-settings=\"{&quot;_ob_use_harakiri&quot;:&quot;yes&quot;,&quot;_ob_harakiri_writing_mode&quot;:&quot;inherit&quot;,&quot;_ob_postman_use&quot;:&quot;no&quot;,&quot;_ob_widget_stalker_use&quot;:&quot;no&quot;,&quot;_ob_poopart_use&quot;:&quot;yes&quot;,&quot;_ob_shadough_use&quot;:&quot;no&quot;,&quot;_ob_allow_hoveranimator&quot;:&quot;no&quot;}\" data-widget_type=\"text-editor.default\">\n\t\t\t\t<div class=\"elementor-widget-container\">\n\t\t\t<style>\/*! elementor - v3.21.0 - 26-05-2024 *\/\n.elementor-widget-text-editor.elementor-drop-cap-view-stacked .elementor-drop-cap{background-color:#69727d;color:#fff}.elementor-widget-text-editor.elementor-drop-cap-view-framed .elementor-drop-cap{color:#69727d;border:3px solid;background-color:transparent}.elementor-widget-text-editor:not(.elementor-drop-cap-view-default) .elementor-drop-cap{margin-top:8px}.elementor-widget-text-editor:not(.elementor-drop-cap-view-default) .elementor-drop-cap-letter{width:1em;height:1em}.elementor-widget-text-editor .elementor-drop-cap{float:left;text-align:center;line-height:1;font-size:50px}.elementor-widget-text-editor .elementor-drop-cap-letter{display:inline-block}<\/style>\t\t\t\t<p>Tu n\u00e1jdete odpovede na \u010dasto kladen\u00e9 ot\u00e1zky o GPS bike tracker &#8211; TackHead. Str\u00e1nka je rozdelen\u00e1 na t\u00e9my. Vyberte si t\u00e9mu pod\u013ea z\u00e1ujmu.<\/p>\n\t\t\t\t\t\t<\/div>\n\t\t\t\t<\/div>\n\t\t\t\t<div class=\"elementor-element elementor-element-42d4061 elementor-grid-3 elementor-grid-tablet-2 elementor-grid-mobile-1 elementor-posts--thumbnail-top elementor-card-shadow-yes elementor-posts__hover-gradient ob-has-background-overlay elementor-widget elementor-widget-posts\" data-id=\"42d4061\" data-element_type=\"widget\" data-settings=\"{&quot;cards_columns&quot;:&quot;3&quot;,&quot;cards_columns_tablet&quot;:&quot;2&quot;,&quot;cards_columns_mobile&quot;:&quot;1&quot;,&quot;cards_row_gap&quot;:{&quot;unit&quot;:&quot;px&quot;,&quot;size&quot;:35,&quot;sizes&quot;:[]},&quot;cards_row_gap_tablet&quot;:{&quot;unit&quot;:&quot;px&quot;,&quot;size&quot;:&quot;&quot;,&quot;sizes&quot;:[]},&quot;cards_row_gap_mobile&quot;:{&quot;unit&quot;:&quot;px&quot;,&quot;size&quot;:&quot;&quot;,&quot;sizes&quot;:[]},&quot;_ob_widget_stalker_use&quot;:&quot;no&quot;,&quot;_ob_poopart_use&quot;:&quot;yes&quot;,&quot;_ob_shadough_use&quot;:&quot;no&quot;,&quot;_ob_allow_hoveranimator&quot;:&quot;no&quot;}\" data-widget_type=\"posts.cards\">\n\t\t\t\t<div class=\"elementor-widget-container\">\n\t\t\t<link rel=\"stylesheet\" href=\"https:\/\/trackhead.bike\/wp-content\/plugins\/elementor-pro\/assets\/css\/widget-posts.min.css\">\t\t<div class=\"elementor-posts-container elementor-posts elementor-posts--skin-cards elementor-grid\">\n\t\t\t\t<article class=\"elementor-post elementor-grid-item post-1790 page type-page status-publish has-post-thumbnail hentry\">\n\t\t\t<div class=\"elementor-post__card\">\n\t\t\t\t<a class=\"elementor-post__thumbnail__link\" href=\"https:\/\/trackhead.bike\/sk\/casto-kladene-otazky\/pouzivanie\/\" tabindex=\"-1\" ><div class=\"elementor-post__thumbnail\"><img fetchpriority=\"high\" decoding=\"async\" width=\"590\" height=\"1280\" src=\"https:\/\/trackhead.bike\/wp-content\/uploads\/sites\/2\/2023\/06\/vlcsnap-2023-06-23-14h11m49s296.jpg\" class=\"attachment-medium_large size-medium_large wp-image-1709\" alt=\"\" srcset=\"https:\/\/trackhead.bike\/wp-content\/uploads\/sites\/2\/2023\/06\/vlcsnap-2023-06-23-14h11m49s296.jpg 590w, https:\/\/trackhead.bike\/wp-content\/uploads\/sites\/2\/2023\/06\/vlcsnap-2023-06-23-14h11m49s296-138x300.jpg 138w, https:\/\/trackhead.bike\/wp-content\/uploads\/sites\/2\/2023\/06\/vlcsnap-2023-06-23-14h11m49s296-472x1024.jpg 472w\" sizes=\"(max-width: 590px) 100vw, 590px\" \/><\/div><\/a>\n\t\t\t\t<div class=\"elementor-post__text\">\n\t\t\t\t<h3 class=\"elementor-post__title\">\n\t\t\t<a href=\"https:\/\/trackhead.bike\/sk\/casto-kladene-otazky\/pouzivanie\/\" >\n\t\t\t\tPou\u017e\u00edvanie\t\t\t<\/a>\n\t\t<\/h3>\n\t\t\t\t<div class=\"elementor-post__excerpt\">\n\t\t\t<p>FAQ Pou\u017e\u00edvanie Mus\u00edm za pou\u017e\u00edvanie aplik\u00e1cie JER Connect plati\u0165 mesa\u010dn\u00fd poplatok? Nie, aplik\u00e1cia JER Connect je BEZPLATN\u00c1. Ktor\u00fa platformu podporuje JER Connect? Android &#8211; google<\/p>\n\t\t<\/div>\n\t\t\n\t\t<a class=\"elementor-post__read-more\" href=\"https:\/\/trackhead.bike\/sk\/casto-kladene-otazky\/pouzivanie\/\" aria-label=\"Read more about Pou\u017e\u00edvanie\" tabindex=\"-1\" >\n\t\t\t\u010c\u00edtaj viac \u00bb\t\t<\/a>\n\n\t\t\t\t<\/div>\n\t\t\t\t\t<\/div>\n\t\t<\/article>\n\t\t\t\t<article class=\"elementor-post elementor-grid-item post-1792 page type-page status-publish has-post-thumbnail hentry\">\n\t\t\t<div class=\"elementor-post__card\">\n\t\t\t\t<a class=\"elementor-post__thumbnail__link\" href=\"https:\/\/trackhead.bike\/sk\/casto-kladene-otazky\/inicializacia\/\" tabindex=\"-1\" ><div class=\"elementor-post__thumbnail\"><img decoding=\"async\" width=\"358\" height=\"800\" src=\"https:\/\/trackhead.bike\/wp-content\/uploads\/sites\/2\/2023\/06\/Screenshot-2023-06-23-at-23-50-29-JER-Earth-portal.jpg\" class=\"attachment-medium_large size-medium_large wp-image-1722\" alt=\"\" srcset=\"https:\/\/trackhead.bike\/wp-content\/uploads\/sites\/2\/2023\/06\/Screenshot-2023-06-23-at-23-50-29-JER-Earth-portal.jpg 358w, https:\/\/trackhead.bike\/wp-content\/uploads\/sites\/2\/2023\/06\/Screenshot-2023-06-23-at-23-50-29-JER-Earth-portal-134x300.jpg 134w\" sizes=\"(max-width: 358px) 100vw, 358px\" \/><\/div><\/a>\n\t\t\t\t<div class=\"elementor-post__text\">\n\t\t\t\t<h3 class=\"elementor-post__title\">\n\t\t\t<a href=\"https:\/\/trackhead.bike\/sk\/casto-kladene-otazky\/inicializacia\/\" >\n\t\t\t\tInicializ\u00e1cia\t\t\t<\/a>\n\t\t<\/h3>\n\t\t\t\t<div class=\"elementor-post__excerpt\">\n\t\t\t<p>FAQ \u010cast\u00e9 ot\u00e1zky o inicializ\u00e1cii \u010co je inicializ\u00e1cia TrackHead Inicializ\u00e1cia TrackHead je Pr\u00edprava SIM karty Otestujte potrebn\u00e9 slu\u017eby SIM karty (d\u00e1ta, sms, hovory, klip) Odstra\u0148te<\/p>\n\t\t<\/div>\n\t\t\n\t\t<a class=\"elementor-post__read-more\" href=\"https:\/\/trackhead.bike\/sk\/casto-kladene-otazky\/inicializacia\/\" aria-label=\"Read more about Inicializ\u00e1cia\" tabindex=\"-1\" >\n\t\t\t\u010c\u00edtaj viac \u00bb\t\t<\/a>\n\n\t\t\t\t<\/div>\n\t\t\t\t\t<\/div>\n\t\t<\/article>\n\t\t\t\t<article class=\"elementor-post elementor-grid-item post-1461 page type-page status-publish has-post-thumbnail hentry\">\n\t\t\t<div class=\"elementor-post__card\">\n\t\t\t\t<a class=\"elementor-post__thumbnail__link\" href=\"https:\/\/trackhead.bike\/sk\/casto-kladene-otazky\/instalacia-a-kompatibilita\/\" tabindex=\"-1\" ><div class=\"elementor-post__thumbnail\"><img decoding=\"async\" width=\"590\" height=\"1280\" src=\"https:\/\/trackhead.bike\/wp-content\/uploads\/sites\/2\/2023\/06\/vlcsnap-2023-06-23-10h31m54s378.jpg\" class=\"attachment-medium_large size-medium_large wp-image-1028\" alt=\"\" srcset=\"https:\/\/trackhead.bike\/wp-content\/uploads\/sites\/2\/2023\/06\/vlcsnap-2023-06-23-10h31m54s378.jpg 590w, https:\/\/trackhead.bike\/wp-content\/uploads\/sites\/2\/2023\/06\/vlcsnap-2023-06-23-10h31m54s378-138x300.jpg 138w, https:\/\/trackhead.bike\/wp-content\/uploads\/sites\/2\/2023\/06\/vlcsnap-2023-06-23-10h31m54s378-472x1024.jpg 472w\" sizes=\"(max-width: 590px) 100vw, 590px\" \/><\/div><\/a>\n\t\t\t\t<div class=\"elementor-post__text\">\n\t\t\t\t<h3 class=\"elementor-post__title\">\n\t\t\t<a href=\"https:\/\/trackhead.bike\/sk\/casto-kladene-otazky\/instalacia-a-kompatibilita\/\" >\n\t\t\t\tIn\u0161tal\u00e1cia a Kompatibilita\t\t\t<\/a>\n\t\t<\/h3>\n\t\t\t\t<div class=\"elementor-post__excerpt\">\n\t\t\t<p>FAQ Kompatibilita Je TrackHead kompatibiln\u00fd s karb\u00f3nov\u00fdmi cestn\u00fdmi bicyklami? \u00c1no, v\u00e4\u010d\u0161inou je kompatibiln\u00fd so v\u0161etk\u00fdmi bicyklami. Ak m\u00e1te karb\u00f3nov\u00fd bicykel a objedn\u00e1te si TrackHead, kontaktujte<\/p>\n\t\t<\/div>\n\t\t\n\t\t<a class=\"elementor-post__read-more\" href=\"https:\/\/trackhead.bike\/sk\/casto-kladene-otazky\/instalacia-a-kompatibilita\/\" aria-label=\"Read more about In\u0161tal\u00e1cia a Kompatibilita\" tabindex=\"-1\" >\n\t\t\t\u010c\u00edtaj viac \u00bb\t\t<\/a>\n\n\t\t\t\t<\/div>\n\t\t\t\t\t<\/div>\n\t\t<\/article>\n\t\t\t\t<\/div>\n\t\t\n\t\t\t\t<\/div>\n\t\t\t\t<\/div>\n\t\t\t\t\t<\/div>\n\t\t\t\t<\/div>\n\t\t\t\t<\/div>\n\t\t","protected":false},"excerpt":{"rendered":"<p>\u010casto kladen\u00e9 ot\u00e1zky &#8211; GPS lok\u00e1tor TrackHead FAQ Tu n\u00e1jdete odpovede na \u010dasto kladen\u00e9 ot\u00e1zky o GPS bike tracker &#8211; TackHead. Str\u00e1nka je rozdelen\u00e1 na t\u00e9my. Vyberte si t\u00e9mu pod\u013ea z\u00e1ujmu.<\/p>\n","protected":false},"author":1,"featured_media":89,"parent":0,"menu_order":0,"comment_status":"closed","ping_status":"closed","template":"","meta":{"footnotes":""},"yoast_head":"<!-- This site is optimized with the Yoast SEO Premium plugin v20.11 (Yoast SEO v21.0) - https:\/\/yoast.com\/wordpress\/plugins\/seo\/ -->\n<title>\u010casto kladen\u00e9 ot\u00e1zky - GPS lok\u00e1tor<\/title>\n<meta name=\"description\" content=\"n\u00e1jdite odpovede na \u010dasto kladen\u00e9 ot\u00e1zky o lok\u00e1tore a GPS alarme - TackHead. Str\u00e1nka je rozdelen\u00e1 na t\u00e9my, vyberte si t\u00e9mu pod\u013ea z\u00e1ujmu.\" \/>\n<meta name=\"robots\" content=\"index, follow, max-snippet:-1, max-image-preview:large, max-video-preview:-1\" \/>\n<link rel=\"canonical\" href=\"https:\/\/trackhead.bike\/sk\/casto-kladene-otazky\/\" \/>\n<meta property=\"og:locale\" content=\"sk_SK\" \/>\n<meta property=\"og:type\" content=\"article\" \/>\n<meta property=\"og:title\" content=\"FAQ ot\u00e1zky\" \/>\n<meta property=\"og:description\" content=\"n\u00e1jdite odpovede na \u010dasto kladen\u00e9 ot\u00e1zky o lok\u00e1tore a GPS alarme - TackHead. Str\u00e1nka je rozdelen\u00e1 na t\u00e9my, vyberte si t\u00e9mu pod\u013ea z\u00e1ujmu.\" \/>\n<meta property=\"og:url\" content=\"https:\/\/trackhead.bike\/sk\/casto-kladene-otazky\/\" \/>\n<meta property=\"og:site_name\" content=\"Bike tracker | TrackHead\" \/>\n<meta property=\"article:publisher\" content=\"https:\/\/www.facebook.com\/jerearth\" \/>\n<meta property=\"article:modified_time\" content=\"2024-06-05T06:34:57+00:00\" \/>\n<meta property=\"og:image\" content=\"https:\/\/trackhead.bike\/wp-content\/uploads\/sites\/2\/2023\/06\/trackhead-bike.webp\" \/>\n\t<meta property=\"og:image:width\" content=\"1920\" \/>\n\t<meta property=\"og:image:height\" content=\"1080\" \/>\n\t<meta property=\"og:image:type\" content=\"image\/webp\" \/>\n<meta name=\"twitter:card\" content=\"summary_large_image\" \/>\n<meta name=\"twitter:label1\" content=\"Predpokladan\u00fd \u010das \u010d\u00edtania\" \/>\n\t<meta name=\"twitter:data1\" content=\"1 min\u00fata\" \/>\n<script type=\"application\/ld+json\" class=\"yoast-schema-graph\">{\"@context\":\"https:\/\/schema.org\",\"@graph\":[{\"@type\":\"WebPage\",\"@id\":\"https:\/\/trackhead.bike\/sk\/casto-kladene-otazky\/\",\"url\":\"https:\/\/trackhead.bike\/sk\/casto-kladene-otazky\/\",\"name\":\"\u010casto kladen\u00e9 ot\u00e1zky - GPS lok\u00e1tor\",\"isPartOf\":{\"@id\":\"https:\/\/trackhead.bike\/sk\/#website\"},\"datePublished\":\"2023-06-21T23:27:14+00:00\",\"dateModified\":\"2024-06-05T06:34:57+00:00\",\"description\":\"n\u00e1jdite odpovede na \u010dasto kladen\u00e9 ot\u00e1zky o lok\u00e1tore a GPS alarme - TackHead. Str\u00e1nka je rozdelen\u00e1 na t\u00e9my, vyberte si t\u00e9mu pod\u013ea z\u00e1ujmu.\",\"breadcrumb\":{\"@id\":\"https:\/\/trackhead.bike\/sk\/casto-kladene-otazky\/#breadcrumb\"},\"inLanguage\":\"sk-SK\",\"potentialAction\":[{\"@type\":\"ReadAction\",\"target\":[\"https:\/\/trackhead.bike\/sk\/casto-kladene-otazky\/\"]}]},{\"@type\":\"BreadcrumbList\",\"@id\":\"https:\/\/trackhead.bike\/sk\/casto-kladene-otazky\/#breadcrumb\",\"itemListElement\":[{\"@type\":\"ListItem\",\"position\":1,\"name\":\"Domov\",\"item\":\"https:\/\/trackhead.bike\/sk\/\"},{\"@type\":\"ListItem\",\"position\":2,\"name\":\"FAQ ot\u00e1zky\"}]},{\"@type\":\"WebSite\",\"@id\":\"https:\/\/trackhead.bike\/sk\/#website\",\"url\":\"https:\/\/trackhead.bike\/sk\/\",\"name\":\"Best GPS tracker for Bike | TrackHead\",\"description\":\"Bike tracker, gps insurance for bike, thieve protection\",\"publisher\":{\"@id\":\"https:\/\/trackhead.bike\/sk\/#organization\"},\"alternateName\":\"Track Bike with gps tracker | TrackHead\",\"potentialAction\":[{\"@type\":\"SearchAction\",\"target\":{\"@type\":\"EntryPoint\",\"urlTemplate\":\"https:\/\/trackhead.bike\/sk\/?s={search_term_string}\"},\"query-input\":\"required name=search_term_string\"}],\"inLanguage\":\"sk-SK\"},{\"@type\":\"Organization\",\"@id\":\"https:\/\/trackhead.bike\/sk\/#organization\",\"name\":\"JER\",\"url\":\"https:\/\/trackhead.bike\/sk\/\",\"logo\":{\"@type\":\"ImageObject\",\"inLanguage\":\"sk-SK\",\"@id\":\"https:\/\/trackhead.bike\/sk\/#\/schema\/logo\/image\/\",\"url\":\"https:\/\/trackhead.bike\/wp-content\/uploads\/sites\/2\/2023\/06\/logo-black.svg\",\"contentUrl\":\"https:\/\/trackhead.bike\/wp-content\/uploads\/sites\/2\/2023\/06\/logo-black.svg\",\"width\":180,\"height\":100,\"caption\":\"JER\"},\"image\":{\"@id\":\"https:\/\/trackhead.bike\/sk\/#\/schema\/logo\/image\/\"},\"sameAs\":[\"https:\/\/www.facebook.com\/jerearth\",\"https:\/\/www.linkedin.com\/company\/jerearth\/\",\"https:\/\/www.youtube.com\/@jer-earth\"]}]}<\/script>\n<!-- \/ Yoast SEO Premium plugin. -->","yoast_head_json":{"title":"\u010casto kladen\u00e9 ot\u00e1zky - GPS lok\u00e1tor","description":"n\u00e1jdite odpovede na \u010dasto kladen\u00e9 ot\u00e1zky o lok\u00e1tore a GPS alarme - TackHead. Str\u00e1nka je rozdelen\u00e1 na t\u00e9my, vyberte si t\u00e9mu pod\u013ea z\u00e1ujmu.","robots":{"index":"index","follow":"follow","max-snippet":"max-snippet:-1","max-image-preview":"max-image-preview:large","max-video-preview":"max-video-preview:-1"},"canonical":"https:\/\/trackhead.bike\/sk\/casto-kladene-otazky\/","og_locale":"sk_SK","og_type":"article","og_title":"FAQ ot\u00e1zky","og_description":"n\u00e1jdite odpovede na \u010dasto kladen\u00e9 ot\u00e1zky o lok\u00e1tore a GPS alarme - TackHead. Str\u00e1nka je rozdelen\u00e1 na t\u00e9my, vyberte si t\u00e9mu pod\u013ea z\u00e1ujmu.","og_url":"https:\/\/trackhead.bike\/sk\/casto-kladene-otazky\/","og_site_name":"Bike tracker | TrackHead","article_publisher":"https:\/\/www.facebook.com\/jerearth","article_modified_time":"2024-06-05T06:34:57+00:00","og_image":[{"width":1920,"height":1080,"url":"https:\/\/trackhead.bike\/wp-content\/uploads\/sites\/2\/2023\/06\/trackhead-bike.webp","type":"image\/webp"}],"twitter_card":"summary_large_image","twitter_misc":{"Predpokladan\u00fd \u010das \u010d\u00edtania":"1 min\u00fata"},"schema":{"@context":"https:\/\/schema.org","@graph":[{"@type":"WebPage","@id":"https:\/\/trackhead.bike\/sk\/casto-kladene-otazky\/","url":"https:\/\/trackhead.bike\/sk\/casto-kladene-otazky\/","name":"\u010casto kladen\u00e9 ot\u00e1zky - GPS lok\u00e1tor","isPartOf":{"@id":"https:\/\/trackhead.bike\/sk\/#website"},"datePublished":"2023-06-21T23:27:14+00:00","dateModified":"2024-06-05T06:34:57+00:00","description":"n\u00e1jdite odpovede na \u010dasto kladen\u00e9 ot\u00e1zky o lok\u00e1tore a GPS alarme - TackHead. Str\u00e1nka je rozdelen\u00e1 na t\u00e9my, vyberte si t\u00e9mu pod\u013ea z\u00e1ujmu.","breadcrumb":{"@id":"https:\/\/trackhead.bike\/sk\/casto-kladene-otazky\/#breadcrumb"},"inLanguage":"sk-SK","potentialAction":[{"@type":"ReadAction","target":["https:\/\/trackhead.bike\/sk\/casto-kladene-otazky\/"]}]},{"@type":"BreadcrumbList","@id":"https:\/\/trackhead.bike\/sk\/casto-kladene-otazky\/#breadcrumb","itemListElement":[{"@type":"ListItem","position":1,"name":"Domov","item":"https:\/\/trackhead.bike\/sk\/"},{"@type":"ListItem","position":2,"name":"FAQ ot\u00e1zky"}]},{"@type":"WebSite","@id":"https:\/\/trackhead.bike\/sk\/#website","url":"https:\/\/trackhead.bike\/sk\/","name":"Best GPS tracker for Bike | TrackHead","description":"Bike tracker, gps insurance for bike, thieve protection","publisher":{"@id":"https:\/\/trackhead.bike\/sk\/#organization"},"alternateName":"Track Bike with gps tracker | TrackHead","potentialAction":[{"@type":"SearchAction","target":{"@type":"EntryPoint","urlTemplate":"https:\/\/trackhead.bike\/sk\/?s={search_term_string}"},"query-input":"required name=search_term_string"}],"inLanguage":"sk-SK"},{"@type":"Organization","@id":"https:\/\/trackhead.bike\/sk\/#organization","name":"JER","url":"https:\/\/trackhead.bike\/sk\/","logo":{"@type":"ImageObject","inLanguage":"sk-SK","@id":"https:\/\/trackhead.bike\/sk\/#\/schema\/logo\/image\/","url":"https:\/\/trackhead.bike\/wp-content\/uploads\/sites\/2\/2023\/06\/logo-black.svg","contentUrl":"https:\/\/trackhead.bike\/wp-content\/uploads\/sites\/2\/2023\/06\/logo-black.svg","width":180,"height":100,"caption":"JER"},"image":{"@id":"https:\/\/trackhead.bike\/sk\/#\/schema\/logo\/image\/"},"sameAs":["https:\/\/www.facebook.com\/jerearth","https:\/\/www.linkedin.com\/company\/jerearth\/","https:\/\/www.youtube.com\/@jer-earth"]}]}},"_links":{"self":[{"href":"https:\/\/trackhead.bike\/sk\/wp-json\/wp\/v2\/pages\/1448"}],"collection":[{"href":"https:\/\/trackhead.bike\/sk\/wp-json\/wp\/v2\/pages"}],"about":[{"href":"https:\/\/trackhead.bike\/sk\/wp-json\/wp\/v2\/types\/page"}],"author":[{"embeddable":true,"href":"https:\/\/trackhead.bike\/sk\/wp-json\/wp\/v2\/users\/1"}],"replies":[{"embeddable":true,"href":"https:\/\/trackhead.bike\/sk\/wp-json\/wp\/v2\/comments?post=1448"}],"version-history":[{"count":10,"href":"https:\/\/trackhead.bike\/sk\/wp-json\/wp\/v2\/pages\/1448\/revisions"}],"predecessor-version":[{"id":3589,"href":"https:\/\/trackhead.bike\/sk\/wp-json\/wp\/v2\/pages\/1448\/revisions\/3589"}],"wp:featuredmedia":[{"embeddable":true,"href":"https:\/\/trackhead.bike\/sk\/wp-json\/wp\/v2\/media\/89"}],"wp:attachment":[{"href":"https:\/\/trackhead.bike\/sk\/wp-json\/wp\/v2\/media?parent=1448"}],"curies":[{"name":"wp","href":"https:\/\/api.w.org\/{rel}","templated":true}]}}