{"id":1790,"date":"2023-07-03T00:20:07","date_gmt":"2023-07-02T22:20:07","guid":{"rendered":"https:\/\/new.trackhead.bike\/elementor-1448\/pouzivanie\/"},"modified":"2023-09-08T19:59:25","modified_gmt":"2023-09-08T17:59:25","slug":"pouzivanie","status":"publish","type":"page","link":"https:\/\/trackhead.bike\/sk\/casto-kladene-otazky\/pouzivanie\/","title":{"rendered":"Pou\u017e\u00edvanie"},"content":{"rendered":"\t\t<div data-elementor-type=\"wp-page\" data-elementor-id=\"1790\" class=\"elementor elementor-1790 elementor-1326\" data-elementor-post-type=\"page\">\n\t\t\t\t<div class=\"elementor-element elementor-element-663b00d0 e-flex e-con-boxed wpr-particle-no wpr-jarallax-no wpr-parallax-no wpr-sticky-section-no e-con e-parent\" data-id=\"663b00d0\" data-element_type=\"container\" data-settings=\"{&quot;background_background&quot;:&quot;slideshow&quot;,&quot;background_slideshow_gallery&quot;:[{&quot;id&quot;:89,&quot;url&quot;:&quot;https:\\\/\\\/trackhead.bike\\\/wp-content\\\/uploads\\\/sites\\\/2\\\/2023\\\/06\\\/vlcsnap-2021-08-25-00h58m09s189-scaled.jpg&quot;},{&quot;id&quot;:96,&quot;url&quot;:&quot;https:\\\/\\\/trackhead.bike\\\/wp-content\\\/uploads\\\/sites\\\/2\\\/2023\\\/06\\\/IMG_20220617_161016.jpg&quot;}],&quot;background_slideshow_ken_burns&quot;:&quot;yes&quot;,&quot;_ob_use_container_extras&quot;:&quot;no&quot;,&quot;background_slideshow_loop&quot;:&quot;yes&quot;,&quot;background_slideshow_slide_duration&quot;:5000,&quot;background_slideshow_slide_transition&quot;:&quot;fade&quot;,&quot;background_slideshow_transition_duration&quot;:500,&quot;background_slideshow_ken_burns_zoom_direction&quot;:&quot;in&quot;,&quot;_ob_column_hoveranimator&quot;:&quot;no&quot;,&quot;_ob_glider_is_slider&quot;:&quot;no&quot;,&quot;_ob_column_has_pseudo&quot;:&quot;no&quot;}\">\n\t\t\t\t\t<div class=\"e-con-inner\">\n\t\t\t\t<div class=\"elementor-element elementor-element-01dae3d ob-harakiri-inherit ob-has-background-overlay elementor-widget elementor-widget-heading\" data-id=\"01dae3d\" data-element_type=\"widget\" data-settings=\"{&quot;_ob_use_harakiri&quot;:&quot;yes&quot;,&quot;_ob_harakiri_writing_mode&quot;:&quot;inherit&quot;,&quot;_ob_harakiri_text_clip&quot;:&quot;none&quot;,&quot;_ob_widget_stalker_use&quot;:&quot;no&quot;,&quot;_ob_poopart_use&quot;:&quot;yes&quot;,&quot;_ob_shadough_use&quot;:&quot;no&quot;,&quot;_ob_allow_hoveranimator&quot;:&quot;no&quot;}\" data-widget_type=\"heading.default\">\n\t\t\t\t<div class=\"elementor-widget-container\">\n\t\t\t<style>\/*! elementor - v3.21.0 - 26-05-2024 *\/\n.elementor-heading-title{padding:0;margin:0;line-height:1}.elementor-widget-heading .elementor-heading-title[class*=elementor-size-]>a{color:inherit;font-size:inherit;line-height:inherit}.elementor-widget-heading .elementor-heading-title.elementor-size-small{font-size:15px}.elementor-widget-heading .elementor-heading-title.elementor-size-medium{font-size:19px}.elementor-widget-heading .elementor-heading-title.elementor-size-large{font-size:29px}.elementor-widget-heading .elementor-heading-title.elementor-size-xl{font-size:39px}.elementor-widget-heading .elementor-heading-title.elementor-size-xxl{font-size:59px}<\/style><h2 class=\"elementor-heading-title elementor-size-default\">FAQ<\/h2>\t\t<\/div>\n\t\t\t\t<\/div>\n\t\t\t\t\t<\/div>\n\t\t\t\t<\/div>\n\t\t<div class=\"elementor-element elementor-element-7f344c5f e-flex e-con-boxed wpr-particle-no wpr-jarallax-no wpr-parallax-no wpr-sticky-section-no e-con e-parent\" data-id=\"7f344c5f\" data-element_type=\"container\" data-settings=\"{&quot;_ob_use_container_extras&quot;:&quot;no&quot;,&quot;_ob_column_hoveranimator&quot;:&quot;no&quot;,&quot;_ob_glider_is_slider&quot;:&quot;no&quot;,&quot;_ob_column_has_pseudo&quot;:&quot;no&quot;}\">\n\t\t\t\t\t<div class=\"e-con-inner\">\n\t\t\t\t<div class=\"elementor-element elementor-element-1c09a8c3 ob-has-background-overlay elementor-widget elementor-widget-breadcrumbs\" data-id=\"1c09a8c3\" data-element_type=\"widget\" data-settings=\"{&quot;_ob_widget_stalker_use&quot;:&quot;no&quot;,&quot;_ob_poopart_use&quot;:&quot;yes&quot;,&quot;_ob_shadough_use&quot;:&quot;no&quot;,&quot;_ob_allow_hoveranimator&quot;:&quot;no&quot;}\" data-widget_type=\"breadcrumbs.default\">\n\t\t\t\t<div class=\"elementor-widget-container\">\n\t\t\t<link rel=\"stylesheet\" href=\"https:\/\/trackhead.bike\/wp-content\/plugins\/elementor-pro\/assets\/css\/widget-theme-elements.min.css\"><p id=\"breadcrumbs\"><span><span><a href=\"https:\/\/trackhead.bike\/sk\/\">Domov<\/a><\/span><\/span><\/p>\t\t<\/div>\n\t\t\t\t<\/div>\n\t\t\t\t\t<\/div>\n\t\t\t\t<\/div>\n\t\t<div class=\"elementor-element elementor-element-6e80045c e-flex e-con-boxed wpr-particle-no wpr-jarallax-no wpr-parallax-no wpr-sticky-section-no e-con e-parent\" data-id=\"6e80045c\" data-element_type=\"container\" data-settings=\"{&quot;_ob_use_container_extras&quot;:&quot;no&quot;,&quot;_ob_column_hoveranimator&quot;:&quot;no&quot;,&quot;_ob_glider_is_slider&quot;:&quot;no&quot;,&quot;_ob_column_has_pseudo&quot;:&quot;no&quot;}\">\n\t\t\t\t\t<div class=\"e-con-inner\">\n\t\t\t\t<div class=\"elementor-element elementor-element-3450c475 ob-harakiri-inherit ob-has-background-overlay elementor-widget elementor-widget-heading\" data-id=\"3450c475\" data-element_type=\"widget\" data-settings=\"{&quot;_ob_use_harakiri&quot;:&quot;yes&quot;,&quot;_ob_harakiri_writing_mode&quot;:&quot;inherit&quot;,&quot;_ob_harakiri_text_clip&quot;:&quot;none&quot;,&quot;_ob_widget_stalker_use&quot;:&quot;no&quot;,&quot;_ob_poopart_use&quot;:&quot;yes&quot;,&quot;_ob_shadough_use&quot;:&quot;no&quot;,&quot;_ob_allow_hoveranimator&quot;:&quot;no&quot;}\" data-widget_type=\"heading.default\">\n\t\t\t\t<div class=\"elementor-widget-container\">\n\t\t\t<h2 class=\"elementor-heading-title elementor-size-default\">Pou\u017e\u00edvanie<\/h2>\t\t<\/div>\n\t\t\t\t<\/div>\n\t\t\t\t<div class=\"elementor-element elementor-element-bc323c1 ob-has-background-overlay elementor-widget elementor-widget-toggle\" data-id=\"bc323c1\" data-element_type=\"widget\" data-settings=\"{&quot;_ob_widget_stalker_use&quot;:&quot;no&quot;,&quot;_ob_poopart_use&quot;:&quot;yes&quot;,&quot;_ob_shadough_use&quot;:&quot;no&quot;,&quot;_ob_allow_hoveranimator&quot;:&quot;no&quot;}\" data-widget_type=\"toggle.default\">\n\t\t\t\t<div class=\"elementor-widget-container\">\n\t\t\t<style>\/*! elementor - v3.21.0 - 26-05-2024 *\/\n.elementor-toggle{text-align:start}.elementor-toggle .elementor-tab-title{font-weight:700;line-height:1;margin:0;padding:15px;border-bottom:1px solid #d5d8dc;cursor:pointer;outline:none}.elementor-toggle .elementor-tab-title .elementor-toggle-icon{display:inline-block;width:1em}.elementor-toggle .elementor-tab-title .elementor-toggle-icon svg{margin-inline-start:-5px;width:1em;height:1em}.elementor-toggle .elementor-tab-title .elementor-toggle-icon.elementor-toggle-icon-right{float:right;text-align:right}.elementor-toggle .elementor-tab-title .elementor-toggle-icon.elementor-toggle-icon-left{float:left;text-align:left}.elementor-toggle .elementor-tab-title .elementor-toggle-icon .elementor-toggle-icon-closed{display:block}.elementor-toggle .elementor-tab-title .elementor-toggle-icon .elementor-toggle-icon-opened{display:none}.elementor-toggle .elementor-tab-title.elementor-active{border-bottom:none}.elementor-toggle .elementor-tab-title.elementor-active .elementor-toggle-icon-closed{display:none}.elementor-toggle .elementor-tab-title.elementor-active .elementor-toggle-icon-opened{display:block}.elementor-toggle .elementor-tab-content{padding:15px;border-bottom:1px solid #d5d8dc;display:none}@media (max-width:767px){.elementor-toggle .elementor-tab-title{padding:12px}.elementor-toggle .elementor-tab-content{padding:12px 10px}}.e-con-inner>.elementor-widget-toggle,.e-con>.elementor-widget-toggle{width:var(--container-widget-width);--flex-grow:var(--container-widget-flex-grow)}<\/style>\t\t<div class=\"elementor-toggle\">\n\t\t\t\t\t\t\t<div class=\"elementor-toggle-item\">\n\t\t\t\t\t<div id=\"elementor-tab-title-1971\" class=\"elementor-tab-title\" data-tab=\"1\" role=\"button\" aria-controls=\"elementor-tab-content-1971\" aria-expanded=\"false\">\n\t\t\t\t\t\t\t\t\t\t\t\t<span class=\"elementor-toggle-icon elementor-toggle-icon-left\" aria-hidden=\"true\">\n\t\t\t\t\t\t\t\t\t\t\t\t\t\t\t<span class=\"elementor-toggle-icon-closed\"><svg class=\"e-font-icon-svg e-fas-caret-right\" viewBox=\"0 0 192 512\" xmlns=\"http:\/\/www.w3.org\/2000\/svg\"><path d=\"M0 384.662V127.338c0-17.818 21.543-26.741 34.142-14.142l128.662 128.662c7.81 7.81 7.81 20.474 0 28.284L34.142 398.804C21.543 411.404 0 402.48 0 384.662z\"><\/path><\/svg><\/span>\n\t\t\t\t\t\t\t\t<span class=\"elementor-toggle-icon-opened\"><svg class=\"elementor-toggle-icon-opened e-font-icon-svg e-fas-caret-up\" viewBox=\"0 0 320 512\" xmlns=\"http:\/\/www.w3.org\/2000\/svg\"><path d=\"M288.662 352H31.338c-17.818 0-26.741-21.543-14.142-34.142l128.662-128.662c7.81-7.81 20.474-7.81 28.284 0l128.662 128.662c12.6 12.599 3.676 34.142-14.142 34.142z\"><\/path><\/svg><\/span>\n\t\t\t\t\t\t\t\t\t\t\t\t\t<\/span>\n\t\t\t\t\t\t\t\t\t\t\t\t<a class=\"elementor-toggle-title\" tabindex=\"0\">Mus\u00edm za pou\u017e\u00edvanie aplik\u00e1cie JER Connect plati\u0165 mesa\u010dn\u00fd poplatok?<\/a>\n\t\t\t\t\t<\/div>\n\n\t\t\t\t\t<div id=\"elementor-tab-content-1971\" class=\"elementor-tab-content elementor-clearfix\" data-tab=\"1\" role=\"region\" aria-labelledby=\"elementor-tab-title-1971\"><p>Nie, aplik\u00e1cia JER Connect je BEZPLATN\u00c1.<\/p>\n<\/div>\n\t\t\t\t<\/div>\n\t\t\t\t\t\t\t<div class=\"elementor-toggle-item\">\n\t\t\t\t\t<div id=\"elementor-tab-title-1972\" class=\"elementor-tab-title\" data-tab=\"2\" role=\"button\" aria-controls=\"elementor-tab-content-1972\" aria-expanded=\"false\">\n\t\t\t\t\t\t\t\t\t\t\t\t<span class=\"elementor-toggle-icon elementor-toggle-icon-left\" aria-hidden=\"true\">\n\t\t\t\t\t\t\t\t\t\t\t\t\t\t\t<span class=\"elementor-toggle-icon-closed\"><svg class=\"e-font-icon-svg e-fas-caret-right\" viewBox=\"0 0 192 512\" xmlns=\"http:\/\/www.w3.org\/2000\/svg\"><path d=\"M0 384.662V127.338c0-17.818 21.543-26.741 34.142-14.142l128.662 128.662c7.81 7.81 7.81 20.474 0 28.284L34.142 398.804C21.543 411.404 0 402.48 0 384.662z\"><\/path><\/svg><\/span>\n\t\t\t\t\t\t\t\t<span class=\"elementor-toggle-icon-opened\"><svg class=\"elementor-toggle-icon-opened e-font-icon-svg e-fas-caret-up\" viewBox=\"0 0 320 512\" xmlns=\"http:\/\/www.w3.org\/2000\/svg\"><path d=\"M288.662 352H31.338c-17.818 0-26.741-21.543-14.142-34.142l128.662-128.662c7.81-7.81 20.474-7.81 28.284 0l128.662 128.662c12.6 12.599 3.676 34.142-14.142 34.142z\"><\/path><\/svg><\/span>\n\t\t\t\t\t\t\t\t\t\t\t\t\t<\/span>\n\t\t\t\t\t\t\t\t\t\t\t\t<a class=\"elementor-toggle-title\" tabindex=\"0\">Ktor\u00fa platformu podporuje JER Connect?<\/a>\n\t\t\t\t\t<\/div>\n\n\t\t\t\t\t<div id=\"elementor-tab-content-1972\" class=\"elementor-tab-content elementor-clearfix\" data-tab=\"2\" role=\"region\" aria-labelledby=\"elementor-tab-title-1972\"><ul>\n<li>Android &#8211; google play<\/li>\n<li>iOS &#8211; Apple<\/li>\n<li>WEB<\/li>\n<\/ul>\n<\/div>\n\t\t\t\t<\/div>\n\t\t\t\t\t\t\t\t\t\t<script type=\"application\/ld+json\">{\"@context\":\"https:\\\/\\\/schema.org\",\"@type\":\"FAQPage\",\"mainEntity\":[{\"@type\":\"Question\",\"name\":\"Mus\\u00edm za pou\\u017e\\u00edvanie aplik\\u00e1cie JER Connect plati\\u0165 mesa\\u010dn\\u00fd poplatok?\",\"acceptedAnswer\":{\"@type\":\"Answer\",\"text\":\"<p>Nie, aplik\\u00e1cia JER Connect je BEZPLATN\\u00c1.<\\\/p>\\n\"}},{\"@type\":\"Question\",\"name\":\"Ktor\\u00fa platformu podporuje JER Connect?\",\"acceptedAnswer\":{\"@type\":\"Answer\",\"text\":\"<ul>\\n<li>Android &#8211; google play<\\\/li>\\n<li>iOS &#8211; Apple<\\\/li>\\n<li>WEB<\\\/li>\\n<\\\/ul>\\n\"}}]}<\/script>\n\t\t\t\t\t<\/div>\n\t\t\t\t<\/div>\n\t\t\t\t<\/div>\n\t\t\t\t\t<\/div>\n\t\t\t\t<\/div>\n\t\t<div class=\"elementor-element elementor-element-1d32132 e-flex e-con-boxed wpr-particle-no wpr-jarallax-no wpr-parallax-no wpr-sticky-section-no e-con e-parent\" data-id=\"1d32132\" data-element_type=\"container\" data-settings=\"{&quot;_ob_use_container_extras&quot;:&quot;no&quot;,&quot;_ob_column_hoveranimator&quot;:&quot;no&quot;,&quot;_ob_glider_is_slider&quot;:&quot;no&quot;,&quot;_ob_column_has_pseudo&quot;:&quot;no&quot;}\">\n\t\t\t\t\t<div class=\"e-con-inner\">\n\t\t\t\t<div class=\"elementor-element elementor-element-598f1bf elementor-grid-2 elementor-grid-tablet-2 elementor-grid-mobile-1 elementor-posts--thumbnail-top elementor-card-shadow-yes elementor-posts__hover-gradient ob-has-background-overlay elementor-widget elementor-widget-posts\" data-id=\"598f1bf\" data-element_type=\"widget\" data-settings=\"{&quot;cards_columns&quot;:&quot;2&quot;,&quot;cards_columns_tablet&quot;:&quot;2&quot;,&quot;cards_columns_mobile&quot;:&quot;1&quot;,&quot;cards_row_gap&quot;:{&quot;unit&quot;:&quot;px&quot;,&quot;size&quot;:35,&quot;sizes&quot;:[]},&quot;cards_row_gap_tablet&quot;:{&quot;unit&quot;:&quot;px&quot;,&quot;size&quot;:&quot;&quot;,&quot;sizes&quot;:[]},&quot;cards_row_gap_mobile&quot;:{&quot;unit&quot;:&quot;px&quot;,&quot;size&quot;:&quot;&quot;,&quot;sizes&quot;:[]},&quot;_ob_widget_stalker_use&quot;:&quot;no&quot;,&quot;_ob_poopart_use&quot;:&quot;yes&quot;,&quot;_ob_shadough_use&quot;:&quot;no&quot;,&quot;_ob_allow_hoveranimator&quot;:&quot;no&quot;}\" data-widget_type=\"posts.cards\">\n\t\t\t\t<div class=\"elementor-widget-container\">\n\t\t\t<link rel=\"stylesheet\" href=\"https:\/\/trackhead.bike\/wp-content\/plugins\/elementor-pro\/assets\/css\/widget-posts.min.css\">\t\t<div class=\"elementor-posts-container elementor-posts elementor-posts--skin-cards elementor-grid\">\n\t\t\t\t<article class=\"elementor-post elementor-grid-item post-1792 page type-page status-publish has-post-thumbnail hentry\">\n\t\t\t<div class=\"elementor-post__card\">\n\t\t\t\t<a class=\"elementor-post__thumbnail__link\" href=\"https:\/\/trackhead.bike\/sk\/casto-kladene-otazky\/inicializacia\/\" tabindex=\"-1\" ><div class=\"elementor-post__thumbnail\"><img fetchpriority=\"high\" decoding=\"async\" width=\"358\" height=\"800\" src=\"https:\/\/trackhead.bike\/wp-content\/uploads\/sites\/2\/2023\/06\/Screenshot-2023-06-23-at-23-50-29-JER-Earth-portal.jpg\" class=\"attachment-medium_large size-medium_large wp-image-1722\" alt=\"\" srcset=\"https:\/\/trackhead.bike\/wp-content\/uploads\/sites\/2\/2023\/06\/Screenshot-2023-06-23-at-23-50-29-JER-Earth-portal.jpg 358w, https:\/\/trackhead.bike\/wp-content\/uploads\/sites\/2\/2023\/06\/Screenshot-2023-06-23-at-23-50-29-JER-Earth-portal-134x300.jpg 134w\" sizes=\"(max-width: 358px) 100vw, 358px\" \/><\/div><\/a>\n\t\t\t\t<div class=\"elementor-post__text\">\n\t\t\t\t<h3 class=\"elementor-post__title\">\n\t\t\t<a href=\"https:\/\/trackhead.bike\/sk\/casto-kladene-otazky\/inicializacia\/\" >\n\t\t\t\tInicializ\u00e1cia\t\t\t<\/a>\n\t\t<\/h3>\n\t\t\t\t<div class=\"elementor-post__excerpt\">\n\t\t\t<p>FAQ \u010cast\u00e9 ot\u00e1zky o inicializ\u00e1cii \u010co je inicializ\u00e1cia TrackHead Inicializ\u00e1cia TrackHead je Pr\u00edprava SIM karty Otestujte potrebn\u00e9 slu\u017eby SIM karty (d\u00e1ta, sms, hovory, klip) Odstra\u0148te<\/p>\n\t\t<\/div>\n\t\t\t\t\t<div class=\"elementor-post__read-more-wrapper\">\n\t\t\n\t\t<a class=\"elementor-post__read-more\" href=\"https:\/\/trackhead.bike\/sk\/casto-kladene-otazky\/inicializacia\/\" aria-label=\"Read more about Inicializ\u00e1cia\" tabindex=\"-1\" >\n\t\t\t\u010c\u00edtaj viac \u00bb\t\t<\/a>\n\n\t\t\t\t\t<\/div>\n\t\t\t\t<\/div>\n\t\t\t\t\t<\/div>\n\t\t<\/article>\n\t\t\t\t<article class=\"elementor-post elementor-grid-item post-1461 page type-page status-publish has-post-thumbnail hentry\">\n\t\t\t<div class=\"elementor-post__card\">\n\t\t\t\t<a class=\"elementor-post__thumbnail__link\" href=\"https:\/\/trackhead.bike\/sk\/casto-kladene-otazky\/instalacia-a-kompatibilita\/\" tabindex=\"-1\" ><div class=\"elementor-post__thumbnail\"><img decoding=\"async\" width=\"590\" height=\"1280\" src=\"https:\/\/trackhead.bike\/wp-content\/uploads\/sites\/2\/2023\/06\/vlcsnap-2023-06-23-10h31m54s378.jpg\" class=\"attachment-medium_large size-medium_large wp-image-1028\" alt=\"\" srcset=\"https:\/\/trackhead.bike\/wp-content\/uploads\/sites\/2\/2023\/06\/vlcsnap-2023-06-23-10h31m54s378.jpg 590w, https:\/\/trackhead.bike\/wp-content\/uploads\/sites\/2\/2023\/06\/vlcsnap-2023-06-23-10h31m54s378-138x300.jpg 138w, https:\/\/trackhead.bike\/wp-content\/uploads\/sites\/2\/2023\/06\/vlcsnap-2023-06-23-10h31m54s378-472x1024.jpg 472w\" sizes=\"(max-width: 590px) 100vw, 590px\" \/><\/div><\/a>\n\t\t\t\t<div class=\"elementor-post__text\">\n\t\t\t\t<h3 class=\"elementor-post__title\">\n\t\t\t<a href=\"https:\/\/trackhead.bike\/sk\/casto-kladene-otazky\/instalacia-a-kompatibilita\/\" >\n\t\t\t\tIn\u0161tal\u00e1cia a Kompatibilita\t\t\t<\/a>\n\t\t<\/h3>\n\t\t\t\t<div class=\"elementor-post__excerpt\">\n\t\t\t<p>FAQ Kompatibilita Je TrackHead kompatibiln\u00fd s karb\u00f3nov\u00fdmi cestn\u00fdmi bicyklami? \u00c1no, v\u00e4\u010d\u0161inou je kompatibiln\u00fd so v\u0161etk\u00fdmi bicyklami. Ak m\u00e1te karb\u00f3nov\u00fd bicykel a objedn\u00e1te si TrackHead, kontaktujte<\/p>\n\t\t<\/div>\n\t\t\t\t\t<div class=\"elementor-post__read-more-wrapper\">\n\t\t\n\t\t<a class=\"elementor-post__read-more\" href=\"https:\/\/trackhead.bike\/sk\/casto-kladene-otazky\/instalacia-a-kompatibilita\/\" aria-label=\"Read more about In\u0161tal\u00e1cia a Kompatibilita\" tabindex=\"-1\" >\n\t\t\t\u010c\u00edtaj viac \u00bb\t\t<\/a>\n\n\t\t\t\t\t<\/div>\n\t\t\t\t<\/div>\n\t\t\t\t\t<\/div>\n\t\t<\/article>\n\t\t\t\t<\/div>\n\t\t\n\t\t\t\t<\/div>\n\t\t\t\t<\/div>\n\t\t\t\t\t<\/div>\n\t\t\t\t<\/div>\n\t\t\t\t<\/div>\n\t\t","protected":false},"excerpt":{"rendered":"<p>FAQ Pou\u017e\u00edvanie Mus\u00edm za pou\u017e\u00edvanie aplik\u00e1cie JER Connect plati\u0165 mesa\u010dn\u00fd poplatok? Nie, aplik\u00e1cia JER Connect je BEZPLATN\u00c1. Ktor\u00fa platformu podporuje JER Connect? Android &#8211; google play iOS &#8211; Apple WEB<\/p>\n","protected":false},"author":1,"featured_media":1709,"parent":1448,"menu_order":0,"comment_status":"closed","ping_status":"closed","template":"","meta":{"footnotes":""},"yoast_head":"<!-- This site is optimized with the Yoast SEO Premium plugin v20.11 (Yoast SEO v21.0) - https:\/\/yoast.com\/wordpress\/plugins\/seo\/ -->\n<title>Pou\u017e\u00edvanie - GPS Lok\u00e1tor | TrackHead<\/title>\n<meta name=\"description\" content=\"%\" \/>\n<meta name=\"robots\" content=\"index, follow, max-snippet:-1, max-image-preview:large, max-video-preview:-1\" \/>\n<link rel=\"canonical\" href=\"https:\/\/trackhead.bike\/sk\/casto-kladene-otazky\/pouzivanie\/\" \/>\n<meta property=\"og:locale\" content=\"sk_SK\" \/>\n<meta property=\"og:type\" content=\"article\" \/>\n<meta property=\"og:title\" content=\"Pou\u017e\u00edvanie\" \/>\n<meta property=\"og:description\" content=\"%\" \/>\n<meta property=\"og:url\" content=\"https:\/\/trackhead.bike\/sk\/casto-kladene-otazky\/pouzivanie\/\" \/>\n<meta property=\"og:site_name\" content=\"Bike tracker | TrackHead\" \/>\n<meta property=\"article:publisher\" content=\"https:\/\/www.facebook.com\/jerearth\" \/>\n<meta property=\"article:modified_time\" content=\"2023-09-08T17:59:25+00:00\" \/>\n<meta property=\"og:image\" content=\"https:\/\/trackhead.bike\/wp-content\/uploads\/sites\/2\/2023\/06\/vlcsnap-2023-06-23-14h11m49s296.jpg\" \/>\n\t<meta property=\"og:image:width\" content=\"590\" \/>\n\t<meta property=\"og:image:height\" content=\"1280\" \/>\n\t<meta property=\"og:image:type\" content=\"image\/jpeg\" \/>\n<meta name=\"twitter:card\" content=\"summary_large_image\" \/>\n<script type=\"application\/ld+json\" class=\"yoast-schema-graph\">{\"@context\":\"https:\/\/schema.org\",\"@graph\":[{\"@type\":\"WebPage\",\"@id\":\"https:\/\/trackhead.bike\/sk\/casto-kladene-otazky\/pouzivanie\/\",\"url\":\"https:\/\/trackhead.bike\/sk\/casto-kladene-otazky\/pouzivanie\/\",\"name\":\"Pou\u017e\u00edvanie - GPS Lok\u00e1tor | TrackHead\",\"isPartOf\":{\"@id\":\"https:\/\/trackhead.bike\/sk\/#website\"},\"datePublished\":\"2023-07-02T22:20:07+00:00\",\"dateModified\":\"2023-09-08T17:59:25+00:00\",\"description\":\"%\",\"breadcrumb\":{\"@id\":\"https:\/\/trackhead.bike\/sk\/casto-kladene-otazky\/pouzivanie\/#breadcrumb\"},\"inLanguage\":\"sk-SK\",\"potentialAction\":[{\"@type\":\"ReadAction\",\"target\":[\"https:\/\/trackhead.bike\/sk\/casto-kladene-otazky\/pouzivanie\/\"]}]},{\"@type\":\"BreadcrumbList\",\"@id\":\"https:\/\/trackhead.bike\/sk\/casto-kladene-otazky\/pouzivanie\/#breadcrumb\",\"itemListElement\":[{\"@type\":\"ListItem\",\"position\":1,\"name\":\"Domov\",\"item\":\"https:\/\/trackhead.bike\/sk\/\"},{\"@type\":\"ListItem\",\"position\":2,\"name\":\"FAQ ot\u00e1zky\",\"item\":\"https:\/\/trackhead.bike\/sk\/gps-bike-trakcer-faq\/\"},{\"@type\":\"ListItem\",\"position\":3,\"name\":\"Pou\u017e\u00edvanie\"}]},{\"@type\":\"WebSite\",\"@id\":\"https:\/\/trackhead.bike\/sk\/#website\",\"url\":\"https:\/\/trackhead.bike\/sk\/\",\"name\":\"Best GPS tracker for Bike | TrackHead\",\"description\":\"Bike tracker, gps insurance for bike, thieve protection\",\"publisher\":{\"@id\":\"https:\/\/trackhead.bike\/sk\/#organization\"},\"alternateName\":\"Track Bike with gps tracker | TrackHead\",\"potentialAction\":[{\"@type\":\"SearchAction\",\"target\":{\"@type\":\"EntryPoint\",\"urlTemplate\":\"https:\/\/trackhead.bike\/sk\/?s={search_term_string}\"},\"query-input\":\"required name=search_term_string\"}],\"inLanguage\":\"sk-SK\"},{\"@type\":\"Organization\",\"@id\":\"https:\/\/trackhead.bike\/sk\/#organization\",\"name\":\"JER\",\"url\":\"https:\/\/trackhead.bike\/sk\/\",\"logo\":{\"@type\":\"ImageObject\",\"inLanguage\":\"sk-SK\",\"@id\":\"https:\/\/trackhead.bike\/sk\/#\/schema\/logo\/image\/\",\"url\":\"https:\/\/trackhead.bike\/wp-content\/uploads\/sites\/2\/2023\/06\/logo-black.svg\",\"contentUrl\":\"https:\/\/trackhead.bike\/wp-content\/uploads\/sites\/2\/2023\/06\/logo-black.svg\",\"width\":180,\"height\":100,\"caption\":\"JER\"},\"image\":{\"@id\":\"https:\/\/trackhead.bike\/sk\/#\/schema\/logo\/image\/\"},\"sameAs\":[\"https:\/\/www.facebook.com\/jerearth\",\"https:\/\/www.linkedin.com\/company\/jerearth\/\",\"https:\/\/www.youtube.com\/@jer-earth\"]}]}<\/script>\n<!-- \/ Yoast SEO Premium plugin. -->","yoast_head_json":{"title":"Pou\u017e\u00edvanie - GPS Lok\u00e1tor | TrackHead","description":"%","robots":{"index":"index","follow":"follow","max-snippet":"max-snippet:-1","max-image-preview":"max-image-preview:large","max-video-preview":"max-video-preview:-1"},"canonical":"https:\/\/trackhead.bike\/sk\/casto-kladene-otazky\/pouzivanie\/","og_locale":"sk_SK","og_type":"article","og_title":"Pou\u017e\u00edvanie","og_description":"%","og_url":"https:\/\/trackhead.bike\/sk\/casto-kladene-otazky\/pouzivanie\/","og_site_name":"Bike tracker | TrackHead","article_publisher":"https:\/\/www.facebook.com\/jerearth","article_modified_time":"2023-09-08T17:59:25+00:00","og_image":[{"width":590,"height":1280,"url":"https:\/\/trackhead.bike\/wp-content\/uploads\/sites\/2\/2023\/06\/vlcsnap-2023-06-23-14h11m49s296.jpg","type":"image\/jpeg"}],"twitter_card":"summary_large_image","schema":{"@context":"https:\/\/schema.org","@graph":[{"@type":"WebPage","@id":"https:\/\/trackhead.bike\/sk\/casto-kladene-otazky\/pouzivanie\/","url":"https:\/\/trackhead.bike\/sk\/casto-kladene-otazky\/pouzivanie\/","name":"Pou\u017e\u00edvanie - GPS Lok\u00e1tor | TrackHead","isPartOf":{"@id":"https:\/\/trackhead.bike\/sk\/#website"},"datePublished":"2023-07-02T22:20:07+00:00","dateModified":"2023-09-08T17:59:25+00:00","description":"%","breadcrumb":{"@id":"https:\/\/trackhead.bike\/sk\/casto-kladene-otazky\/pouzivanie\/#breadcrumb"},"inLanguage":"sk-SK","potentialAction":[{"@type":"ReadAction","target":["https:\/\/trackhead.bike\/sk\/casto-kladene-otazky\/pouzivanie\/"]}]},{"@type":"BreadcrumbList","@id":"https:\/\/trackhead.bike\/sk\/casto-kladene-otazky\/pouzivanie\/#breadcrumb","itemListElement":[{"@type":"ListItem","position":1,"name":"Domov","item":"https:\/\/trackhead.bike\/sk\/"},{"@type":"ListItem","position":2,"name":"FAQ ot\u00e1zky","item":"https:\/\/trackhead.bike\/sk\/gps-bike-trakcer-faq\/"},{"@type":"ListItem","position":3,"name":"Pou\u017e\u00edvanie"}]},{"@type":"WebSite","@id":"https:\/\/trackhead.bike\/sk\/#website","url":"https:\/\/trackhead.bike\/sk\/","name":"Best GPS tracker for Bike | TrackHead","description":"Bike tracker, gps insurance for bike, thieve protection","publisher":{"@id":"https:\/\/trackhead.bike\/sk\/#organization"},"alternateName":"Track Bike with gps tracker | TrackHead","potentialAction":[{"@type":"SearchAction","target":{"@type":"EntryPoint","urlTemplate":"https:\/\/trackhead.bike\/sk\/?s={search_term_string}"},"query-input":"required name=search_term_string"}],"inLanguage":"sk-SK"},{"@type":"Organization","@id":"https:\/\/trackhead.bike\/sk\/#organization","name":"JER","url":"https:\/\/trackhead.bike\/sk\/","logo":{"@type":"ImageObject","inLanguage":"sk-SK","@id":"https:\/\/trackhead.bike\/sk\/#\/schema\/logo\/image\/","url":"https:\/\/trackhead.bike\/wp-content\/uploads\/sites\/2\/2023\/06\/logo-black.svg","contentUrl":"https:\/\/trackhead.bike\/wp-content\/uploads\/sites\/2\/2023\/06\/logo-black.svg","width":180,"height":100,"caption":"JER"},"image":{"@id":"https:\/\/trackhead.bike\/sk\/#\/schema\/logo\/image\/"},"sameAs":["https:\/\/www.facebook.com\/jerearth","https:\/\/www.linkedin.com\/company\/jerearth\/","https:\/\/www.youtube.com\/@jer-earth"]}]}},"_links":{"self":[{"href":"https:\/\/trackhead.bike\/sk\/wp-json\/wp\/v2\/pages\/1790"}],"collection":[{"href":"https:\/\/trackhead.bike\/sk\/wp-json\/wp\/v2\/pages"}],"about":[{"href":"https:\/\/trackhead.bike\/sk\/wp-json\/wp\/v2\/types\/page"}],"author":[{"embeddable":true,"href":"https:\/\/trackhead.bike\/sk\/wp-json\/wp\/v2\/users\/1"}],"replies":[{"embeddable":true,"href":"https:\/\/trackhead.bike\/sk\/wp-json\/wp\/v2\/comments?post=1790"}],"version-history":[{"count":2,"href":"https:\/\/trackhead.bike\/sk\/wp-json\/wp\/v2\/pages\/1790\/revisions"}],"predecessor-version":[{"id":3291,"href":"https:\/\/trackhead.bike\/sk\/wp-json\/wp\/v2\/pages\/1790\/revisions\/3291"}],"up":[{"embeddable":true,"href":"https:\/\/trackhead.bike\/sk\/wp-json\/wp\/v2\/pages\/1448"}],"wp:featuredmedia":[{"embeddable":true,"href":"https:\/\/trackhead.bike\/sk\/wp-json\/wp\/v2\/media\/1709"}],"wp:attachment":[{"href":"https:\/\/trackhead.bike\/sk\/wp-json\/wp\/v2\/media?parent=1790"}],"curies":[{"name":"wp","href":"https:\/\/api.w.org\/{rel}","templated":true}]}}