{"id":2498,"date":"2023-08-01T12:55:10","date_gmt":"2023-08-01T10:55:10","guid":{"rendered":"https:\/\/trackhead.bike\/obchod-s-gps-zariadeniami\/kosik\/"},"modified":"2023-09-03T21:49:39","modified_gmt":"2023-09-03T19:49:39","slug":"cart","status":"publish","type":"page","link":"https:\/\/trackhead.bike\/sk\/shop\/cart\/","title":{"rendered":"Ko\u0161\u00edk"},"content":{"rendered":"\t\t<div data-elementor-type=\"wp-page\" data-elementor-id=\"2498\" class=\"elementor elementor-2498 elementor-2419\" data-elementor-post-type=\"page\">\n\t\t\t\t<div class=\"elementor-element elementor-element-2ec98bfa e-flex e-con-boxed wpr-particle-no wpr-jarallax-no wpr-parallax-no wpr-sticky-section-no e-con e-parent\" data-id=\"2ec98bfa\" data-element_type=\"container\" data-settings=\"{&quot;background_background&quot;:&quot;classic&quot;,&quot;_ob_use_container_extras&quot;:&quot;no&quot;,&quot;_ob_column_hoveranimator&quot;:&quot;no&quot;,&quot;_ob_glider_is_slider&quot;:&quot;no&quot;,&quot;_ob_column_has_pseudo&quot;:&quot;no&quot;}\">\n\t\t\t\t\t<div class=\"e-con-inner\">\n\t\t\t\t<div class=\"elementor-element elementor-element-0ece1d9 elementor-widget__width-inherit ob-has-background-overlay elementor-widget elementor-widget-woocommerce-breadcrumb\" data-id=\"0ece1d9\" data-element_type=\"widget\" data-settings=\"{&quot;_ob_widget_stalker_use&quot;:&quot;no&quot;,&quot;_ob_poopart_use&quot;:&quot;yes&quot;,&quot;_ob_shadough_use&quot;:&quot;no&quot;,&quot;_ob_allow_hoveranimator&quot;:&quot;no&quot;}\" data-widget_type=\"woocommerce-breadcrumb.default\">\n\t\t\t\t<div class=\"elementor-widget-container\">\n\t\t\t<link rel=\"stylesheet\" href=\"https:\/\/trackhead.bike\/wp-content\/plugins\/elementor-pro\/assets\/css\/widget-woocommerce.min.css\"><nav class=\"woocommerce-breadcrumb\">Domov<\/nav>\t\t<\/div>\n\t\t\t\t<\/div>\n\t\t\t\t\t<\/div>\n\t\t\t\t<\/div>\n\t\t<div class=\"elementor-element elementor-element-65da20fe e-flex e-con-boxed wpr-particle-no wpr-jarallax-no wpr-parallax-no wpr-sticky-section-no e-con e-parent\" data-id=\"65da20fe\" data-element_type=\"container\" data-settings=\"{&quot;_ob_use_container_extras&quot;:&quot;no&quot;,&quot;_ob_column_hoveranimator&quot;:&quot;no&quot;,&quot;_ob_glider_is_slider&quot;:&quot;no&quot;,&quot;_ob_column_has_pseudo&quot;:&quot;no&quot;}\">\n\t\t\t\t\t<div class=\"e-con-inner\">\n\t\t\t\t\t<\/div>\n\t\t\t\t<\/div>\n\t\t<div class=\"elementor-element elementor-element-53c8d04 e-flex e-con-boxed wpr-particle-no wpr-jarallax-no wpr-parallax-no wpr-sticky-section-no e-con e-parent\" data-id=\"53c8d04\" data-element_type=\"container\" data-settings=\"{&quot;_ob_use_container_extras&quot;:&quot;no&quot;,&quot;_ob_column_hoveranimator&quot;:&quot;no&quot;,&quot;_ob_glider_is_slider&quot;:&quot;no&quot;,&quot;_ob_column_has_pseudo&quot;:&quot;no&quot;}\">\n\t\t\t\t\t<div class=\"e-con-inner\">\n\t\t\t\t\t<\/div>\n\t\t\t\t<\/div>\n\t\t\t\t<\/div>\n\t\t","protected":false},"excerpt":{"rendered":"<p>&nbsp; Product &nbsp; Price Quantity Subtotal &times; Battery 3500mAh for TrackHead &#8211; GPS Tracker 30,00&nbsp;&euro; Battery 3500mAh for TrackHead &#8211; GPS Tracker quantity 30,00&nbsp;&euro; (incl. VAT) &times; Extender for head set 6,00&nbsp;&euro; Extender for head set quantity 6,00&nbsp;&euro; (incl. VAT) &times; Standard aluminium case 33,60&nbsp;&euro; Standard aluminium case quantity 67,20&nbsp;&euro; (incl. VAT) Aktualizuj ko\u0161\u00edk Pou\u017ei [&hellip;]<\/p>\n","protected":false},"author":1,"featured_media":0,"parent":2494,"menu_order":0,"comment_status":"closed","ping_status":"closed","template":"","meta":{"footnotes":""},"yoast_head":"<!-- This site is optimized with the Yoast SEO Premium plugin v20.11 (Yoast SEO v21.0) - https:\/\/yoast.com\/wordpress\/plugins\/seo\/ -->\n<title>Ko\u0161\u00edk - GPS Lok\u00e1tor | TrackHead<\/title>\n<meta name=\"description\" content=\"%\" \/>\n<meta name=\"robots\" content=\"index, follow, max-snippet:-1, max-image-preview:large, max-video-preview:-1\" \/>\n<link rel=\"canonical\" href=\"https:\/\/trackhead.bike\/sk\/shop\/cart\/\" \/>\n<meta property=\"og:locale\" content=\"sk_SK\" \/>\n<meta property=\"og:type\" content=\"article\" \/>\n<meta property=\"og:title\" content=\"Ko\u0161\u00edk\" \/>\n<meta property=\"og:description\" content=\"%\" \/>\n<meta property=\"og:url\" content=\"https:\/\/trackhead.bike\/sk\/shop\/cart\/\" \/>\n<meta property=\"og:site_name\" content=\"Bike tracker | TrackHead\" \/>\n<meta property=\"article:publisher\" content=\"https:\/\/www.facebook.com\/jerearth\" \/>\n<meta property=\"article:modified_time\" content=\"2023-09-03T19:49:39+00:00\" \/>\n<meta property=\"og:image\" content=\"https:\/\/trackhead.bike\/wp-content\/uploads\/sites\/2\/2023\/08\/gps-trackhead-battery_r-300x300.jpg\" \/>\n<meta name=\"twitter:card\" content=\"summary_large_image\" \/>\n<meta name=\"twitter:label1\" content=\"Predpokladan\u00fd \u010das \u010d\u00edtania\" \/>\n\t<meta name=\"twitter:data1\" content=\"1 min\u00fata\" \/>\n<script type=\"application\/ld+json\" class=\"yoast-schema-graph\">{\"@context\":\"https:\/\/schema.org\",\"@graph\":[{\"@type\":\"WebPage\",\"@id\":\"https:\/\/trackhead.bike\/sk\/shop\/cart\/\",\"url\":\"https:\/\/trackhead.bike\/sk\/shop\/cart\/\",\"name\":\"Ko\u0161\u00edk - GPS Lok\u00e1tor | TrackHead\",\"isPartOf\":{\"@id\":\"https:\/\/trackhead.bike\/sk\/#website\"},\"datePublished\":\"2023-08-01T10:55:10+00:00\",\"dateModified\":\"2023-09-03T19:49:39+00:00\",\"description\":\"%\",\"breadcrumb\":{\"@id\":\"https:\/\/trackhead.bike\/sk\/shop\/cart\/#breadcrumb\"},\"inLanguage\":\"sk-SK\",\"potentialAction\":[{\"@type\":\"ReadAction\",\"target\":[\"https:\/\/trackhead.bike\/sk\/shop\/cart\/\"]}]},{\"@type\":\"BreadcrumbList\",\"@id\":\"https:\/\/trackhead.bike\/sk\/shop\/cart\/#breadcrumb\",\"itemListElement\":[{\"@type\":\"ListItem\",\"position\":1,\"name\":\"Domov\",\"item\":\"https:\/\/trackhead.bike\/sk\/\"},{\"@type\":\"ListItem\",\"position\":2,\"name\":\"Obchod\",\"item\":\"https:\/\/trackhead.bike\/sk\/shop\/\"},{\"@type\":\"ListItem\",\"position\":3,\"name\":\"Ko\u0161\u00edk\"}]},{\"@type\":\"WebSite\",\"@id\":\"https:\/\/trackhead.bike\/sk\/#website\",\"url\":\"https:\/\/trackhead.bike\/sk\/\",\"name\":\"Best GPS tracker for Bike | TrackHead\",\"description\":\"Bike tracker, gps insurance for bike, thieve protection\",\"publisher\":{\"@id\":\"https:\/\/trackhead.bike\/sk\/#organization\"},\"alternateName\":\"Track Bike with gps tracker | TrackHead\",\"potentialAction\":[{\"@type\":\"SearchAction\",\"target\":{\"@type\":\"EntryPoint\",\"urlTemplate\":\"https:\/\/trackhead.bike\/sk\/?s={search_term_string}\"},\"query-input\":\"required name=search_term_string\"}],\"inLanguage\":\"sk-SK\"},{\"@type\":\"Organization\",\"@id\":\"https:\/\/trackhead.bike\/sk\/#organization\",\"name\":\"JER\",\"url\":\"https:\/\/trackhead.bike\/sk\/\",\"logo\":{\"@type\":\"ImageObject\",\"inLanguage\":\"sk-SK\",\"@id\":\"https:\/\/trackhead.bike\/sk\/#\/schema\/logo\/image\/\",\"url\":\"https:\/\/trackhead.bike\/wp-content\/uploads\/sites\/2\/2023\/06\/logo-black.svg\",\"contentUrl\":\"https:\/\/trackhead.bike\/wp-content\/uploads\/sites\/2\/2023\/06\/logo-black.svg\",\"width\":180,\"height\":100,\"caption\":\"JER\"},\"image\":{\"@id\":\"https:\/\/trackhead.bike\/sk\/#\/schema\/logo\/image\/\"},\"sameAs\":[\"https:\/\/www.facebook.com\/jerearth\",\"https:\/\/www.linkedin.com\/company\/jerearth\/\",\"https:\/\/www.youtube.com\/@jer-earth\"]}]}<\/script>\n<!-- \/ Yoast SEO Premium plugin. -->","yoast_head_json":{"title":"Ko\u0161\u00edk - GPS Lok\u00e1tor | TrackHead","description":"%","robots":{"index":"index","follow":"follow","max-snippet":"max-snippet:-1","max-image-preview":"max-image-preview:large","max-video-preview":"max-video-preview:-1"},"canonical":"https:\/\/trackhead.bike\/sk\/shop\/cart\/","og_locale":"sk_SK","og_type":"article","og_title":"Ko\u0161\u00edk","og_description":"%","og_url":"https:\/\/trackhead.bike\/sk\/shop\/cart\/","og_site_name":"Bike tracker | TrackHead","article_publisher":"https:\/\/www.facebook.com\/jerearth","article_modified_time":"2023-09-03T19:49:39+00:00","og_image":[{"url":"https:\/\/trackhead.bike\/wp-content\/uploads\/sites\/2\/2023\/08\/gps-trackhead-battery_r-300x300.jpg"}],"twitter_card":"summary_large_image","twitter_misc":{"Predpokladan\u00fd \u010das \u010d\u00edtania":"1 min\u00fata"},"schema":{"@context":"https:\/\/schema.org","@graph":[{"@type":"WebPage","@id":"https:\/\/trackhead.bike\/sk\/shop\/cart\/","url":"https:\/\/trackhead.bike\/sk\/shop\/cart\/","name":"Ko\u0161\u00edk - GPS Lok\u00e1tor | TrackHead","isPartOf":{"@id":"https:\/\/trackhead.bike\/sk\/#website"},"datePublished":"2023-08-01T10:55:10+00:00","dateModified":"2023-09-03T19:49:39+00:00","description":"%","breadcrumb":{"@id":"https:\/\/trackhead.bike\/sk\/shop\/cart\/#breadcrumb"},"inLanguage":"sk-SK","potentialAction":[{"@type":"ReadAction","target":["https:\/\/trackhead.bike\/sk\/shop\/cart\/"]}]},{"@type":"BreadcrumbList","@id":"https:\/\/trackhead.bike\/sk\/shop\/cart\/#breadcrumb","itemListElement":[{"@type":"ListItem","position":1,"name":"Domov","item":"https:\/\/trackhead.bike\/sk\/"},{"@type":"ListItem","position":2,"name":"Obchod","item":"https:\/\/trackhead.bike\/sk\/shop\/"},{"@type":"ListItem","position":3,"name":"Ko\u0161\u00edk"}]},{"@type":"WebSite","@id":"https:\/\/trackhead.bike\/sk\/#website","url":"https:\/\/trackhead.bike\/sk\/","name":"Best GPS tracker for Bike | TrackHead","description":"Bike tracker, gps insurance for bike, thieve protection","publisher":{"@id":"https:\/\/trackhead.bike\/sk\/#organization"},"alternateName":"Track Bike with gps tracker | TrackHead","potentialAction":[{"@type":"SearchAction","target":{"@type":"EntryPoint","urlTemplate":"https:\/\/trackhead.bike\/sk\/?s={search_term_string}"},"query-input":"required name=search_term_string"}],"inLanguage":"sk-SK"},{"@type":"Organization","@id":"https:\/\/trackhead.bike\/sk\/#organization","name":"JER","url":"https:\/\/trackhead.bike\/sk\/","logo":{"@type":"ImageObject","inLanguage":"sk-SK","@id":"https:\/\/trackhead.bike\/sk\/#\/schema\/logo\/image\/","url":"https:\/\/trackhead.bike\/wp-content\/uploads\/sites\/2\/2023\/06\/logo-black.svg","contentUrl":"https:\/\/trackhead.bike\/wp-content\/uploads\/sites\/2\/2023\/06\/logo-black.svg","width":180,"height":100,"caption":"JER"},"image":{"@id":"https:\/\/trackhead.bike\/sk\/#\/schema\/logo\/image\/"},"sameAs":["https:\/\/www.facebook.com\/jerearth","https:\/\/www.linkedin.com\/company\/jerearth\/","https:\/\/www.youtube.com\/@jer-earth"]}]}},"_links":{"self":[{"href":"https:\/\/trackhead.bike\/sk\/wp-json\/wp\/v2\/pages\/2498"}],"collection":[{"href":"https:\/\/trackhead.bike\/sk\/wp-json\/wp\/v2\/pages"}],"about":[{"href":"https:\/\/trackhead.bike\/sk\/wp-json\/wp\/v2\/types\/page"}],"author":[{"embeddable":true,"href":"https:\/\/trackhead.bike\/sk\/wp-json\/wp\/v2\/users\/1"}],"replies":[{"embeddable":true,"href":"https:\/\/trackhead.bike\/sk\/wp-json\/wp\/v2\/comments?post=2498"}],"version-history":[{"count":10,"href":"https:\/\/trackhead.bike\/sk\/wp-json\/wp\/v2\/pages\/2498\/revisions"}],"predecessor-version":[{"id":3288,"href":"https:\/\/trackhead.bike\/sk\/wp-json\/wp\/v2\/pages\/2498\/revisions\/3288"}],"up":[{"embeddable":true,"href":"https:\/\/trackhead.bike\/sk\/wp-json\/wp\/v2\/pages\/2494"}],"wp:attachment":[{"href":"https:\/\/trackhead.bike\/sk\/wp-json\/wp\/v2\/media?parent=2498"}],"curies":[{"name":"wp","href":"https:\/\/api.w.org\/{rel}","templated":true}]}}