{"id":3612,"date":"2024-06-05T12:21:56","date_gmt":"2024-06-05T10:21:56","guid":{"rendered":"https:\/\/trackhead.bike\/novinky\/"},"modified":"2024-06-05T12:38:08","modified_gmt":"2024-06-05T10:38:08","slug":"novinky","status":"publish","type":"page","link":"https:\/\/trackhead.bike\/sk\/novinky\/","title":{"rendered":"Novinky"},"content":{"rendered":"\t\t<div data-elementor-type=\"wp-page\" data-elementor-id=\"3612\" class=\"elementor elementor-3612 elementor-3603\" data-elementor-post-type=\"page\">\n\t\t\t\t<div class=\"elementor-element elementor-element-4c46aefa e-flex e-con-boxed wpr-particle-no wpr-jarallax-no wpr-parallax-no wpr-sticky-section-no e-con e-parent\" data-id=\"4c46aefa\" data-element_type=\"container\" data-settings=\"{&quot;background_background&quot;:&quot;classic&quot;,&quot;_ob_use_container_extras&quot;:&quot;no&quot;,&quot;_ob_column_hoveranimator&quot;:&quot;no&quot;,&quot;_ob_glider_is_slider&quot;:&quot;no&quot;,&quot;_ob_column_has_pseudo&quot;:&quot;no&quot;}\">\n\t\t\t\t\t<div class=\"e-con-inner\">\n\t\t\t\t\t<\/div>\n\t\t\t\t<\/div>\n\t\t<div class=\"elementor-element elementor-element-4274627b e-flex e-con-boxed wpr-particle-no wpr-jarallax-no wpr-parallax-no wpr-sticky-section-no e-con e-parent\" data-id=\"4274627b\" data-element_type=\"container\" data-settings=\"{&quot;_ob_use_container_extras&quot;:&quot;no&quot;,&quot;_ob_column_hoveranimator&quot;:&quot;no&quot;,&quot;_ob_glider_is_slider&quot;:&quot;no&quot;,&quot;_ob_column_has_pseudo&quot;:&quot;no&quot;}\">\n\t\t\t\t\t<div class=\"e-con-inner\">\n\t\t\t\t<div class=\"elementor-element elementor-element-6ff5ef88 ob-has-background-overlay elementor-widget elementor-widget-breadcrumbs\" data-id=\"6ff5ef88\" data-element_type=\"widget\" data-settings=\"{&quot;_ob_widget_stalker_use&quot;:&quot;no&quot;,&quot;_ob_poopart_use&quot;:&quot;yes&quot;,&quot;_ob_shadough_use&quot;:&quot;no&quot;,&quot;_ob_allow_hoveranimator&quot;:&quot;no&quot;}\" data-widget_type=\"breadcrumbs.default\">\n\t\t\t\t<div class=\"elementor-widget-container\">\n\t\t\t<link rel=\"stylesheet\" href=\"https:\/\/trackhead.bike\/wp-content\/plugins\/elementor-pro\/assets\/css\/widget-theme-elements.min.css\"><p id=\"breadcrumbs\"><span><span><a href=\"https:\/\/trackhead.bike\/sk\/\">Domov<\/a><\/span><\/span><\/p>\t\t<\/div>\n\t\t\t\t<\/div>\n\t\t\t\t\t<\/div>\n\t\t\t\t<\/div>\n\t\t<div class=\"elementor-element elementor-element-37fe755 e-flex e-con-boxed wpr-particle-no wpr-jarallax-no wpr-parallax-no wpr-sticky-section-no e-con e-parent\" data-id=\"37fe755\" data-element_type=\"container\" data-settings=\"{&quot;_ob_use_container_extras&quot;:&quot;no&quot;,&quot;_ob_column_hoveranimator&quot;:&quot;no&quot;,&quot;_ob_glider_is_slider&quot;:&quot;no&quot;,&quot;_ob_column_has_pseudo&quot;:&quot;no&quot;}\">\n\t\t\t\t\t<div class=\"e-con-inner\">\n\t\t\t\t<div class=\"elementor-element elementor-element-493a5b3 elementor-grid-3 elementor-grid-tablet-2 elementor-grid-mobile-1 elementor-posts--thumbnail-top ob-has-background-overlay elementor-widget elementor-widget-posts\" data-id=\"493a5b3\" data-element_type=\"widget\" data-settings=\"{&quot;classic_columns&quot;:&quot;3&quot;,&quot;classic_columns_tablet&quot;:&quot;2&quot;,&quot;classic_columns_mobile&quot;:&quot;1&quot;,&quot;classic_row_gap&quot;:{&quot;unit&quot;:&quot;px&quot;,&quot;size&quot;:35,&quot;sizes&quot;:[]},&quot;classic_row_gap_tablet&quot;:{&quot;unit&quot;:&quot;px&quot;,&quot;size&quot;:&quot;&quot;,&quot;sizes&quot;:[]},&quot;classic_row_gap_mobile&quot;:{&quot;unit&quot;:&quot;px&quot;,&quot;size&quot;:&quot;&quot;,&quot;sizes&quot;:[]},&quot;_ob_widget_stalker_use&quot;:&quot;no&quot;,&quot;_ob_poopart_use&quot;:&quot;yes&quot;,&quot;_ob_shadough_use&quot;:&quot;no&quot;,&quot;_ob_allow_hoveranimator&quot;:&quot;no&quot;}\" data-widget_type=\"posts.classic\">\n\t\t\t\t<div class=\"elementor-widget-container\">\n\t\t\t<link rel=\"stylesheet\" href=\"https:\/\/trackhead.bike\/wp-content\/plugins\/elementor-pro\/assets\/css\/widget-posts.min.css\">\t\t<div class=\"elementor-posts-container elementor-posts elementor-posts--skin-classic elementor-grid\">\n\t\t\t\t<article class=\"elementor-post elementor-grid-item post-2440 post type-post status-publish format-standard has-post-thumbnail hentry category-uncategorized-sk\">\n\t\t\t\t<a class=\"elementor-post__thumbnail__link\" href=\"https:\/\/trackhead.bike\/sk\/2025\/09\/20\/faq\/\" tabindex=\"-1\" >\n\t\t\t<div class=\"elementor-post__thumbnail\"><img fetchpriority=\"high\" decoding=\"async\" width=\"300\" height=\"169\" src=\"https:\/\/trackhead.bike\/wp-content\/uploads\/sites\/2\/2025\/09\/TRACKEAD-FAQ-1-300x169.png\" class=\"attachment-medium size-medium wp-image-4094\" alt=\"\" srcset=\"https:\/\/trackhead.bike\/wp-content\/uploads\/sites\/2\/2025\/09\/TRACKEAD-FAQ-1-300x169.png 300w, https:\/\/trackhead.bike\/wp-content\/uploads\/sites\/2\/2025\/09\/TRACKEAD-FAQ-1-1024x576.png 1024w, https:\/\/trackhead.bike\/wp-content\/uploads\/sites\/2\/2025\/09\/TRACKEAD-FAQ-1-768x432.png 768w, https:\/\/trackhead.bike\/wp-content\/uploads\/sites\/2\/2025\/09\/TRACKEAD-FAQ-1-600x338.png 600w, https:\/\/trackhead.bike\/wp-content\/uploads\/sites\/2\/2025\/09\/TRACKEAD-FAQ-1.png 1280w\" sizes=\"(max-width: 300px) 100vw, 300px\" \/><\/div>\n\t\t<\/a>\n\t\t\t\t<div class=\"elementor-post__text\">\n\t\t\t\t<h3 class=\"elementor-post__title\">\n\t\t\t<a href=\"https:\/\/trackhead.bike\/sk\/2025\/09\/20\/faq\/\" >\n\t\t\t\tGPS TRACKER TRACKHEAD &#8211; \u010cASTO KLADEN\u00c9 OT\u00c1ZKY (FAQ)\t\t\t<\/a>\n\t\t<\/h3>\n\t\t\t\t<div class=\"elementor-post__meta-data\">\n\t\t\t\t\t<span class=\"elementor-post-date\">\n\t\t\t20. septembra 2025\t\t<\/span>\n\t\t\t\t<span class=\"elementor-post-avatar\">\n\t\t\tNekomentovan\u00e9\t\t<\/span>\n\t\t\t\t<\/div>\n\t\t\n\t\t<a class=\"elementor-post__read-more\" href=\"https:\/\/trackhead.bike\/sk\/2025\/09\/20\/faq\/\" aria-label=\"Read more about GPS TRACKER TRACKHEAD &#8211; \u010cASTO KLADEN\u00c9 OT\u00c1ZKY (FAQ)\" tabindex=\"-1\" >\n\t\t\t\u010c\u00edtaj viac \u00bb\t\t<\/a>\n\n\t\t\t\t<\/div>\n\t\t\t\t<\/article>\n\t\t\t\t<article class=\"elementor-post elementor-grid-item post-4017 post type-post status-publish format-standard has-post-thumbnail hentry category-uncategorized-sk\">\n\t\t\t\t<a class=\"elementor-post__thumbnail__link\" href=\"https:\/\/trackhead.bike\/sk\/2025\/06\/30\/trackheadinicializacia\/\" tabindex=\"-1\" >\n\t\t\t<div class=\"elementor-post__thumbnail\"><img decoding=\"async\" width=\"300\" height=\"200\" src=\"https:\/\/trackhead.bike\/wp-content\/uploads\/sites\/2\/2025\/06\/bicycle-1834265_1920-300x200.jpg\" class=\"attachment-medium size-medium wp-image-4033\" alt=\"\" srcset=\"https:\/\/trackhead.bike\/wp-content\/uploads\/sites\/2\/2025\/06\/bicycle-1834265_1920-300x200.jpg 300w, https:\/\/trackhead.bike\/wp-content\/uploads\/sites\/2\/2025\/06\/bicycle-1834265_1920-1024x683.jpg 1024w, https:\/\/trackhead.bike\/wp-content\/uploads\/sites\/2\/2025\/06\/bicycle-1834265_1920-768x512.jpg 768w, https:\/\/trackhead.bike\/wp-content\/uploads\/sites\/2\/2025\/06\/bicycle-1834265_1920-1536x1024.jpg 1536w, https:\/\/trackhead.bike\/wp-content\/uploads\/sites\/2\/2025\/06\/bicycle-1834265_1920-600x400.jpg 600w, https:\/\/trackhead.bike\/wp-content\/uploads\/sites\/2\/2025\/06\/bicycle-1834265_1920.jpg 1920w\" sizes=\"(max-width: 300px) 100vw, 300px\" \/><\/div>\n\t\t<\/a>\n\t\t\t\t<div class=\"elementor-post__text\">\n\t\t\t\t<h3 class=\"elementor-post__title\">\n\t\t\t<a href=\"https:\/\/trackhead.bike\/sk\/2025\/06\/30\/trackheadinicializacia\/\" >\n\t\t\t\tTrackhead GPS lok\u00e1tor: Mobiln\u00e1 inicializ\u00e1cia za 5 min\u00fat\t\t\t<\/a>\n\t\t<\/h3>\n\t\t\t\t<div class=\"elementor-post__meta-data\">\n\t\t\t\t\t<span class=\"elementor-post-date\">\n\t\t\t30. j\u00fana 2025\t\t<\/span>\n\t\t\t\t<span class=\"elementor-post-avatar\">\n\t\t\tNekomentovan\u00e9\t\t<\/span>\n\t\t\t\t<\/div>\n\t\t\n\t\t<a class=\"elementor-post__read-more\" href=\"https:\/\/trackhead.bike\/sk\/2025\/06\/30\/trackheadinicializacia\/\" aria-label=\"Read more about Trackhead GPS lok\u00e1tor: Mobiln\u00e1 inicializ\u00e1cia za 5 min\u00fat\" tabindex=\"-1\" >\n\t\t\t\u010c\u00edtaj viac \u00bb\t\t<\/a>\n\n\t\t\t\t<\/div>\n\t\t\t\t<\/article>\n\t\t\t\t<article class=\"elementor-post elementor-grid-item post-3986 post type-post status-publish format-standard has-post-thumbnail hentry category-nezaradene-sk-2\">\n\t\t\t\t<a class=\"elementor-post__thumbnail__link\" href=\"https:\/\/trackhead.bike\/sk\/2025\/03\/12\/trackhead-gps-ochrana-spolahlivost-a-vykon-pre-tvoj-bike-uz-stvrtu-sezonu\/\" tabindex=\"-1\" >\n\t\t\t<div class=\"elementor-post__thumbnail\"><img decoding=\"async\" width=\"300\" height=\"195\" src=\"https:\/\/trackhead.bike\/wp-content\/uploads\/sites\/2\/2023\/10\/TrackHead-300x195.webp\" class=\"attachment-medium size-medium wp-image-3435\" alt=\"\" srcset=\"https:\/\/trackhead.bike\/wp-content\/uploads\/sites\/2\/2023\/10\/TrackHead-300x195.webp 300w, https:\/\/trackhead.bike\/wp-content\/uploads\/sites\/2\/2023\/10\/TrackHead-1024x665.webp 1024w, https:\/\/trackhead.bike\/wp-content\/uploads\/sites\/2\/2023\/10\/TrackHead-768x499.webp 768w, https:\/\/trackhead.bike\/wp-content\/uploads\/sites\/2\/2023\/10\/TrackHead-1536x998.webp 1536w, https:\/\/trackhead.bike\/wp-content\/uploads\/sites\/2\/2023\/10\/TrackHead-600x390.webp 600w, https:\/\/trackhead.bike\/wp-content\/uploads\/sites\/2\/2023\/10\/TrackHead.webp 1905w\" sizes=\"(max-width: 300px) 100vw, 300px\" \/><\/div>\n\t\t<\/a>\n\t\t\t\t<div class=\"elementor-post__text\">\n\t\t\t\t<h3 class=\"elementor-post__title\">\n\t\t\t<a href=\"https:\/\/trackhead.bike\/sk\/2025\/03\/12\/trackhead-gps-ochrana-spolahlivost-a-vykon-pre-tvoj-bike-uz-stvrtu-sezonu\/\" >\n\t\t\t\tTrackHead GPS &#8211; Ochrana, spo\u013eahlivos\u0165 a v\u00fdkon pre tvoj bike u\u017e \u0161tvrt\u00fa sez\u00f3nu !\t\t\t<\/a>\n\t\t<\/h3>\n\t\t\t\t<div class=\"elementor-post__meta-data\">\n\t\t\t\t\t<span class=\"elementor-post-date\">\n\t\t\t12. marca 2025\t\t<\/span>\n\t\t\t\t<span class=\"elementor-post-avatar\">\n\t\t\tNekomentovan\u00e9\t\t<\/span>\n\t\t\t\t<\/div>\n\t\t\n\t\t<a class=\"elementor-post__read-more\" href=\"https:\/\/trackhead.bike\/sk\/2025\/03\/12\/trackhead-gps-ochrana-spolahlivost-a-vykon-pre-tvoj-bike-uz-stvrtu-sezonu\/\" aria-label=\"Read more about TrackHead GPS &#8211; Ochrana, spo\u013eahlivos\u0165 a v\u00fdkon pre tvoj bike u\u017e \u0161tvrt\u00fa sez\u00f3nu !\" tabindex=\"-1\" >\n\t\t\t\u010c\u00edtaj viac \u00bb\t\t<\/a>\n\n\t\t\t\t<\/div>\n\t\t\t\t<\/article>\n\t\t\t\t<article class=\"elementor-post elementor-grid-item post-3953 post type-post status-publish format-standard has-post-thumbnail hentry category-nezaradene-sk-2\">\n\t\t\t\t<a class=\"elementor-post__thumbnail__link\" href=\"https:\/\/trackhead.bike\/sk\/2024\/12\/24\/stastny-novy-rok-2025\/\" tabindex=\"-1\" >\n\t\t\t<div class=\"elementor-post__thumbnail\"><img loading=\"lazy\" decoding=\"async\" width=\"212\" height=\"300\" src=\"https:\/\/trackhead.bike\/wp-content\/uploads\/sites\/2\/2024\/12\/JER-PF2025-1-212x300.jpg\" class=\"attachment-medium size-medium wp-image-3952\" alt=\"\" srcset=\"https:\/\/trackhead.bike\/wp-content\/uploads\/sites\/2\/2024\/12\/JER-PF2025-1-212x300.jpg 212w, https:\/\/trackhead.bike\/wp-content\/uploads\/sites\/2\/2024\/12\/JER-PF2025-1-724x1024.jpg 724w, https:\/\/trackhead.bike\/wp-content\/uploads\/sites\/2\/2024\/12\/JER-PF2025-1-600x848.jpg 600w, https:\/\/trackhead.bike\/wp-content\/uploads\/sites\/2\/2024\/12\/JER-PF2025-1.jpg 744w\" sizes=\"(max-width: 212px) 100vw, 212px\" \/><\/div>\n\t\t<\/a>\n\t\t\t\t<div class=\"elementor-post__text\">\n\t\t\t\t<h3 class=\"elementor-post__title\">\n\t\t\t<a href=\"https:\/\/trackhead.bike\/sk\/2024\/12\/24\/stastny-novy-rok-2025\/\" >\n\t\t\t\t\u0160\u0165astn\u00fd nov\u00fd rok 2025\t\t\t<\/a>\n\t\t<\/h3>\n\t\t\t\t<div class=\"elementor-post__meta-data\">\n\t\t\t\t\t<span class=\"elementor-post-date\">\n\t\t\t24. decembra 2024\t\t<\/span>\n\t\t\t\t<span class=\"elementor-post-avatar\">\n\t\t\tNekomentovan\u00e9\t\t<\/span>\n\t\t\t\t<\/div>\n\t\t\n\t\t<a class=\"elementor-post__read-more\" href=\"https:\/\/trackhead.bike\/sk\/2024\/12\/24\/stastny-novy-rok-2025\/\" aria-label=\"Read more about \u0160\u0165astn\u00fd nov\u00fd rok 2025\" tabindex=\"-1\" >\n\t\t\t\u010c\u00edtaj viac \u00bb\t\t<\/a>\n\n\t\t\t\t<\/div>\n\t\t\t\t<\/article>\n\t\t\t\t<article class=\"elementor-post elementor-grid-item post-3849 post type-post status-publish format-standard has-post-thumbnail hentry category-nezaradene-sk-2\">\n\t\t\t\t<a class=\"elementor-post__thumbnail__link\" href=\"https:\/\/trackhead.bike\/sk\/2024\/07\/22\/mtb-xco-majstrovstva-slovenska-2024\/\" tabindex=\"-1\" >\n\t\t\t<div class=\"elementor-post__thumbnail\"><img loading=\"lazy\" decoding=\"async\" width=\"225\" height=\"300\" src=\"https:\/\/trackhead.bike\/wp-content\/uploads\/sites\/2\/2024\/07\/re_IMG_20240721_180907_1-225x300.webp\" class=\"attachment-medium size-medium wp-image-3729\" alt=\"\" srcset=\"https:\/\/trackhead.bike\/wp-content\/uploads\/sites\/2\/2024\/07\/re_IMG_20240721_180907_1-225x300.webp 225w, https:\/\/trackhead.bike\/wp-content\/uploads\/sites\/2\/2024\/07\/re_IMG_20240721_180907_1-768x1024.webp 768w, https:\/\/trackhead.bike\/wp-content\/uploads\/sites\/2\/2024\/07\/re_IMG_20240721_180907_1-1152x1536.webp 1152w, https:\/\/trackhead.bike\/wp-content\/uploads\/sites\/2\/2024\/07\/re_IMG_20240721_180907_1-600x800.webp 600w, https:\/\/trackhead.bike\/wp-content\/uploads\/sites\/2\/2024\/07\/re_IMG_20240721_180907_1.webp 1485w\" sizes=\"(max-width: 225px) 100vw, 225px\" \/><\/div>\n\t\t<\/a>\n\t\t\t\t<div class=\"elementor-post__text\">\n\t\t\t\t<h3 class=\"elementor-post__title\">\n\t\t\t<a href=\"https:\/\/trackhead.bike\/sk\/2024\/07\/22\/mtb-xco-majstrovstva-slovenska-2024\/\" >\n\t\t\t\tMTB &#8211; XCO Majstrovstv\u00e1 Slovenska 2024 s Petrom Saganom\t\t\t<\/a>\n\t\t<\/h3>\n\t\t\t\t<div class=\"elementor-post__meta-data\">\n\t\t\t\t\t<span class=\"elementor-post-date\">\n\t\t\t22. j\u00fala 2024\t\t<\/span>\n\t\t\t\t<span class=\"elementor-post-avatar\">\n\t\t\tNekomentovan\u00e9\t\t<\/span>\n\t\t\t\t<\/div>\n\t\t\n\t\t<a class=\"elementor-post__read-more\" href=\"https:\/\/trackhead.bike\/sk\/2024\/07\/22\/mtb-xco-majstrovstva-slovenska-2024\/\" aria-label=\"Read more about MTB &#8211; XCO Majstrovstv\u00e1 Slovenska 2024 s Petrom Saganom\" tabindex=\"-1\" >\n\t\t\t\u010c\u00edtaj viac \u00bb\t\t<\/a>\n\n\t\t\t\t<\/div>\n\t\t\t\t<\/article>\n\t\t\t\t<article class=\"elementor-post elementor-grid-item post-3644 post type-post status-publish format-standard has-post-thumbnail hentry category-nezaradene-sk-2\">\n\t\t\t\t<a class=\"elementor-post__thumbnail__link\" href=\"https:\/\/trackhead.bike\/sk\/2024\/06\/18\/vyhoda-online-sledovania-ako-prvok-bezpecnosti\/\" tabindex=\"-1\" >\n\t\t\t<div class=\"elementor-post__thumbnail\"><img loading=\"lazy\" decoding=\"async\" width=\"300\" height=\"139\" src=\"https:\/\/trackhead.bike\/wp-content\/uploads\/sites\/2\/2024\/06\/20240516_093937-300x139.webp\" class=\"attachment-medium size-medium wp-image-3646\" alt=\"\" srcset=\"https:\/\/trackhead.bike\/wp-content\/uploads\/sites\/2\/2024\/06\/20240516_093937-300x139.webp 300w, https:\/\/trackhead.bike\/wp-content\/uploads\/sites\/2\/2024\/06\/20240516_093937-1024x473.webp 1024w, https:\/\/trackhead.bike\/wp-content\/uploads\/sites\/2\/2024\/06\/20240516_093937-768x355.webp 768w, https:\/\/trackhead.bike\/wp-content\/uploads\/sites\/2\/2024\/06\/20240516_093937-1536x709.webp 1536w, https:\/\/trackhead.bike\/wp-content\/uploads\/sites\/2\/2024\/06\/20240516_093937-600x277.webp 600w, https:\/\/trackhead.bike\/wp-content\/uploads\/sites\/2\/2024\/06\/20240516_093937.webp 2040w\" sizes=\"(max-width: 300px) 100vw, 300px\" \/><\/div>\n\t\t<\/a>\n\t\t\t\t<div class=\"elementor-post__text\">\n\t\t\t\t<h3 class=\"elementor-post__title\">\n\t\t\t<a href=\"https:\/\/trackhead.bike\/sk\/2024\/06\/18\/vyhoda-online-sledovania-ako-prvok-bezpecnosti\/\" >\n\t\t\t\tV\u00fdhoda online sledovania ako prvok bezpe\u010dnosti\t\t\t<\/a>\n\t\t<\/h3>\n\t\t\t\t<div class=\"elementor-post__meta-data\">\n\t\t\t\t\t<span class=\"elementor-post-date\">\n\t\t\t18. j\u00fana 2024\t\t<\/span>\n\t\t\t\t<span class=\"elementor-post-avatar\">\n\t\t\tNekomentovan\u00e9\t\t<\/span>\n\t\t\t\t<\/div>\n\t\t\n\t\t<a class=\"elementor-post__read-more\" href=\"https:\/\/trackhead.bike\/sk\/2024\/06\/18\/vyhoda-online-sledovania-ako-prvok-bezpecnosti\/\" aria-label=\"Read more about V\u00fdhoda online sledovania ako prvok bezpe\u010dnosti\" tabindex=\"-1\" >\n\t\t\t\u010c\u00edtaj viac \u00bb\t\t<\/a>\n\n\t\t\t\t<\/div>\n\t\t\t\t<\/article>\n\t\t\t\t<\/div>\n\t\t\n\t\t\t\t<\/div>\n\t\t\t\t<\/div>\n\t\t\t\t\t<\/div>\n\t\t\t\t<\/div>\n\t\t\t\t<\/div>\n\t\t","protected":false},"excerpt":{"rendered":"","protected":false},"author":1,"featured_media":0,"parent":0,"menu_order":0,"comment_status":"closed","ping_status":"closed","template":"","meta":{"footnotes":""},"yoast_head":"<!-- This site is optimized with the Yoast SEO Premium plugin v20.11 (Yoast SEO v21.0) - https:\/\/yoast.com\/wordpress\/plugins\/seo\/ -->\n<title>Novinky - GPS Lok\u00e1tor | TrackHead<\/title>\n<meta name=\"description\" content=\"%\" \/>\n<meta name=\"robots\" content=\"index, follow, max-snippet:-1, max-image-preview:large, max-video-preview:-1\" \/>\n<link rel=\"canonical\" href=\"https:\/\/trackhead.bike\/sk\/novinky\/\" \/>\n<meta property=\"og:locale\" content=\"sk_SK\" \/>\n<meta property=\"og:type\" content=\"article\" \/>\n<meta property=\"og:title\" content=\"Novinky\" \/>\n<meta property=\"og:description\" content=\"%\" \/>\n<meta property=\"og:url\" content=\"https:\/\/trackhead.bike\/sk\/novinky\/\" \/>\n<meta property=\"og:site_name\" content=\"Bike tracker | TrackHead\" \/>\n<meta property=\"article:publisher\" content=\"https:\/\/www.facebook.com\/jerearth\" \/>\n<meta property=\"article:modified_time\" content=\"2024-06-05T10:38:08+00:00\" \/>\n<meta property=\"og:image\" content=\"https:\/\/trackhead.bike\/wp-content\/uploads\/sites\/2\/2023\/06\/IMG_20220506_112953.jpg\" \/>\n\t<meta property=\"og:image:width\" content=\"2000\" \/>\n\t<meta property=\"og:image:height\" content=\"1126\" \/>\n\t<meta property=\"og:image:type\" content=\"image\/jpeg\" \/>\n<meta name=\"twitter:card\" content=\"summary_large_image\" \/>\n<script type=\"application\/ld+json\" class=\"yoast-schema-graph\">{\"@context\":\"https:\/\/schema.org\",\"@graph\":[{\"@type\":\"WebPage\",\"@id\":\"https:\/\/trackhead.bike\/sk\/novinky\/\",\"url\":\"https:\/\/trackhead.bike\/sk\/novinky\/\",\"name\":\"Novinky - GPS Lok\u00e1tor | TrackHead\",\"isPartOf\":{\"@id\":\"https:\/\/trackhead.bike\/sk\/#website\"},\"datePublished\":\"2024-06-05T10:21:56+00:00\",\"dateModified\":\"2024-06-05T10:38:08+00:00\",\"description\":\"%\",\"breadcrumb\":{\"@id\":\"https:\/\/trackhead.bike\/sk\/novinky\/#breadcrumb\"},\"inLanguage\":\"sk-SK\",\"potentialAction\":[{\"@type\":\"ReadAction\",\"target\":[\"https:\/\/trackhead.bike\/sk\/novinky\/\"]}]},{\"@type\":\"BreadcrumbList\",\"@id\":\"https:\/\/trackhead.bike\/sk\/novinky\/#breadcrumb\",\"itemListElement\":[{\"@type\":\"ListItem\",\"position\":1,\"name\":\"Domov\",\"item\":\"https:\/\/trackhead.bike\/sk\/\"},{\"@type\":\"ListItem\",\"position\":2,\"name\":\"Novinky\"}]},{\"@type\":\"WebSite\",\"@id\":\"https:\/\/trackhead.bike\/sk\/#website\",\"url\":\"https:\/\/trackhead.bike\/sk\/\",\"name\":\"Best GPS tracker for Bike | TrackHead\",\"description\":\"Bike tracker, gps insurance for bike, thieve protection\",\"publisher\":{\"@id\":\"https:\/\/trackhead.bike\/sk\/#organization\"},\"alternateName\":\"Track Bike with gps tracker | TrackHead\",\"potentialAction\":[{\"@type\":\"SearchAction\",\"target\":{\"@type\":\"EntryPoint\",\"urlTemplate\":\"https:\/\/trackhead.bike\/sk\/?s={search_term_string}\"},\"query-input\":\"required name=search_term_string\"}],\"inLanguage\":\"sk-SK\"},{\"@type\":\"Organization\",\"@id\":\"https:\/\/trackhead.bike\/sk\/#organization\",\"name\":\"JER\",\"url\":\"https:\/\/trackhead.bike\/sk\/\",\"logo\":{\"@type\":\"ImageObject\",\"inLanguage\":\"sk-SK\",\"@id\":\"https:\/\/trackhead.bike\/sk\/#\/schema\/logo\/image\/\",\"url\":\"https:\/\/trackhead.bike\/wp-content\/uploads\/sites\/2\/2023\/06\/logo-black.svg\",\"contentUrl\":\"https:\/\/trackhead.bike\/wp-content\/uploads\/sites\/2\/2023\/06\/logo-black.svg\",\"width\":180,\"height\":100,\"caption\":\"JER\"},\"image\":{\"@id\":\"https:\/\/trackhead.bike\/sk\/#\/schema\/logo\/image\/\"},\"sameAs\":[\"https:\/\/www.facebook.com\/jerearth\",\"https:\/\/www.linkedin.com\/company\/jerearth\/\",\"https:\/\/www.youtube.com\/@jer-earth\"]}]}<\/script>\n<!-- \/ Yoast SEO Premium plugin. -->","yoast_head_json":{"title":"Novinky - GPS Lok\u00e1tor | TrackHead","description":"%","robots":{"index":"index","follow":"follow","max-snippet":"max-snippet:-1","max-image-preview":"max-image-preview:large","max-video-preview":"max-video-preview:-1"},"canonical":"https:\/\/trackhead.bike\/sk\/novinky\/","og_locale":"sk_SK","og_type":"article","og_title":"Novinky","og_description":"%","og_url":"https:\/\/trackhead.bike\/sk\/novinky\/","og_site_name":"Bike tracker | TrackHead","article_publisher":"https:\/\/www.facebook.com\/jerearth","article_modified_time":"2024-06-05T10:38:08+00:00","og_image":[{"width":2000,"height":1126,"url":"https:\/\/trackhead.bike\/wp-content\/uploads\/sites\/2\/2023\/06\/IMG_20220506_112953.jpg","type":"image\/jpeg"}],"twitter_card":"summary_large_image","schema":{"@context":"https:\/\/schema.org","@graph":[{"@type":"WebPage","@id":"https:\/\/trackhead.bike\/sk\/novinky\/","url":"https:\/\/trackhead.bike\/sk\/novinky\/","name":"Novinky - GPS Lok\u00e1tor | TrackHead","isPartOf":{"@id":"https:\/\/trackhead.bike\/sk\/#website"},"datePublished":"2024-06-05T10:21:56+00:00","dateModified":"2024-06-05T10:38:08+00:00","description":"%","breadcrumb":{"@id":"https:\/\/trackhead.bike\/sk\/novinky\/#breadcrumb"},"inLanguage":"sk-SK","potentialAction":[{"@type":"ReadAction","target":["https:\/\/trackhead.bike\/sk\/novinky\/"]}]},{"@type":"BreadcrumbList","@id":"https:\/\/trackhead.bike\/sk\/novinky\/#breadcrumb","itemListElement":[{"@type":"ListItem","position":1,"name":"Domov","item":"https:\/\/trackhead.bike\/sk\/"},{"@type":"ListItem","position":2,"name":"Novinky"}]},{"@type":"WebSite","@id":"https:\/\/trackhead.bike\/sk\/#website","url":"https:\/\/trackhead.bike\/sk\/","name":"Best GPS tracker for Bike | TrackHead","description":"Bike tracker, gps insurance for bike, thieve protection","publisher":{"@id":"https:\/\/trackhead.bike\/sk\/#organization"},"alternateName":"Track Bike with gps tracker | TrackHead","potentialAction":[{"@type":"SearchAction","target":{"@type":"EntryPoint","urlTemplate":"https:\/\/trackhead.bike\/sk\/?s={search_term_string}"},"query-input":"required name=search_term_string"}],"inLanguage":"sk-SK"},{"@type":"Organization","@id":"https:\/\/trackhead.bike\/sk\/#organization","name":"JER","url":"https:\/\/trackhead.bike\/sk\/","logo":{"@type":"ImageObject","inLanguage":"sk-SK","@id":"https:\/\/trackhead.bike\/sk\/#\/schema\/logo\/image\/","url":"https:\/\/trackhead.bike\/wp-content\/uploads\/sites\/2\/2023\/06\/logo-black.svg","contentUrl":"https:\/\/trackhead.bike\/wp-content\/uploads\/sites\/2\/2023\/06\/logo-black.svg","width":180,"height":100,"caption":"JER"},"image":{"@id":"https:\/\/trackhead.bike\/sk\/#\/schema\/logo\/image\/"},"sameAs":["https:\/\/www.facebook.com\/jerearth","https:\/\/www.linkedin.com\/company\/jerearth\/","https:\/\/www.youtube.com\/@jer-earth"]}]}},"_links":{"self":[{"href":"https:\/\/trackhead.bike\/sk\/wp-json\/wp\/v2\/pages\/3612"}],"collection":[{"href":"https:\/\/trackhead.bike\/sk\/wp-json\/wp\/v2\/pages"}],"about":[{"href":"https:\/\/trackhead.bike\/sk\/wp-json\/wp\/v2\/types\/page"}],"author":[{"embeddable":true,"href":"https:\/\/trackhead.bike\/sk\/wp-json\/wp\/v2\/users\/1"}],"replies":[{"embeddable":true,"href":"https:\/\/trackhead.bike\/sk\/wp-json\/wp\/v2\/comments?post=3612"}],"version-history":[{"count":1,"href":"https:\/\/trackhead.bike\/sk\/wp-json\/wp\/v2\/pages\/3612\/revisions"}],"predecessor-version":[{"id":3613,"href":"https:\/\/trackhead.bike\/sk\/wp-json\/wp\/v2\/pages\/3612\/revisions\/3613"}],"wp:attachment":[{"href":"https:\/\/trackhead.bike\/sk\/wp-json\/wp\/v2\/media?parent=3612"}],"curies":[{"name":"wp","href":"https:\/\/api.w.org\/{rel}","templated":true}]}}