{"id":2595,"date":"2023-08-05T14:06:52","date_gmt":"2023-08-05T12:06:52","guid":{"rendered":"https:\/\/trackhead.bike\/?post_type=product&#038;p=2595"},"modified":"2023-08-09T11:12:36","modified_gmt":"2023-08-09T09:12:36","slug":"bateria-3500-mah-pre-trackhead-gps-tracker","status":"publish","type":"product","link":"https:\/\/trackhead.bike\/sk\/shop\/gps-zariadenia\/nahradne-komponenty\/hlavne-diely\/bateria-3500-mah-pre-trackhead-gps-tracker\/","title":{"rendered":"Bat\u00e9ria 3500 mAh pre Trackhead &#8211; GPS Tracker"},"content":{"rendered":"<div class=\"elementor-element elementor-element-751b7e5 ob-harakiri-inherit ob-has-background-overlay elementor-widget elementor-widget-heading ob-harakiri\" data-id=\"751b7e5\" data-element_type=\"widget\" data-settings=\"{&quot;_ob_use_harakiri&quot;:&quot;yes&quot;,&quot;_ob_harakiri_writing_mode&quot;:&quot;inherit&quot;,&quot;_ob_harakiri_text_clip&quot;:&quot;none&quot;,&quot;_ob_widget_stalker_use&quot;:&quot;no&quot;,&quot;_ob_poopart_use&quot;:&quot;yes&quot;,&quot;_ob_shadough_use&quot;:&quot;no&quot;,&quot;_ob_allow_hoveranimator&quot;:&quot;no&quot;}\" data-widget_type=\"heading.default\">\n<div class=\"elementor-widget-container\">\n<div class=\"elementor-element elementor-element-751b7e5 ob-harakiri-inherit ob-has-background-overlay elementor-widget elementor-widget-heading ob-harakiri\" data-id=\"751b7e5\" data-element_type=\"widget\" data-settings=\"{&quot;_ob_use_harakiri&quot;:&quot;yes&quot;,&quot;_ob_harakiri_writing_mode&quot;:&quot;inherit&quot;,&quot;_ob_harakiri_text_clip&quot;:&quot;none&quot;,&quot;_ob_widget_stalker_use&quot;:&quot;no&quot;,&quot;_ob_poopart_use&quot;:&quot;yes&quot;,&quot;_ob_shadough_use&quot;:&quot;no&quot;,&quot;_ob_allow_hoveranimator&quot;:&quot;no&quot;}\" data-widget_type=\"heading.default\">\n<div class=\"elementor-widget-container\">\n<h3 class=\"elementor-heading-title elementor-size-default\">Zabezpe\u010d svoj bike s GPS lok\u00e1torom<\/h3>\n<\/div>\n<\/div>\n<div class=\"elementor-element elementor-element-4f8c8d8 ob-harakiri-inherit ob-has-background-overlay elementor-widget elementor-widget-text-editor ob-harakiri\" data-id=\"4f8c8d8\" data-element_type=\"widget\" data-settings=\"{&quot;_ob_use_harakiri&quot;:&quot;yes&quot;,&quot;_ob_harakiri_writing_mode&quot;:&quot;inherit&quot;,&quot;_ob_widget_stalker_use&quot;:&quot;no&quot;,&quot;_ob_poopart_use&quot;:&quot;yes&quot;,&quot;_ob_shadough_use&quot;:&quot;no&quot;,&quot;_ob_allow_hoveranimator&quot;:&quot;no&quot;}\" data-widget_type=\"text-editor.default\">\n<div class=\"elementor-widget-container\">\n<p>Modern\u00fd GPS lok\u00e1tor v\u00e1m pon\u00faka nielen sledovanie polohy, ale aj zabezpe\u010denie lok\u00e1lnym alarmom, ktor\u00fd okam\u017eite odrad\u00ed zlodeja. Pri pohnut\u00ed bicykla v\u00e1m gps tracker na zadan\u00e9 telef\u00f3nne \u010d\u00edslo okam\u017eite pr\u00edde SMS, internetov\u00e1 notifik\u00e1cia alebo v\u00e1m lok\u00e1tor zavol\u00e1 do 7 sek\u00fand.<\/p>\n<\/div>\n<\/div>\n<div class=\"elementor-element elementor-element-2f5dd57 ob-harakiri-inherit ob-has-background-overlay elementor-widget elementor-widget-heading ob-harakiri\" data-id=\"2f5dd57\" data-element_type=\"widget\" data-settings=\"{&quot;_ob_use_harakiri&quot;:&quot;yes&quot;,&quot;_ob_harakiri_writing_mode&quot;:&quot;inherit&quot;,&quot;_ob_harakiri_text_clip&quot;:&quot;none&quot;,&quot;_ob_widget_stalker_use&quot;:&quot;no&quot;,&quot;_ob_poopart_use&quot;:&quot;yes&quot;,&quot;_ob_shadough_use&quot;:&quot;no&quot;,&quot;_ob_allow_hoveranimator&quot;:&quot;no&quot;}\" data-widget_type=\"heading.default\">\n<div class=\"elementor-widget-container\">\n<h3 class=\"elementor-heading-title elementor-size-default\">GPS monitorovanie bicykla zadarmo<\/h3>\n<\/div>\n<\/div>\n<div class=\"elementor-element elementor-element-8c6e532 ob-harakiri-inherit ob-has-background-overlay elementor-widget elementor-widget-text-editor ob-harakiri\" data-id=\"8c6e532\" data-element_type=\"widget\" data-settings=\"{&quot;_ob_use_harakiri&quot;:&quot;yes&quot;,&quot;_ob_harakiri_writing_mode&quot;:&quot;inherit&quot;,&quot;_ob_widget_stalker_use&quot;:&quot;no&quot;,&quot;_ob_poopart_use&quot;:&quot;yes&quot;,&quot;_ob_shadough_use&quot;:&quot;no&quot;,&quot;_ob_allow_hoveranimator&quot;:&quot;no&quot;}\" data-widget_type=\"text-editor.default\">\n<div class=\"elementor-widget-container\">\n<p>V\u00fdhodou je dlh\u00e1 v\u00fddr\u017e bat\u00e9rie na jedno nabitie a appka \u00faplne zadarmo v ka\u017edom smartf\u00f3ne. V pohotovostnom re\u017eime m\u00f4\u017ee chr\u00e1ni\u0165 v\u00e1\u0161 bicykel viac ako 1,5 roka. V\u010faka intuit\u00edvnej aplik\u00e1cii JER Connect m\u00e1te dokonal\u00fa kontrolu nad svojim bicyklom, kde m\u00e1te ka\u017ed\u00fdch 5 sek\u00fand inform\u00e1cie zo senzorov zariadenia. Historick\u00e9 \u00fadaje sa nestratia, aplik\u00e1cia uklad\u00e1 v\u0161etky inform\u00e1cie na zabezpe\u010den\u00fd cloud.<\/p>\n<\/div>\n<\/div>\n<div class=\"elementor-element elementor-element-07b54f9 ob-harakiri-inherit ob-has-background-overlay elementor-widget elementor-widget-heading ob-harakiri\" data-id=\"07b54f9\" data-element_type=\"widget\" data-settings=\"{&quot;_ob_use_harakiri&quot;:&quot;yes&quot;,&quot;_ob_harakiri_writing_mode&quot;:&quot;inherit&quot;,&quot;_ob_harakiri_text_clip&quot;:&quot;none&quot;,&quot;_ob_widget_stalker_use&quot;:&quot;no&quot;,&quot;_ob_poopart_use&quot;:&quot;yes&quot;,&quot;_ob_shadough_use&quot;:&quot;no&quot;,&quot;_ob_allow_hoveranimator&quot;:&quot;no&quot;}\" data-widget_type=\"heading.default\">\n<div class=\"elementor-widget-container\">\n<h3 class=\"elementor-heading-title elementor-size-default\">GPS lok\u00e1tor kompatibiln\u00fd s 99% bicyklov<\/h3>\n<\/div>\n<\/div>\n<div class=\"elementor-element elementor-element-ca38e8a ob-harakiri-inherit ob-has-background-overlay elementor-widget elementor-widget-text-editor ob-harakiri\" data-id=\"ca38e8a\" data-element_type=\"widget\" data-settings=\"{&quot;_ob_use_harakiri&quot;:&quot;yes&quot;,&quot;_ob_harakiri_writing_mode&quot;:&quot;inherit&quot;,&quot;_ob_widget_stalker_use&quot;:&quot;no&quot;,&quot;_ob_poopart_use&quot;:&quot;yes&quot;,&quot;_ob_shadough_use&quot;:&quot;no&quot;,&quot;_ob_allow_hoveranimator&quot;:&quot;no&quot;}\" data-widget_type=\"text-editor.default\">\n<div class=\"elementor-widget-container\">\n<p>GPS tracker TrackHead taktie\u017e pon\u00faka ve\u013ek\u00fd po\u010det funkci\u00ed a podrobn\u00e9 nastavenia. Poz\u00edciu svojho bicykla m\u00f4\u017eete dokonca okam\u017eite vidie\u0165 v 3D, kde si m\u00f4\u017eete overi\u0165, \u010di bicykel stoj\u00ed nedotknut\u00fd.\u00a0<b>TrackHead<\/b>\u00a0je kompatibiln\u00fd s ak\u00fdmko\u013evek modern\u00fdm MTB bicyklom, cestn\u00fdm karb\u00f3nov\u00fdm alebo elektrick\u00fdm bicyklom.<\/p>\n<\/div>\n<\/div>\n<\/div>\n<\/div>\n","protected":false},"excerpt":{"rendered":"<div class=\"wpr-acc-panel wpr-acc-panel-active\">\n<div class=\"wpr-acc-panel-content\">\n<p>Spare battery for TrackHead GPS anti theft security.<\/p>\n<ul>\n<li>Nap\u00e4tie: <strong>3.6V Li-ion\u00a0<\/strong><\/li>\n<li>Kapacita: <strong>3350 mAh<\/strong><\/li>\n<li>Typ: <strong>Bak N18650CP<\/strong><\/li>\n<li>Chimick\u00e1 skladba.: <strong>Li-ion<\/strong><\/li>\n<li>Ochrann\u00fd \u010dip: <strong>\u00e1no<\/strong><\/li>\n<li>Typy ochrany proti:\n<ul>\n<li><strong>Prebitiu (Napatie\/Pr\u00fad)<\/strong><\/li>\n<li><strong>Pre\u0165a\u017eeniu (Napatie\/Pr\u00fad)<\/strong><\/li>\n<li><strong>Skratu\u00a0<\/strong><\/li>\n<\/ul>\n<\/li>\n<li>Dvojit\u00e1 izol\u00e1cia: \u00e1no<\/li>\n<li>Zv\u00fd\u0161en\u00e1 ochrana vo\u010di kor\u00f3zi\u00ed: <strong>\u00e1no<\/strong><\/li>\n<\/ul>\n<\/div>\n<\/div>\n<p><span class=\"HwtZe\" lang=\"sk\"><span class=\"jCAhz ChMk0b\"><span class=\"ryNqvb\">GPS Tracker TrackHead pre bicykel, e-bike, vozidlo.<\/span><\/span> <span class=\"jCAhz ChMk0b\"><span class=\"ryNqvb\">Aplik\u00e1cia JER Connect \u017diadne predplatn\u00e9, \u017eiadny mesa\u010dn\u00fd poplatok.<\/span><\/span> <span class=\"jCAhz ChMk0b\"><span class=\"ryNqvb\">A\u017e 7 sek\u00fand Call, SMS, Push notifik\u00e1cia.<\/span><\/span> <span class=\"jCAhz ChMk0b\"><span class=\"ryNqvb\">Garancia \u017eivotnosti bat\u00e9rie 1,5 roka na jedno nabitie.<\/span><\/span> <span class=\"jCAhz ChMk0b\"><span class=\"ryNqvb\">Pln\u00e1 vlastn\u00e1 konfigur\u00e1cia.<\/span><\/span> <span class=\"jCAhz ChMk0b\"><span class=\"ryNqvb\">Obsahuje roz\u0161\u00edren\u00e9 funkcie:<\/span><\/span><\/span><\/p>\n<ul>\n<li>Alarm<\/li>\n<li>Vodotesn\u00fd dizajn<\/li>\n<li>3D projekcia<\/li>\n<li><span class=\"HwtZe\" lang=\"sk\"><span class=\"jCAhz ChMk0b\"><span class=\"ryNqvb\">Funkcie merania STRAVA<\/span><\/span><\/span><\/li>\n<li><span class=\"HwtZe\" lang=\"sk\"><span class=\"jCAhz ChMk0b\"><span class=\"ryNqvb\">5 sekundov\u00fd interval obnovovania<\/span><\/span><\/span><\/li>\n<li>&#8230;. viac<\/li>\n<\/ul>\n","protected":false},"featured_media":2645,"comment_status":"open","ping_status":"closed","template":"","meta":[],"product_cat":[69],"product_tag":[72,73,74],"yoast_head":"<!-- This site is optimized with the Yoast SEO Premium plugin v20.11 (Yoast SEO v21.0) - https:\/\/yoast.com\/wordpress\/plugins\/seo\/ -->\n<title>N\u00e1hradn\u00e1 bat\u00e9ria 3500mAh pre Bike GPS Tracker - TrackHead<\/title>\n<meta name=\"description\" content=\"N\u00e1hradn\u00e1 bat\u00e9ria 3500mAh, GPS Tracker pre bicykel, e-bike, vozidlo. Garancia \u017eivotnosti bat\u00e9rie 1,5 roka na jedno nabitie. \u017diadne predplatn\u00e9, \u017eiadny mesa\u010dn\u00fd poplatok.\" \/>\n<meta name=\"robots\" content=\"index, follow, max-snippet:-1, max-image-preview:large, max-video-preview:-1\" \/>\n<link rel=\"canonical\" href=\"https:\/\/trackhead.bike\/sk\/shop\/gps-zariadenia\/nahradne-komponenty\/hlavne-diely\/bateria-3500-mah-pre-trackhead-gps-tracker\/\" \/>\n<meta property=\"og:locale\" content=\"sk_SK\" \/>\n<meta property=\"og:type\" content=\"article\" \/>\n<meta property=\"og:title\" content=\"Bat\u00e9ria 3500 mAh pre Trackhead - GPS Tracker\" \/>\n<meta property=\"og:description\" content=\"N\u00e1hradn\u00e1 bat\u00e9ria 3500mAh, GPS Tracker pre bicykel, e-bike, vozidlo. Garancia \u017eivotnosti bat\u00e9rie 1,5 roka na jedno nabitie. \u017diadne predplatn\u00e9, \u017eiadny mesa\u010dn\u00fd poplatok.\" \/>\n<meta property=\"og:url\" content=\"https:\/\/trackhead.bike\/sk\/shop\/gps-zariadenia\/nahradne-komponenty\/hlavne-diely\/bateria-3500-mah-pre-trackhead-gps-tracker\/\" \/>\n<meta property=\"og:site_name\" content=\"Bike tracker | TrackHead\" \/>\n<meta property=\"article:publisher\" content=\"https:\/\/www.facebook.com\/jerearth\" \/>\n<meta property=\"article:modified_time\" content=\"2023-08-09T09:12:36+00:00\" \/>\n<meta property=\"og:image\" content=\"https:\/\/trackhead.bike\/wp-content\/uploads\/sites\/2\/2023\/08\/gps-trackhead-battery_r-scaled.jpg\" \/>\n\t<meta property=\"og:image:width\" content=\"2560\" \/>\n\t<meta property=\"og:image:height\" content=\"2560\" \/>\n\t<meta property=\"og:image:type\" content=\"image\/jpeg\" \/>\n<meta name=\"twitter:card\" content=\"summary_large_image\" \/>\n<meta name=\"twitter:label1\" content=\"Predpokladan\u00fd \u010das \u010d\u00edtania\" \/>\n\t<meta name=\"twitter:data1\" content=\"1 min\u00fata\" \/>\n<script type=\"application\/ld+json\" class=\"yoast-schema-graph\">{\"@context\":\"https:\/\/schema.org\",\"@graph\":[{\"@type\":\"WebPage\",\"@id\":\"https:\/\/trackhead.bike\/sk\/shop\/gps-zariadenia\/nahradne-komponenty\/hlavne-diely\/bateria-3500-mah-pre-trackhead-gps-tracker\/\",\"url\":\"https:\/\/trackhead.bike\/sk\/shop\/gps-zariadenia\/nahradne-komponenty\/hlavne-diely\/bateria-3500-mah-pre-trackhead-gps-tracker\/\",\"name\":\"N\u00e1hradn\u00e1 bat\u00e9ria 3500mAh pre Bike GPS Tracker - TrackHead\",\"isPartOf\":{\"@id\":\"https:\/\/trackhead.bike\/sk\/#website\"},\"datePublished\":\"2023-08-05T12:06:52+00:00\",\"dateModified\":\"2023-08-09T09:12:36+00:00\",\"description\":\"N\u00e1hradn\u00e1 bat\u00e9ria 3500mAh, GPS Tracker pre bicykel, e-bike, vozidlo. Garancia \u017eivotnosti bat\u00e9rie 1,5 roka na jedno nabitie. \u017diadne predplatn\u00e9, \u017eiadny mesa\u010dn\u00fd poplatok.\",\"breadcrumb\":{\"@id\":\"https:\/\/trackhead.bike\/sk\/shop\/gps-zariadenia\/nahradne-komponenty\/hlavne-diely\/bateria-3500-mah-pre-trackhead-gps-tracker\/#breadcrumb\"},\"inLanguage\":\"sk-SK\",\"potentialAction\":[{\"@type\":\"ReadAction\",\"target\":[\"https:\/\/trackhead.bike\/sk\/shop\/gps-zariadenia\/nahradne-komponenty\/hlavne-diely\/bateria-3500-mah-pre-trackhead-gps-tracker\/\"]}]},{\"@type\":\"BreadcrumbList\",\"@id\":\"https:\/\/trackhead.bike\/sk\/shop\/gps-zariadenia\/nahradne-komponenty\/hlavne-diely\/bateria-3500-mah-pre-trackhead-gps-tracker\/#breadcrumb\",\"itemListElement\":[{\"@type\":\"ListItem\",\"position\":1,\"name\":\"Domov\",\"item\":\"https:\/\/trackhead.bike\/sk\/\"},{\"@type\":\"ListItem\",\"position\":2,\"name\":\"Obchod\",\"item\":\"https:\/\/trackhead.bike\/en\/shop\/\"},{\"@type\":\"ListItem\",\"position\":3,\"name\":\"GPS Zariadenia\",\"item\":\"https:\/\/trackhead.bike\/sk\/produkty\/gps-zariadenia\/\"},{\"@type\":\"ListItem\",\"position\":4,\"name\":\"N\u00e1hradn\u00e9 komponenty\",\"item\":\"https:\/\/trackhead.bike\/sk\/produkty\/gps-zariadenia\/nahradne-komponenty\/\"},{\"@type\":\"ListItem\",\"position\":5,\"name\":\"Bat\u00e9ria 3500 mAh pre Trackhead &#8211; GPS Tracker\"}]},{\"@type\":\"WebSite\",\"@id\":\"https:\/\/trackhead.bike\/sk\/#website\",\"url\":\"https:\/\/trackhead.bike\/sk\/\",\"name\":\"Best GPS tracker for Bike | TrackHead\",\"description\":\"Bike tracker, gps insurance for bike, thieve protection\",\"publisher\":{\"@id\":\"https:\/\/trackhead.bike\/sk\/#organization\"},\"alternateName\":\"Track Bike with gps tracker | TrackHead\",\"potentialAction\":[{\"@type\":\"SearchAction\",\"target\":{\"@type\":\"EntryPoint\",\"urlTemplate\":\"https:\/\/trackhead.bike\/sk\/?s={search_term_string}\"},\"query-input\":\"required name=search_term_string\"}],\"inLanguage\":\"sk-SK\"},{\"@type\":\"Organization\",\"@id\":\"https:\/\/trackhead.bike\/sk\/#organization\",\"name\":\"JER\",\"url\":\"https:\/\/trackhead.bike\/sk\/\",\"logo\":{\"@type\":\"ImageObject\",\"inLanguage\":\"sk-SK\",\"@id\":\"https:\/\/trackhead.bike\/sk\/#\/schema\/logo\/image\/\",\"url\":\"https:\/\/trackhead.bike\/wp-content\/uploads\/sites\/2\/2023\/06\/logo-black.svg\",\"contentUrl\":\"https:\/\/trackhead.bike\/wp-content\/uploads\/sites\/2\/2023\/06\/logo-black.svg\",\"width\":180,\"height\":100,\"caption\":\"JER\"},\"image\":{\"@id\":\"https:\/\/trackhead.bike\/sk\/#\/schema\/logo\/image\/\"},\"sameAs\":[\"https:\/\/www.facebook.com\/jerearth\",\"https:\/\/www.linkedin.com\/company\/jerearth\/\",\"https:\/\/www.youtube.com\/@jer-earth\"]}]}<\/script>\n<!-- \/ Yoast SEO Premium plugin. -->","yoast_head_json":{"title":"N\u00e1hradn\u00e1 bat\u00e9ria 3500mAh pre Bike GPS Tracker - TrackHead","description":"N\u00e1hradn\u00e1 bat\u00e9ria 3500mAh, GPS Tracker pre bicykel, e-bike, vozidlo. Garancia \u017eivotnosti bat\u00e9rie 1,5 roka na jedno nabitie. \u017diadne predplatn\u00e9, \u017eiadny mesa\u010dn\u00fd poplatok.","robots":{"index":"index","follow":"follow","max-snippet":"max-snippet:-1","max-image-preview":"max-image-preview:large","max-video-preview":"max-video-preview:-1"},"canonical":"https:\/\/trackhead.bike\/sk\/shop\/gps-zariadenia\/nahradne-komponenty\/hlavne-diely\/bateria-3500-mah-pre-trackhead-gps-tracker\/","og_locale":"sk_SK","og_type":"article","og_title":"Bat\u00e9ria 3500 mAh pre Trackhead - GPS Tracker","og_description":"N\u00e1hradn\u00e1 bat\u00e9ria 3500mAh, GPS Tracker pre bicykel, e-bike, vozidlo. Garancia \u017eivotnosti bat\u00e9rie 1,5 roka na jedno nabitie. \u017diadne predplatn\u00e9, \u017eiadny mesa\u010dn\u00fd poplatok.","og_url":"https:\/\/trackhead.bike\/sk\/shop\/gps-zariadenia\/nahradne-komponenty\/hlavne-diely\/bateria-3500-mah-pre-trackhead-gps-tracker\/","og_site_name":"Bike tracker | TrackHead","article_publisher":"https:\/\/www.facebook.com\/jerearth","article_modified_time":"2023-08-09T09:12:36+00:00","og_image":[{"width":2560,"height":2560,"url":"https:\/\/trackhead.bike\/wp-content\/uploads\/sites\/2\/2023\/08\/gps-trackhead-battery_r-scaled.jpg","type":"image\/jpeg"}],"twitter_card":"summary_large_image","twitter_misc":{"Predpokladan\u00fd \u010das \u010d\u00edtania":"1 min\u00fata"},"schema":{"@context":"https:\/\/schema.org","@graph":[{"@type":"WebPage","@id":"https:\/\/trackhead.bike\/sk\/shop\/gps-zariadenia\/nahradne-komponenty\/hlavne-diely\/bateria-3500-mah-pre-trackhead-gps-tracker\/","url":"https:\/\/trackhead.bike\/sk\/shop\/gps-zariadenia\/nahradne-komponenty\/hlavne-diely\/bateria-3500-mah-pre-trackhead-gps-tracker\/","name":"N\u00e1hradn\u00e1 bat\u00e9ria 3500mAh pre Bike GPS Tracker - TrackHead","isPartOf":{"@id":"https:\/\/trackhead.bike\/sk\/#website"},"datePublished":"2023-08-05T12:06:52+00:00","dateModified":"2023-08-09T09:12:36+00:00","description":"N\u00e1hradn\u00e1 bat\u00e9ria 3500mAh, GPS Tracker pre bicykel, e-bike, vozidlo. Garancia \u017eivotnosti bat\u00e9rie 1,5 roka na jedno nabitie. \u017diadne predplatn\u00e9, \u017eiadny mesa\u010dn\u00fd poplatok.","breadcrumb":{"@id":"https:\/\/trackhead.bike\/sk\/shop\/gps-zariadenia\/nahradne-komponenty\/hlavne-diely\/bateria-3500-mah-pre-trackhead-gps-tracker\/#breadcrumb"},"inLanguage":"sk-SK","potentialAction":[{"@type":"ReadAction","target":["https:\/\/trackhead.bike\/sk\/shop\/gps-zariadenia\/nahradne-komponenty\/hlavne-diely\/bateria-3500-mah-pre-trackhead-gps-tracker\/"]}]},{"@type":"BreadcrumbList","@id":"https:\/\/trackhead.bike\/sk\/shop\/gps-zariadenia\/nahradne-komponenty\/hlavne-diely\/bateria-3500-mah-pre-trackhead-gps-tracker\/#breadcrumb","itemListElement":[{"@type":"ListItem","position":1,"name":"Domov","item":"https:\/\/trackhead.bike\/sk\/"},{"@type":"ListItem","position":2,"name":"Obchod","item":"https:\/\/trackhead.bike\/en\/shop\/"},{"@type":"ListItem","position":3,"name":"GPS Zariadenia","item":"https:\/\/trackhead.bike\/sk\/produkty\/gps-zariadenia\/"},{"@type":"ListItem","position":4,"name":"N\u00e1hradn\u00e9 komponenty","item":"https:\/\/trackhead.bike\/sk\/produkty\/gps-zariadenia\/nahradne-komponenty\/"},{"@type":"ListItem","position":5,"name":"Bat\u00e9ria 3500 mAh pre Trackhead &#8211; GPS Tracker"}]},{"@type":"WebSite","@id":"https:\/\/trackhead.bike\/sk\/#website","url":"https:\/\/trackhead.bike\/sk\/","name":"Best GPS tracker for Bike | TrackHead","description":"Bike tracker, gps insurance for bike, thieve protection","publisher":{"@id":"https:\/\/trackhead.bike\/sk\/#organization"},"alternateName":"Track Bike with gps tracker | TrackHead","potentialAction":[{"@type":"SearchAction","target":{"@type":"EntryPoint","urlTemplate":"https:\/\/trackhead.bike\/sk\/?s={search_term_string}"},"query-input":"required name=search_term_string"}],"inLanguage":"sk-SK"},{"@type":"Organization","@id":"https:\/\/trackhead.bike\/sk\/#organization","name":"JER","url":"https:\/\/trackhead.bike\/sk\/","logo":{"@type":"ImageObject","inLanguage":"sk-SK","@id":"https:\/\/trackhead.bike\/sk\/#\/schema\/logo\/image\/","url":"https:\/\/trackhead.bike\/wp-content\/uploads\/sites\/2\/2023\/06\/logo-black.svg","contentUrl":"https:\/\/trackhead.bike\/wp-content\/uploads\/sites\/2\/2023\/06\/logo-black.svg","width":180,"height":100,"caption":"JER"},"image":{"@id":"https:\/\/trackhead.bike\/sk\/#\/schema\/logo\/image\/"},"sameAs":["https:\/\/www.facebook.com\/jerearth","https:\/\/www.linkedin.com\/company\/jerearth\/","https:\/\/www.youtube.com\/@jer-earth"]}]}},"_links":{"self":[{"href":"https:\/\/trackhead.bike\/sk\/wp-json\/wp\/v2\/product\/2595"}],"collection":[{"href":"https:\/\/trackhead.bike\/sk\/wp-json\/wp\/v2\/product"}],"about":[{"href":"https:\/\/trackhead.bike\/sk\/wp-json\/wp\/v2\/types\/product"}],"replies":[{"embeddable":true,"href":"https:\/\/trackhead.bike\/sk\/wp-json\/wp\/v2\/comments?post=2595"}],"version-history":[{"count":4,"href":"https:\/\/trackhead.bike\/sk\/wp-json\/wp\/v2\/product\/2595\/revisions"}],"predecessor-version":[{"id":2863,"href":"https:\/\/trackhead.bike\/sk\/wp-json\/wp\/v2\/product\/2595\/revisions\/2863"}],"wp:featuredmedia":[{"embeddable":true,"href":"https:\/\/trackhead.bike\/sk\/wp-json\/wp\/v2\/media\/2645"}],"wp:attachment":[{"href":"https:\/\/trackhead.bike\/sk\/wp-json\/wp\/v2\/media?parent=2595"}],"wp:term":[{"taxonomy":"product_cat","embeddable":true,"href":"https:\/\/trackhead.bike\/sk\/wp-json\/wp\/v2\/product_cat?post=2595"},{"taxonomy":"product_tag","embeddable":true,"href":"https:\/\/trackhead.bike\/sk\/wp-json\/wp\/v2\/product_tag?post=2595"}],"curies":[{"name":"wp","href":"https:\/\/api.w.org\/{rel}","templated":true}]}}