{"id":2746,"date":"2023-08-07T12:42:13","date_gmt":"2023-08-07T10:42:13","guid":{"rendered":"https:\/\/trackhead.bike\/product\/nahrada-jezka-pre-trackhead\/"},"modified":"2023-08-09T10:52:13","modified_gmt":"2023-08-09T08:52:13","slug":"nahrada-jezka-pre-trackhead","status":"publish","type":"product","link":"https:\/\/trackhead.bike\/sk\/shop\/gps-zariadenia\/nahradne-komponenty\/prislusenstvo\/nahrada-jezka-pre-trackhead\/","title":{"rendered":"N\u00e1hrada je\u017eka pre TrackHead"},"content":{"rendered":"<p><span class=\"HwtZe\" lang=\"sk\"><span class=\"jCAhz ChMk0b\"><span class=\"ryNqvb\">N\u00e1hrada je\u017eka pre TrackHead.<\/span><\/span> <\/span><\/p>\n<p><span class=\"HwtZe\" lang=\"sk\"><span class=\"jCAhz ChMk0b\"><span class=\"ryNqvb\">N\u00e1hrada je\u017eka pre GPS TrackHead sa pou\u017e\u00edva na nastavenie hlavov\u00e9ho zlo\u017eenia v bicykloch.<\/span><\/span> <span class=\"jCAhz ChMk0b\"><span class=\"ryNqvb\">TrackHead m\u00e1 vlastn\u00fd mont\u00e1\u017eny mechanizmus,<\/span><\/span> <span class=\"jCAhz ChMk0b\"><span class=\"ryNqvb\">preto nie je nevyhnutn\u00e9 pou\u017e\u00edva\u0165 n\u00e1hradu je\u017eka.<\/span><\/span> <span class=\"jCAhz ChMk0b\"><span class=\"ryNqvb\">Viac inform\u00e1ci\u00ed n\u00e1jdete na na\u0161ej str\u00e1nke <a href=\"https:\/\/trackhead.bike\/en\/gps-bike-tracker-service\/installation\/\">FAQ<\/a> a in\u0161tal\u00e1cia.<\/span><\/span> <\/span><\/p>\n<p><span class=\"HwtZe\" lang=\"sk\"><span class=\"jCAhz ChMk0b\"><span class=\"ryNqvb\">D\u00d4LE\u017dIT\u00c9!<\/span><\/span> <span class=\"jCAhz ChMk0b\"><span class=\"ryNqvb\">TrackHead n\u00e1hrada je\u017eka je len n\u00e1stroj na nastavenie hlavov\u00e9ho zlo\u017eenia.<\/span><\/span> <span class=\"jCAhz ChMk0b\"><span class=\"ryNqvb\">Po nastaven\u00ed s\u00fapravy hlavy bicykla je potrebn\u00e9 odstr\u00e1ni\u0165 n\u00e1stavec.<\/span><\/span> <\/span><\/p>\n<p><span class=\"HwtZe\" lang=\"sk\"><span class=\"jCAhz ChMk0b\"><span class=\"ryNqvb\">NEPOU\u017d\u00cdVAJTE n\u00e1hradu je\u017eka pri jazde na bicykli!<\/span><\/span> <\/span><\/p>\n<p><span class=\"HwtZe\" lang=\"sk\"><span class=\"jCAhz ChMk0b\"><span class=\"ryNqvb\">Materi\u00e1l: PTEG, nehrdzavej\u00faca oce\u013e<\/span><\/span><\/span><\/p>\n<p><span class=\"HwtZe\" lang=\"sk\"> <span class=\"jCAhz ChMk0b\"><span class=\"ryNqvb\">Obsahuje:<\/span><\/span> <\/span><\/p>\n<ul>\n<li><span class=\"HwtZe\" lang=\"sk\"><span class=\"jCAhz ChMk0b\"><span class=\"ryNqvb\">Dlh\u00e1 matica<\/span><\/span><br \/>\n<\/span><\/li>\n<li><span class=\"HwtZe\" lang=\"sk\"><span class=\"jCAhz ChMk0b\"><span class=\"ryNqvb\">Skrutka<\/span><\/span> <\/span><\/li>\n<li><span class=\"HwtZe\" lang=\"sk\"><span class=\"jCAhz ChMk0b\"><span class=\"ryNqvb\">Plastov\u00e1 podlo\u017eka<\/span><\/span> <\/span><\/li>\n<li><span class=\"HwtZe\" lang=\"sk\"><span class=\"jCAhz ChMk0b\"><span class=\"ryNqvb\">Spodn\u00e1 matica<\/span><\/span><\/span><\/li>\n<\/ul>\n","protected":false},"excerpt":{"rendered":"<p><span class=\"HwtZe\" lang=\"sk\"><span class=\"jCAhz ChMk0b\"><span class=\"ryNqvb\">N\u00e1hrada je\u017eka pre TrackHead.<\/span><\/span> <\/span><\/p>\n<p><span class=\"HwtZe\" lang=\"sk\"><span class=\"jCAhz ChMk0b\"><span class=\"ryNqvb\">N\u00e1hrada je\u017eka pre GPS TrackHead sa pou\u017e\u00edva na nastavenie hlavov\u00e9ho zlo\u017eenia v bicykloch.<\/span><\/span> <span class=\"jCAhz ChMk0b\"><span class=\"ryNqvb\">TrackHead m\u00e1 vlastn\u00fd mont\u00e1\u017eny mechanizmus,<\/span><\/span> <span class=\"jCAhz ChMk0b\"><span class=\"ryNqvb\">preto nie je nevyhnutn\u00e9 pou\u017e\u00edva\u0165 n\u00e1hradu je\u017eka.<\/span><\/span> <span class=\"jCAhz ChMk0b\"><span class=\"ryNqvb\">Viac inform\u00e1ci\u00ed n\u00e1jdete na na\u0161ej str\u00e1nke <a href=\"https:\/\/trackhead.bike\/en\/gps-bike-trakcer-faq\/installation-and-compatibility\/\">FAQ<\/a> a in\u0161tal\u00e1cia.<\/span><\/span> <\/span><\/p>\n<p><span class=\"HwtZe\" lang=\"sk\"><span class=\"jCAhz ChMk0b\"><span class=\"ryNqvb\">D\u00d4LE\u017dIT\u00c9!<\/span><\/span> <span class=\"jCAhz ChMk0b\"><span class=\"ryNqvb\">TrackHead n\u00e1hrada je\u017eka je len n\u00e1stroj na nastavenie hlavov\u00e9ho zlo\u017eenia.<\/span><\/span> <span class=\"jCAhz ChMk0b\"><span class=\"ryNqvb\">Po nastaven\u00ed s\u00fapravy hlavy bicykla je potrebn\u00e9 odstr\u00e1ni\u0165 n\u00e1stavec.<\/span><\/span> <\/span><\/p>\n<p><span class=\"HwtZe\" lang=\"sk\"><span class=\"jCAhz ChMk0b\"><span class=\"ryNqvb\">NEPOU\u017d\u00cdVAJTE n\u00e1hradu je\u017eka pri jazde na bicykli!<\/span><\/span> <\/span><\/p>\n<p><span class=\"HwtZe\" lang=\"sk\"><span class=\"jCAhz ChMk0b\"><span class=\"ryNqvb\">Materi\u00e1l: PTEG, nehrdzavej\u00faca oce\u013e<\/span><\/span><\/span><\/p>\n<p><span class=\"HwtZe\" lang=\"sk\"> <span class=\"jCAhz ChMk0b\"><span class=\"ryNqvb\">Obsahuje:<\/span><\/span> <\/span><\/p>\n<ul>\n<li><span class=\"HwtZe\" lang=\"sk\"><span class=\"jCAhz ChMk0b\"><span class=\"ryNqvb\">Dlh\u00e1 matica<\/span><\/span><br \/>\n<\/span><\/li>\n<li><span class=\"HwtZe\" lang=\"sk\"><span class=\"jCAhz ChMk0b\"><span class=\"ryNqvb\">Skrutka<\/span><\/span> <\/span><\/li>\n<li><span class=\"HwtZe\" lang=\"sk\"><span class=\"jCAhz ChMk0b\"><span class=\"ryNqvb\">Plastov\u00e1 podlo\u017eka<\/span><\/span> <\/span><\/li>\n<li><span class=\"HwtZe\" lang=\"sk\"><span class=\"jCAhz ChMk0b\"><span class=\"ryNqvb\">Spodn\u00e1 matica<\/span><\/span><\/span><\/li>\n<\/ul>\n","protected":false},"featured_media":1145,"comment_status":"open","ping_status":"closed","template":"","meta":[],"product_cat":[68],"product_tag":[],"yoast_head":"<!-- This site is optimized with the Yoast SEO Premium plugin v20.11 (Yoast SEO v21.0) - https:\/\/yoast.com\/wordpress\/plugins\/seo\/ -->\n<title>N\u00e1hrada je\u017eka pre TrackHead - Bike tracker | TrackHead<\/title>\n<meta name=\"robots\" content=\"index, follow, max-snippet:-1, max-image-preview:large, max-video-preview:-1\" \/>\n<link rel=\"canonical\" href=\"https:\/\/trackhead.bike\/sk\/shop\/gps-zariadenia\/nahradne-komponenty\/prislusenstvo\/nahrada-jezka-pre-trackhead\/\" \/>\n<meta property=\"og:locale\" content=\"sk_SK\" \/>\n<meta property=\"og:type\" content=\"article\" \/>\n<meta property=\"og:title\" content=\"N\u00e1hrada je\u017eka pre TrackHead\" \/>\n<meta property=\"og:description\" content=\"N\u00e1hrada je\u017eka pre TrackHead.   N\u00e1hrada je\u017eka pre GPS TrackHead sa pou\u017e\u00edva na nastavenie hlavov\u00e9ho zlo\u017eenia v bicykloch. TrackHead m\u00e1 vlastn\u00fd mont\u00e1\u017eny mechanizmus, preto nie je nevyhnutn\u00e9 pou\u017e\u00edva\u0165 n\u00e1hradu je\u017eka. Viac inform\u00e1ci\u00ed n\u00e1jdete na na\u0161ej str\u00e1nke FAQ a in\u0161tal\u00e1cia.   D\u00d4LE\u017dIT\u00c9! TrackHead n\u00e1hrada je\u017eka je len n\u00e1stroj na nastavenie hlavov\u00e9ho zlo\u017eenia. Po nastaven\u00ed s\u00fapravy hlavy bicykla je potrebn\u00e9 odstr\u00e1ni\u0165 n\u00e1stavec.   NEPOU\u017d\u00cdVAJTE n\u00e1hradu je\u017eka pri jazde na bicykli!   Materi\u00e1l: PTEG, nehrdzavej\u00faca oce\u013e   Obsahuje:    Dlh\u00e1 matica   Skrutka   Plastov\u00e1 podlo\u017eka   Spodn\u00e1 matica\" \/>\n<meta property=\"og:url\" content=\"https:\/\/trackhead.bike\/sk\/shop\/gps-zariadenia\/nahradne-komponenty\/prislusenstvo\/nahrada-jezka-pre-trackhead\/\" \/>\n<meta property=\"og:site_name\" content=\"Bike tracker | TrackHead\" \/>\n<meta property=\"article:publisher\" content=\"https:\/\/www.facebook.com\/jerearth\" \/>\n<meta property=\"article:modified_time\" content=\"2023-08-09T08:52:13+00:00\" \/>\n<meta property=\"og:image\" content=\"https:\/\/trackhead.bike\/wp-content\/uploads\/sites\/2\/2023\/06\/extender1-e1691405120297.jpg\" \/>\n\t<meta property=\"og:image:width\" content=\"540\" \/>\n\t<meta property=\"og:image:height\" content=\"540\" \/>\n\t<meta property=\"og:image:type\" content=\"image\/jpeg\" \/>\n<meta name=\"twitter:card\" content=\"summary_large_image\" \/>\n<meta name=\"twitter:label1\" content=\"Predpokladan\u00fd \u010das \u010d\u00edtania\" \/>\n\t<meta name=\"twitter:data1\" content=\"1 min\u00fata\" \/>\n<script type=\"application\/ld+json\" class=\"yoast-schema-graph\">{\"@context\":\"https:\/\/schema.org\",\"@graph\":[{\"@type\":\"WebPage\",\"@id\":\"https:\/\/trackhead.bike\/sk\/shop\/gps-zariadenia\/nahradne-komponenty\/prislusenstvo\/nahrada-jezka-pre-trackhead\/\",\"url\":\"https:\/\/trackhead.bike\/sk\/shop\/gps-zariadenia\/nahradne-komponenty\/prislusenstvo\/nahrada-jezka-pre-trackhead\/\",\"name\":\"N\u00e1hrada je\u017eka pre TrackHead - Bike tracker | TrackHead\",\"isPartOf\":{\"@id\":\"https:\/\/trackhead.bike\/sk\/#website\"},\"datePublished\":\"2023-08-07T10:42:13+00:00\",\"dateModified\":\"2023-08-09T08:52:13+00:00\",\"breadcrumb\":{\"@id\":\"https:\/\/trackhead.bike\/sk\/shop\/gps-zariadenia\/nahradne-komponenty\/prislusenstvo\/nahrada-jezka-pre-trackhead\/#breadcrumb\"},\"inLanguage\":\"sk-SK\",\"potentialAction\":[{\"@type\":\"ReadAction\",\"target\":[\"https:\/\/trackhead.bike\/sk\/shop\/gps-zariadenia\/nahradne-komponenty\/prislusenstvo\/nahrada-jezka-pre-trackhead\/\"]}]},{\"@type\":\"BreadcrumbList\",\"@id\":\"https:\/\/trackhead.bike\/sk\/shop\/gps-zariadenia\/nahradne-komponenty\/prislusenstvo\/nahrada-jezka-pre-trackhead\/#breadcrumb\",\"itemListElement\":[{\"@type\":\"ListItem\",\"position\":1,\"name\":\"Domov\",\"item\":\"https:\/\/trackhead.bike\/sk\/\"},{\"@type\":\"ListItem\",\"position\":2,\"name\":\"Obchod\",\"item\":\"https:\/\/trackhead.bike\/en\/shop\/\"},{\"@type\":\"ListItem\",\"position\":3,\"name\":\"GPS Zariadenia\",\"item\":\"https:\/\/trackhead.bike\/sk\/produkty\/gps-zariadenia\/\"},{\"@type\":\"ListItem\",\"position\":4,\"name\":\"N\u00e1hradn\u00e9 komponenty\",\"item\":\"https:\/\/trackhead.bike\/sk\/produkty\/gps-zariadenia\/nahradne-komponenty\/\"},{\"@type\":\"ListItem\",\"position\":5,\"name\":\"Pr\u00edslu\u0161enstvo\",\"item\":\"https:\/\/trackhead.bike\/sk\/produkty\/gps-zariadenia\/nahradne-komponenty\/prislusenstvo\/\"},{\"@type\":\"ListItem\",\"position\":6,\"name\":\"N\u00e1hrada je\u017eka pre TrackHead\"}]},{\"@type\":\"WebSite\",\"@id\":\"https:\/\/trackhead.bike\/sk\/#website\",\"url\":\"https:\/\/trackhead.bike\/sk\/\",\"name\":\"Best GPS tracker for Bike | TrackHead\",\"description\":\"Bike tracker, gps insurance for bike, thieve protection\",\"publisher\":{\"@id\":\"https:\/\/trackhead.bike\/sk\/#organization\"},\"alternateName\":\"Track Bike with gps tracker | TrackHead\",\"potentialAction\":[{\"@type\":\"SearchAction\",\"target\":{\"@type\":\"EntryPoint\",\"urlTemplate\":\"https:\/\/trackhead.bike\/sk\/?s={search_term_string}\"},\"query-input\":\"required name=search_term_string\"}],\"inLanguage\":\"sk-SK\"},{\"@type\":\"Organization\",\"@id\":\"https:\/\/trackhead.bike\/sk\/#organization\",\"name\":\"JER\",\"url\":\"https:\/\/trackhead.bike\/sk\/\",\"logo\":{\"@type\":\"ImageObject\",\"inLanguage\":\"sk-SK\",\"@id\":\"https:\/\/trackhead.bike\/sk\/#\/schema\/logo\/image\/\",\"url\":\"https:\/\/trackhead.bike\/wp-content\/uploads\/sites\/2\/2023\/06\/logo-black.svg\",\"contentUrl\":\"https:\/\/trackhead.bike\/wp-content\/uploads\/sites\/2\/2023\/06\/logo-black.svg\",\"width\":180,\"height\":100,\"caption\":\"JER\"},\"image\":{\"@id\":\"https:\/\/trackhead.bike\/sk\/#\/schema\/logo\/image\/\"},\"sameAs\":[\"https:\/\/www.facebook.com\/jerearth\",\"https:\/\/www.linkedin.com\/company\/jerearth\/\",\"https:\/\/www.youtube.com\/@jer-earth\"]}]}<\/script>\n<!-- \/ Yoast SEO Premium plugin. -->","yoast_head_json":{"title":"N\u00e1hrada je\u017eka pre TrackHead - Bike tracker | TrackHead","robots":{"index":"index","follow":"follow","max-snippet":"max-snippet:-1","max-image-preview":"max-image-preview:large","max-video-preview":"max-video-preview:-1"},"canonical":"https:\/\/trackhead.bike\/sk\/shop\/gps-zariadenia\/nahradne-komponenty\/prislusenstvo\/nahrada-jezka-pre-trackhead\/","og_locale":"sk_SK","og_type":"article","og_title":"N\u00e1hrada je\u017eka pre TrackHead","og_description":"N\u00e1hrada je\u017eka pre TrackHead.   N\u00e1hrada je\u017eka pre GPS TrackHead sa pou\u017e\u00edva na nastavenie hlavov\u00e9ho zlo\u017eenia v bicykloch. TrackHead m\u00e1 vlastn\u00fd mont\u00e1\u017eny mechanizmus, preto nie je nevyhnutn\u00e9 pou\u017e\u00edva\u0165 n\u00e1hradu je\u017eka. Viac inform\u00e1ci\u00ed n\u00e1jdete na na\u0161ej str\u00e1nke FAQ a in\u0161tal\u00e1cia.   D\u00d4LE\u017dIT\u00c9! TrackHead n\u00e1hrada je\u017eka je len n\u00e1stroj na nastavenie hlavov\u00e9ho zlo\u017eenia. Po nastaven\u00ed s\u00fapravy hlavy bicykla je potrebn\u00e9 odstr\u00e1ni\u0165 n\u00e1stavec.   NEPOU\u017d\u00cdVAJTE n\u00e1hradu je\u017eka pri jazde na bicykli!   Materi\u00e1l: PTEG, nehrdzavej\u00faca oce\u013e   Obsahuje:    Dlh\u00e1 matica   Skrutka   Plastov\u00e1 podlo\u017eka   Spodn\u00e1 matica","og_url":"https:\/\/trackhead.bike\/sk\/shop\/gps-zariadenia\/nahradne-komponenty\/prislusenstvo\/nahrada-jezka-pre-trackhead\/","og_site_name":"Bike tracker | TrackHead","article_publisher":"https:\/\/www.facebook.com\/jerearth","article_modified_time":"2023-08-09T08:52:13+00:00","og_image":[{"width":540,"height":540,"url":"https:\/\/trackhead.bike\/wp-content\/uploads\/sites\/2\/2023\/06\/extender1-e1691405120297.jpg","type":"image\/jpeg"}],"twitter_card":"summary_large_image","twitter_misc":{"Predpokladan\u00fd \u010das \u010d\u00edtania":"1 min\u00fata"},"schema":{"@context":"https:\/\/schema.org","@graph":[{"@type":"WebPage","@id":"https:\/\/trackhead.bike\/sk\/shop\/gps-zariadenia\/nahradne-komponenty\/prislusenstvo\/nahrada-jezka-pre-trackhead\/","url":"https:\/\/trackhead.bike\/sk\/shop\/gps-zariadenia\/nahradne-komponenty\/prislusenstvo\/nahrada-jezka-pre-trackhead\/","name":"N\u00e1hrada je\u017eka pre TrackHead - Bike tracker | TrackHead","isPartOf":{"@id":"https:\/\/trackhead.bike\/sk\/#website"},"datePublished":"2023-08-07T10:42:13+00:00","dateModified":"2023-08-09T08:52:13+00:00","breadcrumb":{"@id":"https:\/\/trackhead.bike\/sk\/shop\/gps-zariadenia\/nahradne-komponenty\/prislusenstvo\/nahrada-jezka-pre-trackhead\/#breadcrumb"},"inLanguage":"sk-SK","potentialAction":[{"@type":"ReadAction","target":["https:\/\/trackhead.bike\/sk\/shop\/gps-zariadenia\/nahradne-komponenty\/prislusenstvo\/nahrada-jezka-pre-trackhead\/"]}]},{"@type":"BreadcrumbList","@id":"https:\/\/trackhead.bike\/sk\/shop\/gps-zariadenia\/nahradne-komponenty\/prislusenstvo\/nahrada-jezka-pre-trackhead\/#breadcrumb","itemListElement":[{"@type":"ListItem","position":1,"name":"Domov","item":"https:\/\/trackhead.bike\/sk\/"},{"@type":"ListItem","position":2,"name":"Obchod","item":"https:\/\/trackhead.bike\/en\/shop\/"},{"@type":"ListItem","position":3,"name":"GPS Zariadenia","item":"https:\/\/trackhead.bike\/sk\/produkty\/gps-zariadenia\/"},{"@type":"ListItem","position":4,"name":"N\u00e1hradn\u00e9 komponenty","item":"https:\/\/trackhead.bike\/sk\/produkty\/gps-zariadenia\/nahradne-komponenty\/"},{"@type":"ListItem","position":5,"name":"Pr\u00edslu\u0161enstvo","item":"https:\/\/trackhead.bike\/sk\/produkty\/gps-zariadenia\/nahradne-komponenty\/prislusenstvo\/"},{"@type":"ListItem","position":6,"name":"N\u00e1hrada je\u017eka pre TrackHead"}]},{"@type":"WebSite","@id":"https:\/\/trackhead.bike\/sk\/#website","url":"https:\/\/trackhead.bike\/sk\/","name":"Best GPS tracker for Bike | TrackHead","description":"Bike tracker, gps insurance for bike, thieve protection","publisher":{"@id":"https:\/\/trackhead.bike\/sk\/#organization"},"alternateName":"Track Bike with gps tracker | TrackHead","potentialAction":[{"@type":"SearchAction","target":{"@type":"EntryPoint","urlTemplate":"https:\/\/trackhead.bike\/sk\/?s={search_term_string}"},"query-input":"required name=search_term_string"}],"inLanguage":"sk-SK"},{"@type":"Organization","@id":"https:\/\/trackhead.bike\/sk\/#organization","name":"JER","url":"https:\/\/trackhead.bike\/sk\/","logo":{"@type":"ImageObject","inLanguage":"sk-SK","@id":"https:\/\/trackhead.bike\/sk\/#\/schema\/logo\/image\/","url":"https:\/\/trackhead.bike\/wp-content\/uploads\/sites\/2\/2023\/06\/logo-black.svg","contentUrl":"https:\/\/trackhead.bike\/wp-content\/uploads\/sites\/2\/2023\/06\/logo-black.svg","width":180,"height":100,"caption":"JER"},"image":{"@id":"https:\/\/trackhead.bike\/sk\/#\/schema\/logo\/image\/"},"sameAs":["https:\/\/www.facebook.com\/jerearth","https:\/\/www.linkedin.com\/company\/jerearth\/","https:\/\/www.youtube.com\/@jer-earth"]}]}},"_links":{"self":[{"href":"https:\/\/trackhead.bike\/sk\/wp-json\/wp\/v2\/product\/2746"}],"collection":[{"href":"https:\/\/trackhead.bike\/sk\/wp-json\/wp\/v2\/product"}],"about":[{"href":"https:\/\/trackhead.bike\/sk\/wp-json\/wp\/v2\/types\/product"}],"replies":[{"embeddable":true,"href":"https:\/\/trackhead.bike\/sk\/wp-json\/wp\/v2\/comments?post=2746"}],"version-history":[{"count":4,"href":"https:\/\/trackhead.bike\/sk\/wp-json\/wp\/v2\/product\/2746\/revisions"}],"predecessor-version":[{"id":2846,"href":"https:\/\/trackhead.bike\/sk\/wp-json\/wp\/v2\/product\/2746\/revisions\/2846"}],"wp:featuredmedia":[{"embeddable":true,"href":"https:\/\/trackhead.bike\/sk\/wp-json\/wp\/v2\/media\/1145"}],"wp:attachment":[{"href":"https:\/\/trackhead.bike\/sk\/wp-json\/wp\/v2\/media?parent=2746"}],"wp:term":[{"taxonomy":"product_cat","embeddable":true,"href":"https:\/\/trackhead.bike\/sk\/wp-json\/wp\/v2\/product_cat?post=2746"},{"taxonomy":"product_tag","embeddable":true,"href":"https:\/\/trackhead.bike\/sk\/wp-json\/wp\/v2\/product_tag?post=2746"}],"curies":[{"name":"wp","href":"https:\/\/api.w.org\/{rel}","templated":true}]}}