{"id":2762,"date":"2023-08-07T01:54:40","date_gmt":"2023-08-06T23:54:40","guid":{"rendered":"https:\/\/trackhead.bike\/product\/uchytenie-trackhead-pre-karbonove-vidlice\/"},"modified":"2023-08-09T10:51:01","modified_gmt":"2023-08-09T08:51:01","slug":"uchytenie-trackhead-pre-karbonove-vidlice","status":"publish","type":"product","link":"https:\/\/trackhead.bike\/sk\/shop\/gps-zariadenia\/nahradne-komponenty\/prislusenstvo\/uchytenie-trackhead-pre-karbonove-vidlice\/","title":{"rendered":"Uchytenie TrackHead pre karb\u00f3nov\u00e9 vidlice"},"content":{"rendered":"<p><span class=\"HwtZe\" lang=\"sk\"><span class=\"jCAhz ChMk0b\"><span class=\"ryNqvb\">Uchytenie TrackHead pre karb\u00f3nov\u00e9 vidlice.<\/span><\/span><\/span><\/p>\n<p><span class=\"HwtZe\" lang=\"sk\"> <span class=\"jCAhz ChMk0b\"><span class=\"ryNqvb\">Tento syst\u00e9m uchytenia sa pou\u017e\u00edva pre karb\u00f3nov\u00e9 vidlice alebo vidlice, ku ktor\u00fdm nem\u00e1te pr\u00edstup zospodu, bez otvoru na utiahnutie spodnej matice (cestn\u00e9, gravel bicykle).<\/span><\/span> <span class=\"jCAhz ChMk0b\"><span class=\"ryNqvb\">Viac inform\u00e1ci\u00ed n\u00e1jdete na str\u00e1nke Kompatibilita.<\/span><\/span> <\/span><\/p>\n<p><span class=\"HwtZe\" lang=\"sk\"><span class=\"jCAhz ChMk0b\"><span class=\"ryNqvb\">Obsahuje:<\/span><\/span> <\/span><\/p>\n<ul>\n<li><span class=\"HwtZe\" lang=\"sk\"><span class=\"jCAhz ChMk0b\"><span class=\"ryNqvb\">3x \u0161peci\u00e1lne plastov\u00e9 \u010de\u013euste<\/span><\/span> <\/span><\/li>\n<li><span class=\"HwtZe\" lang=\"sk\"><span class=\"jCAhz ChMk0b\"><span class=\"ryNqvb\">Spodn\u00fd plastov\u00fd adapt\u00e9r<\/span><\/span> <\/span><\/li>\n<li><span class=\"HwtZe\" lang=\"sk\"><span class=\"jCAhz ChMk0b\"><span class=\"ryNqvb\">Samou\u0165ahovacia matica<\/span><\/span><\/span><\/li>\n<\/ul>\n","protected":false},"excerpt":{"rendered":"<p><span class=\"HwtZe\" lang=\"sk\"><span class=\"jCAhz ChMk0b\"><span class=\"ryNqvb\">Uchytenie TrackHead pre karb\u00f3nov\u00e9 vidlice.<\/span><\/span><\/span><\/p>\n<p><span class=\"HwtZe\" lang=\"sk\"> <span class=\"jCAhz ChMk0b\"><span class=\"ryNqvb\">Tento syst\u00e9m uchytenia sa pou\u017e\u00edva pre karb\u00f3nov\u00e9 vidlice alebo vidlice, ku ktor\u00fdm nem\u00e1te pr\u00edstup zospodu, bez otvoru na utiahnutie spodnej matice (cestn\u00e9, gravel bicykle).<\/span><\/span> <span class=\"jCAhz ChMk0b\"><span class=\"ryNqvb\">Viac inform\u00e1ci\u00ed n\u00e1jdete na str\u00e1nke Kompatibilita.<\/span><\/span> <\/span><\/p>\n<p><span class=\"HwtZe\" lang=\"sk\"><span class=\"jCAhz ChMk0b\"><span class=\"ryNqvb\">Obsahuje:<\/span><\/span> <\/span><\/p>\n<ul>\n<li><span class=\"HwtZe\" lang=\"sk\"><span class=\"jCAhz ChMk0b\"><span class=\"ryNqvb\">3x \u0161peci\u00e1lne plastov\u00e9 \u010de\u013euste<\/span><\/span> <\/span><\/li>\n<li><span class=\"HwtZe\" lang=\"sk\"><span class=\"jCAhz ChMk0b\"><span class=\"ryNqvb\">Spodn\u00fd plastov\u00fd adapt\u00e9r<\/span><\/span> <\/span><\/li>\n<li><span class=\"HwtZe\" lang=\"sk\"><span class=\"jCAhz ChMk0b\"><span class=\"ryNqvb\">Samou\u0165ahovacia matica<\/span><\/span><\/span><\/li>\n<\/ul>\n","protected":false},"featured_media":2829,"comment_status":"open","ping_status":"closed","template":"","meta":[],"product_cat":[68],"product_tag":[],"yoast_head":"<!-- This site is optimized with the Yoast SEO Premium plugin v20.11 (Yoast SEO v21.0) - https:\/\/yoast.com\/wordpress\/plugins\/seo\/ -->\n<title>Uchytenie TrackHead pre karb\u00f3nov\u00e9 vidlice - Bike tracker | TrackHead<\/title>\n<meta name=\"robots\" content=\"index, follow, max-snippet:-1, max-image-preview:large, max-video-preview:-1\" \/>\n<link rel=\"canonical\" href=\"https:\/\/trackhead.bike\/sk\/shop\/gps-zariadenia\/nahradne-komponenty\/prislusenstvo\/uchytenie-trackhead-pre-karbonove-vidlice\/\" \/>\n<meta property=\"og:locale\" content=\"sk_SK\" \/>\n<meta property=\"og:type\" content=\"article\" \/>\n<meta property=\"og:title\" content=\"Uchytenie TrackHead pre karb\u00f3nov\u00e9 vidlice\" \/>\n<meta property=\"og:description\" content=\"Uchytenie TrackHead pre karb\u00f3nov\u00e9 vidlice.   Tento syst\u00e9m uchytenia sa pou\u017e\u00edva pre karb\u00f3nov\u00e9 vidlice alebo vidlice, ku ktor\u00fdm nem\u00e1te pr\u00edstup zospodu, bez otvoru na utiahnutie spodnej matice (cestn\u00e9, gravel bicykle). Viac inform\u00e1ci\u00ed n\u00e1jdete na str\u00e1nke Kompatibilita.   Obsahuje:    3x \u0161peci\u00e1lne plastov\u00e9 \u010de\u013euste   Spodn\u00fd plastov\u00fd adapt\u00e9r   Samou\u0165ahovacia matica\" \/>\n<meta property=\"og:url\" content=\"https:\/\/trackhead.bike\/sk\/shop\/gps-zariadenia\/nahradne-komponenty\/prislusenstvo\/uchytenie-trackhead-pre-karbonove-vidlice\/\" \/>\n<meta property=\"og:site_name\" content=\"Bike tracker | TrackHead\" \/>\n<meta property=\"article:publisher\" content=\"https:\/\/www.facebook.com\/jerearth\" \/>\n<meta property=\"article:modified_time\" content=\"2023-08-09T08:51:01+00:00\" \/>\n<meta property=\"og:image\" content=\"https:\/\/trackhead.bike\/wp-content\/uploads\/sites\/2\/2023\/08\/carbon-fit.jpg\" \/>\n\t<meta property=\"og:image:width\" content=\"960\" \/>\n\t<meta property=\"og:image:height\" content=\"960\" \/>\n\t<meta property=\"og:image:type\" content=\"image\/jpeg\" \/>\n<meta name=\"twitter:card\" content=\"summary_large_image\" \/>\n<meta name=\"twitter:label1\" content=\"Predpokladan\u00fd \u010das \u010d\u00edtania\" \/>\n\t<meta name=\"twitter:data1\" content=\"1 min\u00fata\" \/>\n<script type=\"application\/ld+json\" class=\"yoast-schema-graph\">{\"@context\":\"https:\/\/schema.org\",\"@graph\":[{\"@type\":\"WebPage\",\"@id\":\"https:\/\/trackhead.bike\/sk\/shop\/gps-zariadenia\/nahradne-komponenty\/prislusenstvo\/uchytenie-trackhead-pre-karbonove-vidlice\/\",\"url\":\"https:\/\/trackhead.bike\/sk\/shop\/gps-zariadenia\/nahradne-komponenty\/prislusenstvo\/uchytenie-trackhead-pre-karbonove-vidlice\/\",\"name\":\"Uchytenie TrackHead pre karb\u00f3nov\u00e9 vidlice - Bike tracker | TrackHead\",\"isPartOf\":{\"@id\":\"https:\/\/trackhead.bike\/sk\/#website\"},\"datePublished\":\"2023-08-06T23:54:40+00:00\",\"dateModified\":\"2023-08-09T08:51:01+00:00\",\"breadcrumb\":{\"@id\":\"https:\/\/trackhead.bike\/sk\/shop\/gps-zariadenia\/nahradne-komponenty\/prislusenstvo\/uchytenie-trackhead-pre-karbonove-vidlice\/#breadcrumb\"},\"inLanguage\":\"sk-SK\",\"potentialAction\":[{\"@type\":\"ReadAction\",\"target\":[\"https:\/\/trackhead.bike\/sk\/shop\/gps-zariadenia\/nahradne-komponenty\/prislusenstvo\/uchytenie-trackhead-pre-karbonove-vidlice\/\"]}]},{\"@type\":\"BreadcrumbList\",\"@id\":\"https:\/\/trackhead.bike\/sk\/shop\/gps-zariadenia\/nahradne-komponenty\/prislusenstvo\/uchytenie-trackhead-pre-karbonove-vidlice\/#breadcrumb\",\"itemListElement\":[{\"@type\":\"ListItem\",\"position\":1,\"name\":\"Domov\",\"item\":\"https:\/\/trackhead.bike\/sk\/\"},{\"@type\":\"ListItem\",\"position\":2,\"name\":\"Obchod\",\"item\":\"https:\/\/trackhead.bike\/en\/shop\/\"},{\"@type\":\"ListItem\",\"position\":3,\"name\":\"GPS Zariadenia\",\"item\":\"https:\/\/trackhead.bike\/sk\/produkty\/gps-zariadenia\/\"},{\"@type\":\"ListItem\",\"position\":4,\"name\":\"N\u00e1hradn\u00e9 komponenty\",\"item\":\"https:\/\/trackhead.bike\/sk\/produkty\/gps-zariadenia\/nahradne-komponenty\/\"},{\"@type\":\"ListItem\",\"position\":5,\"name\":\"Pr\u00edslu\u0161enstvo\",\"item\":\"https:\/\/trackhead.bike\/sk\/produkty\/gps-zariadenia\/nahradne-komponenty\/prislusenstvo\/\"},{\"@type\":\"ListItem\",\"position\":6,\"name\":\"Uchytenie TrackHead pre karb\u00f3nov\u00e9 vidlice\"}]},{\"@type\":\"WebSite\",\"@id\":\"https:\/\/trackhead.bike\/sk\/#website\",\"url\":\"https:\/\/trackhead.bike\/sk\/\",\"name\":\"Best GPS tracker for Bike | TrackHead\",\"description\":\"Bike tracker, gps insurance for bike, thieve protection\",\"publisher\":{\"@id\":\"https:\/\/trackhead.bike\/sk\/#organization\"},\"alternateName\":\"Track Bike with gps tracker | TrackHead\",\"potentialAction\":[{\"@type\":\"SearchAction\",\"target\":{\"@type\":\"EntryPoint\",\"urlTemplate\":\"https:\/\/trackhead.bike\/sk\/?s={search_term_string}\"},\"query-input\":\"required name=search_term_string\"}],\"inLanguage\":\"sk-SK\"},{\"@type\":\"Organization\",\"@id\":\"https:\/\/trackhead.bike\/sk\/#organization\",\"name\":\"JER\",\"url\":\"https:\/\/trackhead.bike\/sk\/\",\"logo\":{\"@type\":\"ImageObject\",\"inLanguage\":\"sk-SK\",\"@id\":\"https:\/\/trackhead.bike\/sk\/#\/schema\/logo\/image\/\",\"url\":\"https:\/\/trackhead.bike\/wp-content\/uploads\/sites\/2\/2023\/06\/logo-black.svg\",\"contentUrl\":\"https:\/\/trackhead.bike\/wp-content\/uploads\/sites\/2\/2023\/06\/logo-black.svg\",\"width\":180,\"height\":100,\"caption\":\"JER\"},\"image\":{\"@id\":\"https:\/\/trackhead.bike\/sk\/#\/schema\/logo\/image\/\"},\"sameAs\":[\"https:\/\/www.facebook.com\/jerearth\",\"https:\/\/www.linkedin.com\/company\/jerearth\/\",\"https:\/\/www.youtube.com\/@jer-earth\"]}]}<\/script>\n<!-- \/ Yoast SEO Premium plugin. -->","yoast_head_json":{"title":"Uchytenie TrackHead pre karb\u00f3nov\u00e9 vidlice - Bike tracker | TrackHead","robots":{"index":"index","follow":"follow","max-snippet":"max-snippet:-1","max-image-preview":"max-image-preview:large","max-video-preview":"max-video-preview:-1"},"canonical":"https:\/\/trackhead.bike\/sk\/shop\/gps-zariadenia\/nahradne-komponenty\/prislusenstvo\/uchytenie-trackhead-pre-karbonove-vidlice\/","og_locale":"sk_SK","og_type":"article","og_title":"Uchytenie TrackHead pre karb\u00f3nov\u00e9 vidlice","og_description":"Uchytenie TrackHead pre karb\u00f3nov\u00e9 vidlice.   Tento syst\u00e9m uchytenia sa pou\u017e\u00edva pre karb\u00f3nov\u00e9 vidlice alebo vidlice, ku ktor\u00fdm nem\u00e1te pr\u00edstup zospodu, bez otvoru na utiahnutie spodnej matice (cestn\u00e9, gravel bicykle). Viac inform\u00e1ci\u00ed n\u00e1jdete na str\u00e1nke Kompatibilita.   Obsahuje:    3x \u0161peci\u00e1lne plastov\u00e9 \u010de\u013euste   Spodn\u00fd plastov\u00fd adapt\u00e9r   Samou\u0165ahovacia matica","og_url":"https:\/\/trackhead.bike\/sk\/shop\/gps-zariadenia\/nahradne-komponenty\/prislusenstvo\/uchytenie-trackhead-pre-karbonove-vidlice\/","og_site_name":"Bike tracker | TrackHead","article_publisher":"https:\/\/www.facebook.com\/jerearth","article_modified_time":"2023-08-09T08:51:01+00:00","og_image":[{"width":960,"height":960,"url":"https:\/\/trackhead.bike\/wp-content\/uploads\/sites\/2\/2023\/08\/carbon-fit.jpg","type":"image\/jpeg"}],"twitter_card":"summary_large_image","twitter_misc":{"Predpokladan\u00fd \u010das \u010d\u00edtania":"1 min\u00fata"},"schema":{"@context":"https:\/\/schema.org","@graph":[{"@type":"WebPage","@id":"https:\/\/trackhead.bike\/sk\/shop\/gps-zariadenia\/nahradne-komponenty\/prislusenstvo\/uchytenie-trackhead-pre-karbonove-vidlice\/","url":"https:\/\/trackhead.bike\/sk\/shop\/gps-zariadenia\/nahradne-komponenty\/prislusenstvo\/uchytenie-trackhead-pre-karbonove-vidlice\/","name":"Uchytenie TrackHead pre karb\u00f3nov\u00e9 vidlice - Bike tracker | TrackHead","isPartOf":{"@id":"https:\/\/trackhead.bike\/sk\/#website"},"datePublished":"2023-08-06T23:54:40+00:00","dateModified":"2023-08-09T08:51:01+00:00","breadcrumb":{"@id":"https:\/\/trackhead.bike\/sk\/shop\/gps-zariadenia\/nahradne-komponenty\/prislusenstvo\/uchytenie-trackhead-pre-karbonove-vidlice\/#breadcrumb"},"inLanguage":"sk-SK","potentialAction":[{"@type":"ReadAction","target":["https:\/\/trackhead.bike\/sk\/shop\/gps-zariadenia\/nahradne-komponenty\/prislusenstvo\/uchytenie-trackhead-pre-karbonove-vidlice\/"]}]},{"@type":"BreadcrumbList","@id":"https:\/\/trackhead.bike\/sk\/shop\/gps-zariadenia\/nahradne-komponenty\/prislusenstvo\/uchytenie-trackhead-pre-karbonove-vidlice\/#breadcrumb","itemListElement":[{"@type":"ListItem","position":1,"name":"Domov","item":"https:\/\/trackhead.bike\/sk\/"},{"@type":"ListItem","position":2,"name":"Obchod","item":"https:\/\/trackhead.bike\/en\/shop\/"},{"@type":"ListItem","position":3,"name":"GPS Zariadenia","item":"https:\/\/trackhead.bike\/sk\/produkty\/gps-zariadenia\/"},{"@type":"ListItem","position":4,"name":"N\u00e1hradn\u00e9 komponenty","item":"https:\/\/trackhead.bike\/sk\/produkty\/gps-zariadenia\/nahradne-komponenty\/"},{"@type":"ListItem","position":5,"name":"Pr\u00edslu\u0161enstvo","item":"https:\/\/trackhead.bike\/sk\/produkty\/gps-zariadenia\/nahradne-komponenty\/prislusenstvo\/"},{"@type":"ListItem","position":6,"name":"Uchytenie TrackHead pre karb\u00f3nov\u00e9 vidlice"}]},{"@type":"WebSite","@id":"https:\/\/trackhead.bike\/sk\/#website","url":"https:\/\/trackhead.bike\/sk\/","name":"Best GPS tracker for Bike | TrackHead","description":"Bike tracker, gps insurance for bike, thieve protection","publisher":{"@id":"https:\/\/trackhead.bike\/sk\/#organization"},"alternateName":"Track Bike with gps tracker | TrackHead","potentialAction":[{"@type":"SearchAction","target":{"@type":"EntryPoint","urlTemplate":"https:\/\/trackhead.bike\/sk\/?s={search_term_string}"},"query-input":"required name=search_term_string"}],"inLanguage":"sk-SK"},{"@type":"Organization","@id":"https:\/\/trackhead.bike\/sk\/#organization","name":"JER","url":"https:\/\/trackhead.bike\/sk\/","logo":{"@type":"ImageObject","inLanguage":"sk-SK","@id":"https:\/\/trackhead.bike\/sk\/#\/schema\/logo\/image\/","url":"https:\/\/trackhead.bike\/wp-content\/uploads\/sites\/2\/2023\/06\/logo-black.svg","contentUrl":"https:\/\/trackhead.bike\/wp-content\/uploads\/sites\/2\/2023\/06\/logo-black.svg","width":180,"height":100,"caption":"JER"},"image":{"@id":"https:\/\/trackhead.bike\/sk\/#\/schema\/logo\/image\/"},"sameAs":["https:\/\/www.facebook.com\/jerearth","https:\/\/www.linkedin.com\/company\/jerearth\/","https:\/\/www.youtube.com\/@jer-earth"]}]}},"_links":{"self":[{"href":"https:\/\/trackhead.bike\/sk\/wp-json\/wp\/v2\/product\/2762"}],"collection":[{"href":"https:\/\/trackhead.bike\/sk\/wp-json\/wp\/v2\/product"}],"about":[{"href":"https:\/\/trackhead.bike\/sk\/wp-json\/wp\/v2\/types\/product"}],"replies":[{"embeddable":true,"href":"https:\/\/trackhead.bike\/sk\/wp-json\/wp\/v2\/comments?post=2762"}],"version-history":[{"count":2,"href":"https:\/\/trackhead.bike\/sk\/wp-json\/wp\/v2\/product\/2762\/revisions"}],"predecessor-version":[{"id":2765,"href":"https:\/\/trackhead.bike\/sk\/wp-json\/wp\/v2\/product\/2762\/revisions\/2765"}],"wp:featuredmedia":[{"embeddable":true,"href":"https:\/\/trackhead.bike\/sk\/wp-json\/wp\/v2\/media\/2829"}],"wp:attachment":[{"href":"https:\/\/trackhead.bike\/sk\/wp-json\/wp\/v2\/media?parent=2762"}],"wp:term":[{"taxonomy":"product_cat","embeddable":true,"href":"https:\/\/trackhead.bike\/sk\/wp-json\/wp\/v2\/product_cat?post=2762"},{"taxonomy":"product_tag","embeddable":true,"href":"https:\/\/trackhead.bike\/sk\/wp-json\/wp\/v2\/product_tag?post=2762"}],"curies":[{"name":"wp","href":"https:\/\/api.w.org\/{rel}","templated":true}]}}