{"id":2836,"date":"2023-08-09T10:11:36","date_gmt":"2023-08-09T08:11:36","guid":{"rendered":"https:\/\/trackhead.bike\/?post_type=product&#038;p=2836"},"modified":"2023-08-09T10:56:16","modified_gmt":"2023-08-09T08:56:16","slug":"poistka-pre-sim-kartu","status":"publish","type":"product","link":"https:\/\/trackhead.bike\/sk\/shop\/gps-zariadenia\/nahradne-komponenty\/prislusenstvo\/poistka-pre-sim-kartu\/","title":{"rendered":"Poistka pre sim kartu"},"content":{"rendered":"<p>Plastov\u00fd diel &#8211; poistka pre sim kartu, nach\u00e1dza sa na z\u00e1kladnom plo\u0161nom spoji.<\/p>\n","protected":false},"excerpt":{"rendered":"<p>Plastov\u00fd diel &#8211; poistka pre sim kartu, nach\u00e1dza sa na z\u00e1kladnom plo\u0161nom spoji.<\/p>\n","protected":false},"featured_media":2651,"comment_status":"open","ping_status":"closed","template":"","meta":[],"product_cat":[68],"product_tag":[],"yoast_head":"<!-- This site is optimized with the Yoast SEO Premium plugin v20.11 (Yoast SEO v21.0) - https:\/\/yoast.com\/wordpress\/plugins\/seo\/ -->\n<title>Poistka pre sim kartu - Bike tracker | TrackHead<\/title>\n<meta name=\"robots\" content=\"index, follow, max-snippet:-1, max-image-preview:large, max-video-preview:-1\" \/>\n<link rel=\"canonical\" href=\"https:\/\/trackhead.bike\/sk\/shop\/gps-zariadenia\/nahradne-komponenty\/prislusenstvo\/poistka-pre-sim-kartu\/\" \/>\n<meta property=\"og:locale\" content=\"sk_SK\" \/>\n<meta property=\"og:type\" content=\"article\" \/>\n<meta property=\"og:title\" content=\"Poistka pre sim kartu\" \/>\n<meta property=\"og:description\" content=\"Plastov\u00fd diel - poistka pre sim kartu, nach\u00e1dza sa na z\u00e1kladnom plo\u0161nom spoji.\" \/>\n<meta property=\"og:url\" content=\"https:\/\/trackhead.bike\/sk\/shop\/gps-zariadenia\/nahradne-komponenty\/prislusenstvo\/poistka-pre-sim-kartu\/\" \/>\n<meta property=\"og:site_name\" content=\"Bike tracker | TrackHead\" \/>\n<meta property=\"article:publisher\" content=\"https:\/\/www.facebook.com\/jerearth\" \/>\n<meta property=\"article:modified_time\" content=\"2023-08-09T08:56:16+00:00\" \/>\n<meta property=\"og:image\" content=\"https:\/\/trackhead.bike\/wp-content\/uploads\/sites\/2\/2023\/08\/gps-trackhead-sim-fuse.jpg\" \/>\n\t<meta property=\"og:image:width\" content=\"897\" \/>\n\t<meta property=\"og:image:height\" content=\"897\" \/>\n\t<meta property=\"og:image:type\" content=\"image\/jpeg\" \/>\n<meta name=\"twitter:card\" content=\"summary_large_image\" \/>\n<meta name=\"twitter:label1\" content=\"Predpokladan\u00fd \u010das \u010d\u00edtania\" \/>\n\t<meta name=\"twitter:data1\" content=\"1 min\u00fata\" \/>\n<script type=\"application\/ld+json\" class=\"yoast-schema-graph\">{\"@context\":\"https:\/\/schema.org\",\"@graph\":[{\"@type\":\"WebPage\",\"@id\":\"https:\/\/trackhead.bike\/sk\/shop\/gps-zariadenia\/nahradne-komponenty\/prislusenstvo\/poistka-pre-sim-kartu\/\",\"url\":\"https:\/\/trackhead.bike\/sk\/shop\/gps-zariadenia\/nahradne-komponenty\/prislusenstvo\/poistka-pre-sim-kartu\/\",\"name\":\"Poistka pre sim kartu - Bike tracker | TrackHead\",\"isPartOf\":{\"@id\":\"https:\/\/trackhead.bike\/sk\/#website\"},\"datePublished\":\"2023-08-09T08:11:36+00:00\",\"dateModified\":\"2023-08-09T08:56:16+00:00\",\"breadcrumb\":{\"@id\":\"https:\/\/trackhead.bike\/sk\/shop\/gps-zariadenia\/nahradne-komponenty\/prislusenstvo\/poistka-pre-sim-kartu\/#breadcrumb\"},\"inLanguage\":\"sk-SK\",\"potentialAction\":[{\"@type\":\"ReadAction\",\"target\":[\"https:\/\/trackhead.bike\/sk\/shop\/gps-zariadenia\/nahradne-komponenty\/prislusenstvo\/poistka-pre-sim-kartu\/\"]}]},{\"@type\":\"BreadcrumbList\",\"@id\":\"https:\/\/trackhead.bike\/sk\/shop\/gps-zariadenia\/nahradne-komponenty\/prislusenstvo\/poistka-pre-sim-kartu\/#breadcrumb\",\"itemListElement\":[{\"@type\":\"ListItem\",\"position\":1,\"name\":\"Domov\",\"item\":\"https:\/\/trackhead.bike\/sk\/\"},{\"@type\":\"ListItem\",\"position\":2,\"name\":\"Obchod\",\"item\":\"https:\/\/trackhead.bike\/en\/shop\/\"},{\"@type\":\"ListItem\",\"position\":3,\"name\":\"GPS Zariadenia\",\"item\":\"https:\/\/trackhead.bike\/sk\/produkty\/gps-zariadenia\/\"},{\"@type\":\"ListItem\",\"position\":4,\"name\":\"N\u00e1hradn\u00e9 komponenty\",\"item\":\"https:\/\/trackhead.bike\/sk\/produkty\/gps-zariadenia\/nahradne-komponenty\/\"},{\"@type\":\"ListItem\",\"position\":5,\"name\":\"Pr\u00edslu\u0161enstvo\",\"item\":\"https:\/\/trackhead.bike\/sk\/produkty\/gps-zariadenia\/nahradne-komponenty\/prislusenstvo\/\"},{\"@type\":\"ListItem\",\"position\":6,\"name\":\"Poistka pre sim kartu\"}]},{\"@type\":\"WebSite\",\"@id\":\"https:\/\/trackhead.bike\/sk\/#website\",\"url\":\"https:\/\/trackhead.bike\/sk\/\",\"name\":\"Best GPS tracker for Bike | TrackHead\",\"description\":\"Bike tracker, gps insurance for bike, thieve protection\",\"publisher\":{\"@id\":\"https:\/\/trackhead.bike\/sk\/#organization\"},\"alternateName\":\"Track Bike with gps tracker | TrackHead\",\"potentialAction\":[{\"@type\":\"SearchAction\",\"target\":{\"@type\":\"EntryPoint\",\"urlTemplate\":\"https:\/\/trackhead.bike\/sk\/?s={search_term_string}\"},\"query-input\":\"required name=search_term_string\"}],\"inLanguage\":\"sk-SK\"},{\"@type\":\"Organization\",\"@id\":\"https:\/\/trackhead.bike\/sk\/#organization\",\"name\":\"JER\",\"url\":\"https:\/\/trackhead.bike\/sk\/\",\"logo\":{\"@type\":\"ImageObject\",\"inLanguage\":\"sk-SK\",\"@id\":\"https:\/\/trackhead.bike\/sk\/#\/schema\/logo\/image\/\",\"url\":\"https:\/\/trackhead.bike\/wp-content\/uploads\/sites\/2\/2023\/06\/logo-black.svg\",\"contentUrl\":\"https:\/\/trackhead.bike\/wp-content\/uploads\/sites\/2\/2023\/06\/logo-black.svg\",\"width\":180,\"height\":100,\"caption\":\"JER\"},\"image\":{\"@id\":\"https:\/\/trackhead.bike\/sk\/#\/schema\/logo\/image\/\"},\"sameAs\":[\"https:\/\/www.facebook.com\/jerearth\",\"https:\/\/www.linkedin.com\/company\/jerearth\/\",\"https:\/\/www.youtube.com\/@jer-earth\"]}]}<\/script>\n<!-- \/ Yoast SEO Premium plugin. -->","yoast_head_json":{"title":"Poistka pre sim kartu - Bike tracker | TrackHead","robots":{"index":"index","follow":"follow","max-snippet":"max-snippet:-1","max-image-preview":"max-image-preview:large","max-video-preview":"max-video-preview:-1"},"canonical":"https:\/\/trackhead.bike\/sk\/shop\/gps-zariadenia\/nahradne-komponenty\/prislusenstvo\/poistka-pre-sim-kartu\/","og_locale":"sk_SK","og_type":"article","og_title":"Poistka pre sim kartu","og_description":"Plastov\u00fd diel - poistka pre sim kartu, nach\u00e1dza sa na z\u00e1kladnom plo\u0161nom spoji.","og_url":"https:\/\/trackhead.bike\/sk\/shop\/gps-zariadenia\/nahradne-komponenty\/prislusenstvo\/poistka-pre-sim-kartu\/","og_site_name":"Bike tracker | TrackHead","article_publisher":"https:\/\/www.facebook.com\/jerearth","article_modified_time":"2023-08-09T08:56:16+00:00","og_image":[{"width":897,"height":897,"url":"https:\/\/trackhead.bike\/wp-content\/uploads\/sites\/2\/2023\/08\/gps-trackhead-sim-fuse.jpg","type":"image\/jpeg"}],"twitter_card":"summary_large_image","twitter_misc":{"Predpokladan\u00fd \u010das \u010d\u00edtania":"1 min\u00fata"},"schema":{"@context":"https:\/\/schema.org","@graph":[{"@type":"WebPage","@id":"https:\/\/trackhead.bike\/sk\/shop\/gps-zariadenia\/nahradne-komponenty\/prislusenstvo\/poistka-pre-sim-kartu\/","url":"https:\/\/trackhead.bike\/sk\/shop\/gps-zariadenia\/nahradne-komponenty\/prislusenstvo\/poistka-pre-sim-kartu\/","name":"Poistka pre sim kartu - Bike tracker | TrackHead","isPartOf":{"@id":"https:\/\/trackhead.bike\/sk\/#website"},"datePublished":"2023-08-09T08:11:36+00:00","dateModified":"2023-08-09T08:56:16+00:00","breadcrumb":{"@id":"https:\/\/trackhead.bike\/sk\/shop\/gps-zariadenia\/nahradne-komponenty\/prislusenstvo\/poistka-pre-sim-kartu\/#breadcrumb"},"inLanguage":"sk-SK","potentialAction":[{"@type":"ReadAction","target":["https:\/\/trackhead.bike\/sk\/shop\/gps-zariadenia\/nahradne-komponenty\/prislusenstvo\/poistka-pre-sim-kartu\/"]}]},{"@type":"BreadcrumbList","@id":"https:\/\/trackhead.bike\/sk\/shop\/gps-zariadenia\/nahradne-komponenty\/prislusenstvo\/poistka-pre-sim-kartu\/#breadcrumb","itemListElement":[{"@type":"ListItem","position":1,"name":"Domov","item":"https:\/\/trackhead.bike\/sk\/"},{"@type":"ListItem","position":2,"name":"Obchod","item":"https:\/\/trackhead.bike\/en\/shop\/"},{"@type":"ListItem","position":3,"name":"GPS Zariadenia","item":"https:\/\/trackhead.bike\/sk\/produkty\/gps-zariadenia\/"},{"@type":"ListItem","position":4,"name":"N\u00e1hradn\u00e9 komponenty","item":"https:\/\/trackhead.bike\/sk\/produkty\/gps-zariadenia\/nahradne-komponenty\/"},{"@type":"ListItem","position":5,"name":"Pr\u00edslu\u0161enstvo","item":"https:\/\/trackhead.bike\/sk\/produkty\/gps-zariadenia\/nahradne-komponenty\/prislusenstvo\/"},{"@type":"ListItem","position":6,"name":"Poistka pre sim kartu"}]},{"@type":"WebSite","@id":"https:\/\/trackhead.bike\/sk\/#website","url":"https:\/\/trackhead.bike\/sk\/","name":"Best GPS tracker for Bike | TrackHead","description":"Bike tracker, gps insurance for bike, thieve protection","publisher":{"@id":"https:\/\/trackhead.bike\/sk\/#organization"},"alternateName":"Track Bike with gps tracker | TrackHead","potentialAction":[{"@type":"SearchAction","target":{"@type":"EntryPoint","urlTemplate":"https:\/\/trackhead.bike\/sk\/?s={search_term_string}"},"query-input":"required name=search_term_string"}],"inLanguage":"sk-SK"},{"@type":"Organization","@id":"https:\/\/trackhead.bike\/sk\/#organization","name":"JER","url":"https:\/\/trackhead.bike\/sk\/","logo":{"@type":"ImageObject","inLanguage":"sk-SK","@id":"https:\/\/trackhead.bike\/sk\/#\/schema\/logo\/image\/","url":"https:\/\/trackhead.bike\/wp-content\/uploads\/sites\/2\/2023\/06\/logo-black.svg","contentUrl":"https:\/\/trackhead.bike\/wp-content\/uploads\/sites\/2\/2023\/06\/logo-black.svg","width":180,"height":100,"caption":"JER"},"image":{"@id":"https:\/\/trackhead.bike\/sk\/#\/schema\/logo\/image\/"},"sameAs":["https:\/\/www.facebook.com\/jerearth","https:\/\/www.linkedin.com\/company\/jerearth\/","https:\/\/www.youtube.com\/@jer-earth"]}]}},"_links":{"self":[{"href":"https:\/\/trackhead.bike\/sk\/wp-json\/wp\/v2\/product\/2836"}],"collection":[{"href":"https:\/\/trackhead.bike\/sk\/wp-json\/wp\/v2\/product"}],"about":[{"href":"https:\/\/trackhead.bike\/sk\/wp-json\/wp\/v2\/types\/product"}],"replies":[{"embeddable":true,"href":"https:\/\/trackhead.bike\/sk\/wp-json\/wp\/v2\/comments?post=2836"}],"version-history":[{"count":2,"href":"https:\/\/trackhead.bike\/sk\/wp-json\/wp\/v2\/product\/2836\/revisions"}],"predecessor-version":[{"id":2849,"href":"https:\/\/trackhead.bike\/sk\/wp-json\/wp\/v2\/product\/2836\/revisions\/2849"}],"wp:featuredmedia":[{"embeddable":true,"href":"https:\/\/trackhead.bike\/sk\/wp-json\/wp\/v2\/media\/2651"}],"wp:attachment":[{"href":"https:\/\/trackhead.bike\/sk\/wp-json\/wp\/v2\/media?parent=2836"}],"wp:term":[{"taxonomy":"product_cat","embeddable":true,"href":"https:\/\/trackhead.bike\/sk\/wp-json\/wp\/v2\/product_cat?post=2836"},{"taxonomy":"product_tag","embeddable":true,"href":"https:\/\/trackhead.bike\/sk\/wp-json\/wp\/v2\/product_tag?post=2836"}],"curies":[{"name":"wp","href":"https:\/\/api.w.org\/{rel}","templated":true}]}}